{"id":9128,"date":"2025-01-24T12:38:33","date_gmt":"2025-01-24T12:38:33","guid":{"rendered":"https:\/\/thesoulhotel.com\/website-terms-of-use-and-privacy-policy\/"},"modified":"2025-02-07T15:05:21","modified_gmt":"2025-02-07T15:05:21","slug":"website-kullanim-kosullari-ve-gizlilik-politikasi","status":"publish","type":"page","link":"https:\/\/thesoulhotel.com\/tr\/website-kullanim-kosullari-ve-gizlilik-politikasi\/","title":{"rendered":"Website Kullan\u0131m Ko\u015fullar\u0131 Ve Gizlilik Politikas\u0131"},"content":{"rendered":"\t\t<div data-elementor-type=\"wp-page\" data-elementor-id=\"9128\" class=\"elementor elementor-9128 elementor-8180\" data-elementor-post-type=\"page\">\n\t\t\t\t<div class=\"elementor-element elementor-element-74ffd33 e-flex e-con-boxed e-con e-parent\" data-id=\"74ffd33\" data-element_type=\"container\">\n\t\t\t\t\t<div class=\"e-con-inner\">\n\t\t\t\t<div class=\"elementor-element elementor-element-ffb2539 elementor-widget elementor-widget-text-editor\" data-id=\"ffb2539\" data-element_type=\"widget\" data-widget_type=\"text-editor.default\">\n\t\t\t\t<div class=\"elementor-widget-container\">\n\t\t\t\t\t\t\t\t\t<div class=\"grid_12 text-cloumn\"><div class=\"quote-text\"><div class=\"item\"><p>\u0130\u015fbu web sitesi kullan\u0131m ko\u015fullar\u0131 ve Gizlilik Politikas\u0131,\u00a0<a href=\"https:\/\/thesoulhotel.com\/\">www.thesoulhotel.com<\/a>\u00a0sitesi ( Bundan b\u00f6yle \u201cWeb sitesi\u201dolarak an\u0131lacakt\u0131r) ile ilgili hizmetleri sunarken, Web Sitesinin kullan\u0131m ko\u015fullar\u0131na ili\u015fkin politikam\u0131z\u0131 i\u00e7ermektedir<\/p><p>\u00a0<\/p><p>Web Sitesi Kullan\u0131c\u0131 veya Kullan\u0131c\u0131lar\u0131, Web Sitesi \u00fczerinde bir ba\u015fka Web Sitesine veya i\u00e7eri\u011fe eri\u015fim imkan\u0131 tan\u0131yan Link\u2019ler bulunabilece\u011fini, bunlar\u0131n kontrol\u00fcn\u00fcn veya do\u011frulu\u011funun veya yeterlili\u011finin YA\u015eMAK TUR\u0130ZM VE T\u0130C. A.\u015e. ile ilgisi olmad\u0131\u011f\u0131n\u0131 ve YA\u015eMAK TUR\u0130ZM VE T\u0130C. A.\u015e\u2019nin bu siteleri herhangi bir \u015fekilde desteklemedi\u011fini veya i\u00e7erdi\u011fi bilgilerin do\u011frulu\u011funu garanti etmedi\u011fini ve bu sitelerde yer alan i\u00e7eriklerden dolay\u0131 herhangi bir sorumlulu\u011fu bulunmad\u0131\u011f\u0131n\u0131, bu sitelerin kullan\u0131m\u0131 sebebiyle do\u011fabilecek maddi veya manevi, m\u00fcsbet veya menfi, ve olas\u0131 herhangi bir zarardan veya masraftan YA\u015eMAK TUR\u0130ZM VE T\u0130C. A\u015e. sorumlu olmad\u0131\u011f\u0131n\u0131 kabul ve beyan etmi\u015flerdir.<\/p><p>\u00a0<\/p><p>Web Sitesi Kullan\u0131c\u0131 veya Kullan\u0131c\u0131lar\u0131, Web Sitesi \u00fczerinde YA\u015eMAK TUR\u0130ZM VE T\u0130C. A.\u015e\u2019ye veya \u00fc\u00e7\u00fcnc\u00fc bir ki\u015fi veya kurulu\u015fa ait herhangi bir yaz\u0131, bilgi, yorum, g\u00f6r\u00fc\u015f, haber, g\u00f6r\u00fcnt\u00fc, resim, \u015fekil, grafik ve sair bir materyal bulunabilece\u011fini, YA\u015eMAK TUR\u0130ZM VE T\u0130C. A.\u015e\u2019nin bu materyallerle ilgili olarak Fikir ve Sanat Eserleri Kanunu\u2019nun d\u00fczenledi\u011fi yasal haklara sahip oldu\u011funu, bunlar\u0131n YA\u015eMAK TUR\u0130ZM VE T\u0130C. A.\u015e\u2019ninizni olmadan kopyalanamayaca\u011f\u0131n\u0131, de\u011fi\u015ftirilemeyece\u011fini, \u00e7o\u011falt\u0131lamayaca\u011f\u0131n\u0131, yay\u0131nlanamayaca\u011f\u0131n\u0131, sat\u0131lamayaca\u011f\u0131n\u0131 veya kulland\u0131r\u0131lamayaca\u011f\u0131n\u0131 veya bunlara m\u00fcdahele edilemeyece\u011fini kabul ve beyan etmi\u015flerdir.<\/p><p>\u00a0<\/p><p>YA\u015eMAK TUR\u0130ZM VE T\u0130C. A.\u015e Web Sitesi\u2019nde yer alan \u00fccretler veya m\u00fcsaitlik durumu d\u00e2hil fakat bunlarla s\u0131n\u0131rl\u0131 olmamak \u00fczere, g\u00f6sterilen bilgilerde baz\u0131 teknik yanl\u0131\u015flar veya tipografi hatalar\u0131 ya da eksiklikler i\u00e7erebilir. YA\u015eMAK TUR\u0130ZM VE T\u0130C. A.\u015e\u2019nin ; Web Sitesi\u2019nde yer alan herhangi bir dizgisel, foto\u011frafik, teknik veya fiyatland\u0131rma hatalar\u0131ndan (yanl\u0131\u015f otel \u00fccretleri dahil olup bununla s\u0131n\u0131rl\u0131 olmamak \u00fczere) sorumlu de\u011fildir. YA\u015eMAK TUR\u0130ZM VE T\u0130C. A.\u015e\u2019nin Web Sitesi\u2019nde ve bu gibi bilgilerde tan\u0131mlanan \u00fcr\u00fcnler ve programlarda, rezervasyonun onaylanmas\u0131ndan sonraki s\u00fcre\u00e7 de d\u00e2hil istedi\u011fi zaman de\u011fi\u015fiklik, d\u00fczeltme ve\/veya geli\u015ftirme yapma hakk\u0131n\u0131 sakl\u0131 tutmaktad\u0131r.<\/p><p>\u00a0<\/p><p>Web Sitesi Kullan\u0131c\u0131 veya Kullan\u0131c\u0131lar\u0131, Web Sitesine girmeden \u00f6nce yukar\u0131da yer alan Web Sitesi Kullan\u0131m Ko\u015fullar\u0131 ve Gizlilik Politikas\u0131n\u0131 okuduklar\u0131n\u0131, yukar\u0131da belirtilen t\u00fcm hususlara uyacaklar\u0131n\u0131, burada yer alan hususlarla ilgili olarak herhangi bir uyu\u015fmazl\u0131k veya ihtilaf iddia veya talep oldu\u011fu takdirde, \u0130stanbul Mahkeme ve \u0130cra Dairelerinin yetkili olaca\u011f\u0131n\u0131, Web Sitesinde yer alan i\u00e7eriklerin ve YA\u015eMAK TUR\u0130ZM VE T\u0130C. A.\u015e\u2019ye ait t\u00fcm elektronik ortam ve kay\u0131tlar\u0131n\u0131n kesin delil say\u0131laca\u011f\u0131n\u0131 gayr\u0131kabili r\u00fccu olarak kabul, beyan ve taahh\u00fct etmi\u015flerdir.<\/p><p>\u00a0<\/p><p><strong>YA\u015eMAK TUR\u0130ZM VE T\u0130C. A.\u015e.<\/strong><\/p><p>\u00a0<\/p><\/div><\/div><\/div><div class=\"grid_12 text-cloumn\"><h1><strong>Ki\u015fisel Verilerin \u0130\u015flenmesine \u0130li\u015fkin Ayd\u0131nlatma Metni<\/strong><\/h1><p>\u00a0<\/p><p>YA\u015eMAK TUR\u0130ZM VE T\u0130C. A.\u015e. olarak m\u00fc\u015fterilerimizin ki\u015fisel verilerinin g\u00fcvenli\u011fi hususuna \u00f6nem vermekteyiz. Fiziki ve\/veya elektronik ortamda YA\u015eMAK TUR\u0130ZM VE T\u0130C. A.\u015e. b\u00fcnyesinde payla\u015fm\u0131\u015f oldu\u011funuz ki\u015fisel veriler 6698 say\u0131l\u0131 Ki\u015fisel Verilerin Korunmas\u0131 Kanunu (\u201cKVK Kanunu\u201d)\u2019na uygun olarak i\u015flenerek muhafaza edilmektedir<\/p><p>\u00a0<\/p><p><strong>Ki\u015fisel Verilerinizin Elde Edilmesi ve \u0130\u015flenmesi<\/strong><br \/>Taraf\u0131n\u0131zca payla\u015f\u0131lm\u0131\u015f olan; ad, soyad, adres, e-posta, telefon numaras\u0131, Kimlik \/pasaport bilgileri ve bunlarla s\u0131n\u0131rl\u0131 olmayan di\u011fer ki\u015fisel veriler, m\u00fc\u015fterilerimizin fiziksel ve\/veya elektronik ortamda rezervasyon i\u015flemlerini sa\u011flamak, \u00f6deme i\u015flemlerini ger\u00e7ekle\u015ftirmek, \u00fcr\u00fcn ve hizmetlere ili\u015fkin pazarlama faaliyetleri \u00e7er\u00e7evesinde bilgilerini g\u00fcncellemek E-posta yoluyla bas\u0131n b\u00fcltenleri ya da bildirimler g\u00f6ndermek ve promosyon ve yeni \u00fcr\u00fcn\/Hizmetleri \u00f6nerebilmek amac\u0131yla payla\u015fm\u0131\u015f oldu\u011funuz ki\u015fisel verileriniz YA\u015eMAK TUR\u0130ZM VE T\u0130C. A.\u015e. taraf\u0131ndan s\u00fcreli\/s\u00fcresiz kaydedilebilir, yaz\u0131l\u0131\/manyetik ar\u015fivlerde muhafaza edilebilir, g\u00fcncellenebilir, kanunun \u00f6ng\u00f6rm\u00fc\u015f oldu\u011fu s\u0131n\u0131rlar \u00e7er\u00e7evesinde kullan\u0131labilir, payla\u015f\u0131labilir, i\u015flenebilir.<\/p><p>\u00a0<\/p><p><strong>Ki\u015fisel Verilerin Payla\u015f\u0131lmas\u0131 \u0130zni<\/strong><br \/>Bizimle payla\u015f\u0131lmas\u0131na a\u00e7\u0131k r\u0131za g\u00f6stermi\u015f oldu\u011funuz ki\u015fisel verilerinizin, \u00f6ncelikle talep etti\u011finiz hizmetin sunulmas\u0131 ve bedelinin al\u0131nmas\u0131na, taraf\u0131n\u0131za \u00e7e\u015fitli avantajlar\u0131n sa\u011flan\u0131p sunulabilmesi ve ki\u015fisel olarak size uygun reklam, tan\u0131t\u0131m, sat\u0131\u015f, pazarlama, bilgilendirme, promosyon, kampanya bildirimi, \u00fcyelik i\u015flemleri, s\u0131k gelen m\u00fc\u015fteri y\u00f6netim program\u0131, genel kay\u0131t tutma i\u015flemlerinin y\u00f6netimine, yasal ve d\u00fczenleyici gerekliliklerin kar\u015f\u0131lanmas\u0131na, m\u00fc\u015fterilerin\/misafirlerin, personelimizin ve di\u011fer ziyaret\u00e7ilerimizin emniyet ve g\u00fcvenli\u011finin sa\u011flanmas\u0131na, anket ve m\u00fc\u015fteri memnuniyeti ara\u015ft\u0131rmalar\u0131 ve bu kapsamdaki hizmetlerin sa\u011flanmas\u0131 ve yasal y\u00fck\u00fcml\u00fcl\u00fcklerimizin ifas\u0131 amac\u0131yla her t\u00fcrl\u00fc elektronik ileti\u015fim yap\u0131lmas\u0131 ve di\u011fer ileti\u015fim mesajlar\u0131n\u0131n g\u00f6nderilmesi i\u00e7in \u015eirketimiz taraf\u0131ndan toplanmas\u0131na, kaydedilmesine, i\u015flenmesine, saklanmas\u0131na, kullan\u0131lmas\u0131na ve ayn\u0131 ama\u00e7lara y\u00f6nelik olarak a\u015fa\u011f\u0131da belirtilen \u00fc\u00e7\u00fcnc\u00fc ki\u015filere aktar\u0131lmas\u0131na\/payla\u015f\u0131lmas\u0131na izin vermi\u015f bulunmaktas\u0131n\u0131z. Ki\u015fisel verilerinizin aktar\u0131lmas\u0131na\/payla\u015f\u0131lmas\u0131na izin verdi\u011finiz \u00fc\u00e7\u00fcnc\u00fc ki\u015filer, tahdidi olmamak kayd\u0131yla, a\u015fa\u011f\u0131daki gibidir:<\/p><p>\u2013\u00a0<a href=\"https:\/\/web.archive.org\/web\/20201026180317\/https:\/\/www.affilired.com\/en\/\">https:\/\/www.affilired.com\/en\/<\/a><br \/>\u2013 Ki\u015fisel verilerin yasal olarak sunulmas\u0131 zorunlu olan yetkili kamu kurum ve kurulu\u015flar.<\/p><p>Bizimle irtibata ge\u00e7erek ki\u015fisel verilerinizi aktard\u0131\u011f\u0131m\u0131z\/payla\u015ft\u0131\u011f\u0131m\u0131z di\u011fer \u00fc\u00e7\u00fcnc\u00fc ki\u015filer hakk\u0131nda bilgi edinebilirsiniz.<\/p><p>Bu bilgiler sadece size sa\u011flanacak hizmetlerin tam ve zaman\u0131nda sunulabilmesi, olas\u0131 g\u00f6nderilerinizin sa\u011fl\u0131kl\u0131 \u015fekilde teslim edilmesi, telefon ve\/veya e-posta yoluyla bildirimlerimizin zaman\u0131nda ula\u015ft\u0131r\u0131labilmesi amac\u0131yla, s\u00f6zle\u015fme ili\u015fkisi i\u00e7inde oldu\u011fumuz, veri korumas\u0131 ve g\u00fcvenli\u011fi konusunda bizimle hukuken ve teknik olarak ayn\u0131 sorumluluklar\u0131 ta\u015f\u0131yan, ilgili mevzuat h\u00fck\u00fcmlerine riayet eden \u00fc\u00e7\u00fcnc\u00fc ki\u015filerle, yaln\u0131zca ihtiya\u00e7 durumunda ve gerekli \u00f6l\u00e7\u00fcde payla\u015f\u0131lacakt\u0131r.<\/p><p>\u00a0<\/p><p><strong>Ki\u015fisel Verilerinizin G\u00fcvenli\u011fi, Aktar\u0131m\u0131 ve Ki\u015fisel Verileriniz \u00dczerindeki Haklar\u0131n\u0131z\u0131n Kullan\u0131lmas\u0131<\/strong><br \/>\u2022 YA\u015eMAK TUR\u0130ZM VE T\u0130C. A.\u015e. ki\u015fisel veri bar\u0131nd\u0131ran bili\u015fim sistemlerinin yetkisiz eri\u015fimlere ve hukuka ayk\u0131r\u0131 veri i\u015flemelere kar\u015f\u0131 korunmas\u0131n\u0131 sa\u011flamak amac\u0131yla makul \u00f6nlemler almaktay\u0131z. T\u00fcm te\u015fhis edilebilir ki\u015fisel bilgiler, izinsiz eri\u015fimi, de\u011fi\u015ftirmeyi veya k\u00f6t\u00fcye kullanmay\u0131 \u00f6nlemek amac\u0131yla k\u0131s\u0131tl\u0131 eri\u015fime tabidir..<br \/>\u2022 YA\u015eMAK TUR\u0130ZM VE T\u0130C. A.\u015e. s\u00f6z konusu ki\u015fisel verileri sadece; m\u00fc\u015fterilerimizin a\u00e7\u0131k r\u0131zas\u0131na istinaden, m\u00fc\u015fterilerimize katma de\u011ferli hizmetler, f\u0131rsat ve olanaklar sunulmas\u0131 ve hizmet kalitesinin art\u0131r\u0131lmas\u0131 amac\u0131yla; grup \u015firketleri ile veya yasal bir zorunluluk gere\u011fi bu verileri talep etmeye yetkili olan kamu kurum veya kurulu\u015flar\u0131 ile payla\u015fabilecektir.<br \/>\u2022 \u0130\u015fbu Gizlilik Politikas\u0131 ve Ayd\u0131nlatma Metninde belirtilen ama\u00e7lar ve ki\u015fisel verilerinizi edinme y\u00f6ntemleri uyar\u0131nca bizimle payla\u015fm\u0131\u015f oldu\u011funuz ki\u015fisel verileriniz \u00fczerinde ki\u015fisel verilerin Korunmas\u0131 kanunu uyar\u0131nca sahip oldu\u011funuz haklar\u0131n\u0131z\u0131 kullanmak i\u00e7in\u00a0<a href=\"https:\/\/web.archive.org\/web\/20201026180317\/mailto:info@yasmakhotelcollection.com\">info@yasmakhotelcollection.com<\/a>\u00a0adresine mail atarak, bizimle her zaman irtibata ge\u00e7ebilirsiniz.<\/p><p>\u00a0<\/p><p><strong>Ki\u015fisel Verilerinizin Do\u011fru ve G\u00fcncel Olarak Muhafaza Edilmesi<\/strong><br \/>\u2022 M\u00fc\u015fterilerimiz, payla\u015ft\u0131klar\u0131 bilgilerin do\u011fru olmas\u0131 ve g\u00fcncel bir \u015fekilde muhafaza edilmesinin Ki\u015fisel Verilerin Korunmas\u0131 Kanunu anlam\u0131nda ki\u015fisel verileri \u00fczerinde sahip olduklar\u0131 haklar\u0131 kullanabilmeleri ve ilgili di\u011fer mevzuat a\u00e7\u0131s\u0131ndan \u00f6nemli oldu\u011funu bildiklerini ve yanl\u0131\u015f bilgi verilmesinde do\u011facak sorumluluklar\u0131n tamamen kendilerine ait olaca\u011f\u0131n\u0131 kabul ve beyan etmi\u015flerdir.<br \/>\u2022 Payla\u015fm\u0131\u015f oldu\u011funuz ki\u015fisel verileriniz ilgili de\u011fi\u015fiklik ve\/veya g\u00fcncellemeleri\u00a0<a href=\"https:\/\/web.archive.org\/web\/20201026180317\/mailto:info@yasmakhotelcollection.com\">info@yasmakhotelcollection.com<\/a>\u00a0adresine ula\u015farak yapabileceksiniz.<\/p><p>\u00a0<\/p><p><strong>Ki\u015fisel Verilerin Saklanma S\u00fcresi<\/strong><br \/>\u0130\u015fbu Ayd\u0131nlatma Metni\u2019nde an\u0131lan kanallar vas\u0131tas\u0131yla Ya\u015fmak Turizm Ticaret A.\u015e. ile payla\u015fm\u0131\u015f oldu\u011funuz Ki\u015fisel Veriler, KVKK ba\u015fta olmak \u00fczere Ki\u015fisel Verilerin korunmas\u0131na ili\u015fkin mevzuata ve di\u011fer mevzuatta zorunlu k\u0131l\u0131nan s\u00fcrelere uygun \u015fekilde her hal\u00fck\u00e2rda yukar\u0131daki me\u015fru ama\u00e7lar ortadan kalkmad\u0131\u011f\u0131 m\u00fcddet\u00e7e i\u015flenecektir.<\/p><p>\u00a0<\/p><p><strong>Ki\u015fisel Verilerinizin Silinmesi, Yok Edilmesi veya Anonimle\u015ftirilmesi<\/strong><br \/>\u2022 \u0130\u015fbu Gizlilik Politikas\u0131 ve Ayd\u0131nlatma Metninde a\u00e7\u0131klanan ama\u00e7lar do\u011frultusunda i\u015flenmi\u015f olan ki\u015fisel verileriniz; Ki\u015fisel Verilerin Korunmas\u0131 Kanunu uyar\u0131nca verilerin i\u015flenme amac\u0131 ortadan kalkt\u0131\u011f\u0131nda ve \u0130lgili Kanunlar\u0131n belirledi\u011fi s\u00fcreler ge\u00e7ince taraf\u0131m\u0131zca anonimle\u015ftirilerek kullan\u0131lmaya devam edilecektir.<\/p><p>\u00a0<\/p><p><strong>Ki\u015fisel Verilerinize Eri\u015fim ve KVKK Kapsam\u0131nda Haklar\u0131n\u0131z<\/strong><br \/>KVKK madde 11 uyar\u0131nca Ya\u015fmak Turizm A.\u015e.\u2019ye ba\u015fvurarak;<\/p><ul><li>(a) Ki\u015fisel Verilerinizin i\u015flenip i\u015flenmedi\u011fini \u00f6\u011frenme,<\/li><li>(b) Ki\u015fisel Verileriniz i\u015flenmi\u015fse buna ili\u015fkin bilgi talep etme,<\/li><li>(c) Ki\u015fisel Verilerinizin i\u015flenme amac\u0131n\u0131 ve bunlar\u0131n amac\u0131na uygun kullan\u0131l\u0131p kullan\u0131lmad\u0131\u011f\u0131n\u0131 \u00f6\u011frenme,<\/li><li>(d) Yurt i\u00e7inde veya yurt d\u0131\u015f\u0131nda Ki\u015fisel Verilerinizin aktar\u0131ld\u0131\u011f\u0131 \u00fc\u00e7\u00fcnc\u00fc ki\u015fileri bilme,<\/li><li>(e) Ki\u015fisel Verilerinizin eksik veya yanl\u0131\u015f i\u015flenmi\u015f olmas\u0131 h\u00e2linde bunlar\u0131n d\u00fczeltilmesini isteme,<\/li><li>(f) Ama\u00e7, s\u00fcre ve me\u015fruiyet prensipleri d\u00e2hilinde de\u011ferlendirilmek \u00fczere Ki\u015fisel Verilerinizin i\u015flenmesini gerektiren sebeplerin ortadan kalkmas\u0131 halinde silinmesini veya yok edilmesini isteme,<\/li><li>(g) Ki\u015fisel Verilerinizin d\u00fczeltilmesi, silinmesi ya da yok edilmesi halinde bu i\u015flemlerin Ki\u015fisel Verilerin aktar\u0131ld\u0131\u011f\u0131 \u00fc\u00e7\u00fcnc\u00fc ki\u015filere bildirilmesini isteme,<\/li><li>(h) \u0130\u015flenen Ki\u015fisel Verilerinizin m\u00fcnhas\u0131ran otomatik sistemler vas\u0131tas\u0131yla analiz edilmesi durumunda aleyhinize bir sonucun ortaya \u00e7\u0131kmas\u0131 halinde bu sonuca itiraz etme,<\/li><li>(i) Ki\u015fisel Verilerinizin kanuna ayk\u0131r\u0131 olarak i\u015flenmesi ve bu sebeple zarara u\u011framan\u0131z h\u00e2linde zarar\u0131n giderilmesini talep etme,<\/li><\/ul><p>haklar\u0131na sahipsiniz.<\/p><p>Bu kapsamda, yukar\u0131daki haklar\u0131n\u0131za ili\u015fkin talebinizi \u0130nternet Sitemizde yer alan\u00a0<a href=\"https:\/\/web.archive.org\/web\/20201026180317\/https:\/\/www.yasmakhotelcollection.com\/veriformu.pdf\" target=\"_blank\" rel=\"noopener\">formu<\/a>\u00a0doldurarak veya kendi talebinizi Ki\u015fisel Verileri Koruma Kurumu taraf\u0131ndan belirlenen \u015fartlar\u0131 ta\u015f\u0131yacak \u015fekilde olu\u015fturarak a\u015fa\u011f\u0131da verilen ve zaman zaman de\u011fi\u015febilecek olan e-posta adresimize bize daha \u00f6nce bildirdi\u011finiz ve sistemimizde kay\u0131tl\u0131 olan e-posta adresinizden g\u00f6nderece\u011finiz e-posta ile (l\u00fctfen sistemimizde kay\u0131tl\u0131 e-posta adresinizi kontrol ediniz) veya g\u00fcvenli elektronik imzal\u0131 veya mobil imzal\u0131 olarak kep adresimize yahut yine a\u015fa\u011f\u0131da yer alan ve zaman zaman de\u011fi\u015febilecek olan posta adresimize \u0131slak imzal\u0131 bir dilek\u00e7e ile elden ya da noter arac\u0131l\u0131\u011f\u0131yla teslim edebilir ve ileride bunlara eklenebilecek Ki\u015fisel Verileri Koruma Kurumu taraf\u0131ndan belirlenen di\u011fer y\u00f6ntemlerle g\u00f6nderebilirsiniz. L\u00fctfen g\u00fcncel ba\u015fvuru y\u00f6ntemlerini ba\u015fvuru \u00f6ncesinde mevzuattan teyit ediniz. Ya\u015fmak Turizm A.\u015e., talebin niteli\u011fine g\u00f6re talebi en k\u0131sa s\u00fcrede ve en ge\u00e7 30 (otuz) g\u00fcn i\u00e7inde \u00fccretsiz olarak sonu\u00e7land\u0131racakt\u0131r. Taleplerin Ya\u015fmak Turizm A.\u015e. taraf\u0131ndan sonu\u00e7land\u0131r\u0131lmas\u0131na ili\u015fkin ayr\u0131ca bir maliyet do\u011fmas\u0131 h\u00e2linde Ki\u015fisel Verileri Koruma Kurulunca belirlenen tarifedeki \u00fccretler Ya\u015fmak Turizm A.\u015e.taraf\u0131ndan talep edilebilir.<\/p><p>\u00a0<\/p><p><strong>Posta adresi :<\/strong>\u00a0Ebusuud Cad. No 12 Sirkeci\/ Fatih \u2013 \u0130STANBUL<br \/><strong>E- posta adresi :<\/strong>\u00a0kvkk@yasmak.com<br \/><strong>Kep adres :<\/strong>\u00a0yasmakturizm@hs03.kep.tr<\/p><p>\u00a0<\/p><p><strong>Son H\u00fck\u00fcm<\/strong><br \/>Kullan\u0131c\u0131\/Kullan\u0131c\u0131lar, web sitesine girmeden \u00f6nce yukar\u0131da yer alan Websitesi Kullan\u0131m Ko\u015fullar\u0131 ve Gizlilik\/Ki\u015fisel Verilerin Korunmas\u0131 Politikas\u0131\u201dn\u0131 okuduklar\u0131n\u0131, yukar\u0131da belirtilen t\u00fcm hususlara uyacaklar\u0131n\u0131, web sitesinde yer alan i\u00e7eriklerin ve \u015eirketimiz\u2019e ait t\u00fcm elektronik ortam ve bilgisayar kay\u0131tlar\u0131n\u0131n Hukuk Muhakemeleri Kanunu madde 193 uyar\u0131nca kesin delil say\u0131laca\u011f\u0131n\u0131 gayr\u0131kabili r\u00fccu olarak kabul, beyan ve taahh\u00fct etmi\u015flerdir.<\/p><p>\u00a0<\/p><p><b>YA\u015eMAK TUR\u0130ZM VE T\u0130C. A.\u015e.<\/b><\/p><\/div>\t\t\t\t\t\t\t\t<\/div>\n\t\t\t\t<\/div>\n\t\t\t\t\t<\/div>\n\t\t\t\t<\/div>\n\t\t\t\t<\/div>\n\t\t","protected":false},"excerpt":{"rendered":"<p>\u0130\u015fbu web sitesi kullan\u0131m ko\u015fullar\u0131 ve Gizlilik Politikas\u0131,\u00a0www.thesoulhotel.com\u00a0sitesi ( Bundan b\u00f6yle \u201cWeb sitesi\u201dolarak an\u0131lacakt\u0131r) ile ilgili hizmetleri sunarken, Web Sitesinin kullan\u0131m ko\u015fullar\u0131na ili\u015fkin politikam\u0131z\u0131 i\u00e7ermektedir \u00a0 Web Sitesi Kullan\u0131c\u0131 veya Kullan\u0131c\u0131lar\u0131, Web Sitesi \u00fczerinde bir ba\u015fka Web Sitesine veya i\u00e7eri\u011fe eri\u015fim imkan\u0131 tan\u0131yan Link\u2019ler bulunabilece\u011fini, bunlar\u0131n kontrol\u00fcn\u00fcn veya do\u011frulu\u011funun veya yeterlili\u011finin YA\u015eMAK TUR\u0130ZM VE T\u0130C. [&hellip;]<\/p>\n","protected":false},"author":1,"featured_media":0,"parent":0,"menu_order":0,"comment_status":"closed","ping_status":"closed","template":"","meta":{"_acf_changed":false,"footnotes":""},"class_list":["post-9128","page","type-page","status-publish","hentry"],"acf":[],"_links":{"self":[{"href":"https:\/\/thesoulhotel.com\/tr\/wp-json\/wp\/v2\/pages\/9128","targetHints":{"allow":["GET"]}}],"collection":[{"href":"https:\/\/thesoulhotel.com\/tr\/wp-json\/wp\/v2\/pages"}],"about":[{"href":"https:\/\/thesoulhotel.com\/tr\/wp-json\/wp\/v2\/types\/page"}],"author":[{"embeddable":true,"href":"https:\/\/thesoulhotel.com\/tr\/wp-json\/wp\/v2\/users\/1"}],"replies":[{"embeddable":true,"href":"https:\/\/thesoulhotel.com\/tr\/wp-json\/wp\/v2\/comments?post=9128"}],"version-history":[{"count":4,"href":"https:\/\/thesoulhotel.com\/tr\/wp-json\/wp\/v2\/pages\/9128\/revisions"}],"predecessor-version":[{"id":9148,"href":"https:\/\/thesoulhotel.com\/tr\/wp-json\/wp\/v2\/pages\/9128\/revisions\/9148"}],"wp:attachment":[{"href":"https:\/\/thesoulhotel.com\/tr\/wp-json\/wp\/v2\/media?parent=9128"}],"curies":[{"name":"wp","href":"https:\/\/api.w.org\/{rel}","templated":true}]}}