{"id":9126,"date":"2025-01-24T12:36:48","date_gmt":"2025-01-24T12:36:48","guid":{"rendered":"https:\/\/thesoulhotel.com\/statement-and-policy-of-security\/"},"modified":"2025-02-07T15:04:52","modified_gmt":"2025-02-07T15:04:52","slug":"guvenlik-bilgilendirmesi","status":"publish","type":"page","link":"https:\/\/thesoulhotel.com\/tr\/guvenlik-bilgilendirmesi\/","title":{"rendered":"G\u00fcvenlik Bilgilendirmesi"},"content":{"rendered":"\t\t<div data-elementor-type=\"wp-page\" data-elementor-id=\"9126\" class=\"elementor elementor-9126 elementor-8179\" data-elementor-post-type=\"page\">\n\t\t\t\t<div class=\"elementor-element elementor-element-e61361d e-flex e-con-boxed e-con e-parent\" data-id=\"e61361d\" data-element_type=\"container\">\n\t\t\t\t\t<div class=\"e-con-inner\">\n\t\t\t\t<div class=\"elementor-element elementor-element-09c6de0 elementor-widget elementor-widget-text-editor\" data-id=\"09c6de0\" data-element_type=\"widget\" data-widget_type=\"text-editor.default\">\n\t\t\t\t<div class=\"elementor-widget-container\">\n\t\t\t\t\t\t\t\t\t<p><strong>G\u00dcVENL\u0130K BEYANI ve POL\u0130T\u0130KASI: :<\/strong><\/p><p>www.thesoulhotel.com, t\u00fcm \u00fcyelerinin konaklama deneyimini keyifli oldu\u011fu kadar, g\u00fcvenli bir hale getirmek i\u00e7in \u00e7e\u015fitli g\u00fcvenlik \u00f6nlemleri uygulamaktad\u0131r.<a href=\"https:\/\/thesoulhotel.com\/\">www.thesoulhotel.com\u00a0<\/a>\u2019da kredi kart\u0131 bilgileriniz yaln\u0131zca rezervasyon i\u015flemi ger\u00e7ekle\u015ftirilirken kullan\u0131l\u0131r ve kesinlikle veri taban\u0131nda kay\u0131tl\u0131 olarak tutulmaz.<\/p><p>Bilgilerinizin ger\u00e7ekten\u00a0<a href=\"https:\/\/thesoulhotel.com\/\">www.thesoulhotel.com<\/a>\u00a0\u2019a g\u00f6nderildi\u011fini g\u00fcvence alt\u0131na alarak, 128 bit \u015fifreleme ile iletilen bilgilerin g\u00fcvenli\u011fini sa\u011flayan SSL Sertifikas\u0131 kullan\u0131lmaktad\u0131r.<\/p><p>Bu G\u00fcvenlik Beyan\u0131 YA\u015eMAK TUR\u0130ZM VE T\u0130CARET A.\u015e\u2019ye ait t\u00fcm internet siteleri i\u00e7in verilmektedir. Sorular\u0131n\u0131z i\u00e7in l\u00fctfen bizimle ileti\u015fime ge\u00e7iniz.<\/p>\t\t\t\t\t\t\t\t<\/div>\n\t\t\t\t<\/div>\n\t\t\t\t\t<\/div>\n\t\t\t\t<\/div>\n\t\t\t\t<\/div>\n\t\t","protected":false},"excerpt":{"rendered":"<p>G\u00dcVENL\u0130K BEYANI ve POL\u0130T\u0130KASI: : www.thesoulhotel.com, t\u00fcm \u00fcyelerinin konaklama deneyimini keyifli oldu\u011fu kadar, g\u00fcvenli bir hale getirmek i\u00e7in \u00e7e\u015fitli g\u00fcvenlik \u00f6nlemleri uygulamaktad\u0131r.www.thesoulhotel.com\u00a0\u2019da kredi kart\u0131 bilgileriniz yaln\u0131zca rezervasyon i\u015flemi ger\u00e7ekle\u015ftirilirken kullan\u0131l\u0131r ve kesinlikle veri taban\u0131nda kay\u0131tl\u0131 olarak tutulmaz. Bilgilerinizin ger\u00e7ekten\u00a0www.thesoulhotel.com\u00a0\u2019a g\u00f6nderildi\u011fini g\u00fcvence alt\u0131na alarak, 128 bit \u015fifreleme ile iletilen bilgilerin g\u00fcvenli\u011fini sa\u011flayan SSL Sertifikas\u0131 kullan\u0131lmaktad\u0131r. Bu [&hellip;]<\/p>\n","protected":false},"author":1,"featured_media":0,"parent":0,"menu_order":0,"comment_status":"closed","ping_status":"closed","template":"","meta":{"_acf_changed":false,"footnotes":""},"class_list":["post-9126","page","type-page","status-publish","hentry"],"acf":[],"_links":{"self":[{"href":"https:\/\/thesoulhotel.com\/tr\/wp-json\/wp\/v2\/pages\/9126","targetHints":{"allow":["GET"]}}],"collection":[{"href":"https:\/\/thesoulhotel.com\/tr\/wp-json\/wp\/v2\/pages"}],"about":[{"href":"https:\/\/thesoulhotel.com\/tr\/wp-json\/wp\/v2\/types\/page"}],"author":[{"embeddable":true,"href":"https:\/\/thesoulhotel.com\/tr\/wp-json\/wp\/v2\/users\/1"}],"replies":[{"embeddable":true,"href":"https:\/\/thesoulhotel.com\/tr\/wp-json\/wp\/v2\/comments?post=9126"}],"version-history":[{"count":4,"href":"https:\/\/thesoulhotel.com\/tr\/wp-json\/wp\/v2\/pages\/9126\/revisions"}],"predecessor-version":[{"id":9145,"href":"https:\/\/thesoulhotel.com\/tr\/wp-json\/wp\/v2\/pages\/9126\/revisions\/9145"}],"wp:attachment":[{"href":"https:\/\/thesoulhotel.com\/tr\/wp-json\/wp\/v2\/media?parent=9126"}],"curies":[{"name":"wp","href":"https:\/\/api.w.org\/{rel}","templated":true}]}}