{"id":9124,"date":"2025-01-24T12:35:13","date_gmt":"2025-01-24T12:35:13","guid":{"rendered":"https:\/\/thesoulhotel.com\/distant-sales-agreement\/"},"modified":"2025-02-07T15:03:38","modified_gmt":"2025-02-07T15:03:38","slug":"mesafeli-satis-sozlesmesi","status":"publish","type":"page","link":"https:\/\/thesoulhotel.com\/tr\/mesafeli-satis-sozlesmesi\/","title":{"rendered":"Mesafeli Sat\u0131\u015f S\u00f6zle\u015fmesi"},"content":{"rendered":"\t\t<div data-elementor-type=\"wp-page\" data-elementor-id=\"9124\" class=\"elementor elementor-9124 elementor-8178\" data-elementor-post-type=\"page\">\n\t\t\t\t<div class=\"elementor-element elementor-element-fd56328 e-flex e-con-boxed e-con e-parent\" data-id=\"fd56328\" data-element_type=\"container\">\n\t\t\t\t\t<div class=\"e-con-inner\">\n\t\t\t\t<div class=\"elementor-element elementor-element-449e4e5 elementor-widget elementor-widget-text-editor\" data-id=\"449e4e5\" data-element_type=\"widget\" data-widget_type=\"text-editor.default\">\n\t\t\t\t<div class=\"elementor-widget-container\">\n\t\t\t\t\t\t\t\t\t<p><strong>Firma Unvan\u0131 : YA\u015eMAK TUR\u0130ZM VE T\u0130CARET A.\u015e<\/strong><\/p><p>Firma Unvan\u0131 : YA\u015eMAK TUR\u0130ZM VE T\u0130CARET A.\u015e<br \/>Vergi Dairesi : MARMARA KURUMLAR<br \/>Vergi Numaras\u0131 : 940 001 3295<br \/>MERS\u0130S Numaras\u0131 :<br \/>Adres : Ebu Suud Cad. No:16-20 Sirkeci\/Fatih\/\u0130stanbul<br \/>Telefon : 0 212 528 13 43<br \/>Fax: +90 212 512 87 23<br \/>E-posta :\u00a0info@thesoulhotel.com<br \/>Web : www.thesoulhotel.com<br \/>1.2. T\u00dcKET\u0130C\u0130YE A\u0130T B\u0130LG\u0130LER<br \/>Ad\u0131 :<br \/>Soyad\u0131 :<br \/>T.C. Kimlik No :<br \/>Pasaport No :<br \/>Adres :<br \/>Telefon :<br \/>E-posta :<\/p><p>\u0130\u015f bu s\u00f6zle\u015fme Ebu Suud Caddesi No:16-20 Sirkeci\/Fatih\/\u0130stanbul adresinde bulunan ve +90 212 528 13 43 nolu irtibat numaras\u0131na sahip YA\u015eMAK TUR\u0130ZM VE T\u0130CARET A.\u015e (S\u00f6zle\u015fmede YA\u015eMAK GROUP OTELLER\u0130 olarak an\u0131lacakt\u0131r) ile di\u011fer taraftan www.hotelsultania.com sitesine \u00fcye olup online rezervasyon i\u015flemini tamamlayan ki\u015fi (s\u00f6zle\u015fmede T\u00dcKET\u0130C\u0130 olarak an\u0131lacakt\u0131r) aras\u0131nda olup; t\u00fcketicinin \u00fcye olurken kulland\u0131\u011f\u0131 adres, kimlik ve ileti\u015fim bilgileri esas al\u0131n\u0131r.<\/p><p>1- Sitemiz \u00fczerinden konaklama sat\u0131n alan t\u00fcketici, hizmet bedelinin tamam\u0131n\u0131 rezervasyon an\u0131nda \u00f6demekle y\u00fck\u00fcml\u00fcd\u00fcr. \u00d6demenin tamam\u0131 yap\u0131lmadan rezervasyon kesinle\u015fmez.<\/p><p>2- S\u00f6zle\u015fme bedelinde fiyat art\u0131\u015f\u0131 olmas\u0131 halinde, ilave olarak aradaki fark t\u00fcketiciden talep edilmeyece\u011fi gibi, YA\u015eMAK GROUP OTELLER\u0130 taraf\u0131ndan aksiyon olarak adland\u0131r\u0131lan indirimlerin de t\u00fcketiciye iadesi s\u00f6z konusu de\u011fildir.<\/p><p>3- T\u00fcketici, sat\u0131n al\u0131nan konaklama hizmetine kat\u0131lmas\u0131n\u0131n m\u00fcmk\u00fcn olmamas\u0131 durumunda, konaklama ba\u015flang\u0131\u00e7 tarihinden en az 7 g\u00fcn \u00f6nce YA\u015eMAK GROUP OTELLER\u0130\u2019ne bildirimde bulunarak rezervasyonunu, s\u00f6zle\u015fme a\u00e7\u0131s\u0131ndan ge\u00e7erli t\u00fcm ko\u015fullar\u0131 yerine getirecek \u00fc\u00e7\u00fcnc\u00fc bir ki\u015fiye devredebilir. Bu durumda s\u00f6zle\u015fmeyi devreden ve devralan \u015fah\u0131s\/\u015fah\u0131slar, YA\u015eMAK GROUP OTELLER\u0130\u2019ne kar\u015f\u0131 bakiye tutar\u0131n ve s\u00f6z konusu devirden do\u011fan t\u00fcm ilave masraflar\u0131n \u00f6denmesinden m\u00fcteselsilen sorumludurlar. T\u00fcketicilerin vizelerinin bulunmamas\u0131, ba\u015fvuru yapm\u0131\u015f olmalar\u0131na ra\u011fmen, konaklama ba\u015flang\u0131\u00e7 tarihine kadar ilgili kurumdan vize alamamalar\u0131 durumda, YA\u015eMAK GROUP OTELLER\u0130 sorumluluk kabul etmedi\u011fi gibi, konaklama bedelinin tamam\u0131n\u0131 devreden ve devralandan (m\u00fcteselsil olarak) tahsil eder. Hizmeti devralan ki\u015finin, devredenle ayn\u0131 stat\u00fcde olmamas\u0131 halinde, devir ger\u00e7ekle\u015fmez veya yap\u0131lan \u00f6zel indirimler kald\u0131r\u0131larak devir i\u015flemi tamamlan\u0131r.<\/p><p>4- YA\u015eMAK GROUP OTELLER\u0130 t\u00fcketiciden kaynaklanmayan bir sebeple, hizmetin ba\u015flamas\u0131ndan evvel veya hizmet s\u0131ras\u0131nda rezervasyonu k\u0131smen\/tamamen de\u011fi\u015ftirebilir veya iptal edebilir. T\u00fcketici bu de\u011fi\u015fiklikleri kabul edebilir ya da YA\u015eMAK GROUP OTELLER\u0130 \u2018nin sundu\u011fu alternatif ba\u015fka bir hizmeti kabul edebilir. T\u00fcketici de\u011fi\u015fiklikleri kabul etmedi\u011fi takdirde ise rezervasyonunu iptal edip, s\u00f6zle\u015fme kapsam\u0131nda \u00f6dedi\u011fi \u00fccretin tamam\u0131n\u0131 iade alma hakk\u0131na sahiptir. YA\u015eMAK GROUP OTELLER\u0130 gerekli t\u00fcm \u00f6zeni g\u00f6stermi\u015f olmas\u0131na ra\u011fmen hizmetin ba\u015flamas\u0131na veya devam\u0131na engel te\u015fkil eden; grev, ter\u00f6r, sava\u015f ihtimali, \u00f6ng\u00f6r\u00fclemez teknik hususlar ile bu ve benzeri t\u00fcm m\u00fccbir sebeplerden dolay\u0131 rezervasyonu iptal edebilir veya erteleyebilir. T\u00fcketici otele giri\u015f tarihinden 2 g\u00fcn \u00f6ncesine kadar iptal talebinde bulunursa \u00fccretsiz olarak iptal s\u00f6z konusu olacak olup; rezervasyon iptali zaman\u0131nda bildirilmeyen rezervasyonlardan 1 gecelik oda \u00fccreti tahsil edilir. T\u00fcketici, iadesiz yap\u0131lan rezervasyonlarda \u00fccretin iptal edilmeyece\u011fini; bu hallerde t\u00fcketici iptal talebinde bulunur ise ge\u00e7erli olmayaca\u011f\u0131n\u0131 ve s\u00f6zle\u015fme bedelinin tamam\u0131n\u0131 YA\u015eMAK GROUP OTELLER\u0130\u2019ne \u00f6deyece\u011fini beyan, kabul ve taahh\u00fct eder. T\u00fcketicinin hizmetin de\u011fi\u015ftirilmesine y\u00f6nelik talebi halinde, bu de\u011fi\u015fikli\u011fin YA\u015eMAK GROUP OTELLER\u0130 taraf\u0131ndan uygun bulunmas\u0131 \u015fart\u0131yla, \u00f6nceki al\u0131nan hizmetle, yeni talep etmi\u015f oldu\u011fu hizmet aras\u0131nda fiyat fark\u0131 var ise t\u00fcketici aradaki fark\u0131, de\u011fi\u015fiklik talebinin kabul\u00fcyle birlikte derhal YA\u015eMAK GROUP OTELLER\u0130 \u2018a \u00f6demek zorundad\u0131r. Ancak yeni hizmetin fiyat\u0131, bir \u00f6nceki hizmet fiyat\u0131ndan d\u00fc\u015f\u00fck ise YA\u015eMAK GROUP OTELLER\u0130 aradaki fark\u0131 t\u00fcketiciye iade edecektir. T\u00fcketici, kendisinin veya birinci dereceden akrabalar\u0131n\u0131n konaklama d\u00f6nemine denk gelen 10 g\u00fcnl\u00fck mutat i\u015ftigaline engel rahats\u0131zl\u0131klar\u0131n\u0131, Tam Te\u015fekk\u00fcll\u00fc Devlet Hastanesinden al\u0131nacak resmi raporla veya \u00f6l\u00fcm halinde bunun belgelemesi ko\u015fuluyla, rezervasyon iptal talebi kabul edilir ve \u00f6denmesi zorunlu vergi, har\u00e7 ve benzeri yasal y\u00fck\u00fcml\u00fcl\u00fcklerden do\u011fan masraflar ile \u00fc\u00e7\u00fcnc\u00fc ki\u015filere \u00f6denip belgelendirilebilen ve iadesi m\u00fcmk\u00fcn olmayan bedeller hari\u00e7 olmak \u00fczere, t\u00fcketicinin \u00f6demi\u015f oldu\u011fu bedel kendisine iade edilir. Bu halde rapor ve belgeler hizmetin ba\u015flang\u0131c\u0131ndan \u00f6nce ibraz edilecektir. T\u00fcketicinin ba\u015flang\u0131c\u0131n\u0131 ka\u00e7\u0131rd\u0131\u011f\u0131 konaklama hizmetine i\u015ftirak edece\u011fini yaz\u0131l\u0131 olarak bildirmemesi durumunda; YA\u015eMAK GROUP OTELLER\u0130 t\u00fcketici ad\u0131na yap\u0131lm\u0131\u015f t\u00fcm rezervasyon ve hizmetleri 24 saat sonra iptal etme hakk\u0131na sahiptir. Bu gibi iptallerde t\u00fcketiciye herhangi bir \u00fccret iadesi yap\u0131lmaz.<\/p><p>5- YA\u015eMAK GROUP OTELLER\u0130 ve t\u00fcketici bu s\u00f6zle\u015fmeden dolay\u0131 do\u011fan y\u00fck\u00fcml\u00fcl\u00fcklerini gere\u011fi gibi ifa edeceklerdir.<\/p><p>6- YA\u015eMAK GROUP OTELLER\u0130, i\u015fbu s\u00f6zle\u015fme konusu hizmetin nitelikleri, sat\u0131\u015f bedeli ve \u00f6deme \u015fekli ile ifaya ili\u015fkin \u00f6n bilgiler i\u00e7eren \u00d6n Bilgilendirme Formu\/Voucher\u0131\/Mailini t\u00fcketiciye s\u00f6zle\u015fmenin 8.maddesinde belirtildi\u011fi \u015fekilde iletmekle y\u00fck\u00fcml\u00fcd\u00fcr. T\u00fcketiciden kaynaklanan durumlar ile \u00fc\u00e7\u00fcnc\u00fc ki\u015filerin \u015fahsi sorumluluklar\u0131ndan kaynaklanan hallerden YA\u015eMAK GROUP OTELLER\u0130 sorumlu de\u011fildir.<\/p><p>7- Kredi kart\u0131yla hizmet sat\u0131n alan t\u00fcketiciler erken \u00f6deme, taksit azaltma taleplerini kart\u0131n ait oldu\u011fu bankaya bildirmek ve bankan\u0131n belirledi\u011fi \u00f6deme \u015fubelerine yapmalar\u0131 gerekmektedir. T\u00fcketiciler kredi kart\u0131 ile taksitli olarak ald\u0131klar\u0131 hizmetin herhangi bir sebebe ba\u011fl\u0131 olarak iptal ettirdiklerinde YA\u015eMAK GROUP OTELLER\u0130 kredi kart\u0131ndan alm\u0131\u015f oldu\u011fu bedeli yine t\u00fcketicinin kredi kart\u0131na iade edecektir. Yap\u0131lan iade i\u015flemi bankalar\u0131n i\u015f kurallar\u0131na g\u00f6re t\u00fcketicinin kart\u0131na iade edilir. Taksitli olarak yap\u0131lan \u00f6demelere ili\u015fkin iadelerde de banka kurallar\u0131 ge\u00e7erli olup, taksitli yap\u0131lan \u00f6demelerin yine karta taksitle iade edilmesi durumunda, YA\u015eMAK GROUP OTELLER\u0130\u2019nin herhangi bir y\u00fck\u00fcml\u00fcl\u00fc\u011f\u00fc ve m\u00fcdahale imkan\u0131 bulunmamaktad\u0131r. YA\u015eMAK GROUP OTELLER\u0130 \u00f6deme i\u00e7in V\u0130SA, AMEX ve MASTERCARD kredi kartlar\u0131n\u0131 kabul etmekte olup; var\u0131\u015ftan \u00f6nce belirli bir miktar\u0131 ge\u00e7ici olarak \u00e7ekme hakk\u0131n\u0131 sakl\u0131 tutar.<\/p><p>8- YA\u015eMAK GROUP OTELLER\u0130\u2019nin t\u00fcketiciye yapaca\u011f\u0131 t\u00fcm bilgilendirmeleri yaz\u0131l\u0131 olarak elden veya kal\u0131c\u0131 veri sa\u011flay\u0131c\u0131s\u0131 arac\u0131l\u0131\u011f\u0131yla (elektronik posta, k\u0131sa mesaj, disk, cd\/dvd, haf\u0131za kart\u0131 ve benzeri her t\u00fcrl\u00fc ara\u00e7 veya ortam) yapabilecektir. T\u00fcketici, \u00f6zen borcu gere\u011fi s\u00f6zle\u015fmenin hi\u00e7 yada gere\u011fi gibi ifa edilmemesi halini, hizmetin ifa edilmesi gerekti\u011fi veya ifa edildi\u011fi tarihten itibaren 30 g\u00fcn i\u00e7erisinde YA\u015eMAK GROUP OTELLER\u0130\u2019ne bildirmekle y\u00fck\u00fcml\u00fcd\u00fcr. Bu s\u00fcreden sonraki yap\u0131lacak bildirimler ge\u00e7ersiz say\u0131lacakt\u0131r. T\u00fcketici, rezervasyon esnas\u0131nda YA\u015eMAK GROUP OTELLER\u0130 \u00e7al\u0131\u015fanlar\u0131na ve\/veya web sitelerine vermi\u015f oldu\u011fu; e-mail, cep telefonu, faks vb. bilgilerine ve web sitelerinin kampanya duyurusu ama\u00e7l\u0131 yapm\u0131\u015f oldu\u011fu b\u00fclten g\u00f6nderimlerine izin verdi\u011fini kabul ve beyan eder. T\u00fcketicinin kendi ileti\u015fim kanallar\u0131na yap\u0131lan bildirim ve duyurular\u0131 istemedi\u011fini beyan etmesi halinde, YA\u015eMAK GROUP OTELLER\u0130 elektronik posta, sms, faks ve posta g\u00f6nderimlerini sonland\u0131raca\u011f\u0131n\u0131 taahh\u00fct eder.<\/p><p>9-\u0130\u015f bu s\u00f6zle\u015fmeden do\u011facak t\u00fcm ihtilaflar\u0131n \u00e7\u00f6z\u00fcm\u00fc ile ilgili t\u00fcm T\u00fcrkiye Cumhuriyeti \u0130STANBUL \u0130cra Dairesi ve Mahkemeleri, T\u00fcketici Hakem Heyetleri ve yasa ile yetkilendirilmi\u015f sair kurulu\u015flar yetkilidir. S\u00f6zle\u015fmenin bir veya birden fazla maddesinin herhangi bir nedenle ge\u00e7ersiz say\u0131lmas\u0131 halinde, s\u00f6zle\u015fmenin di\u011fer h\u00fck\u00fcmleri bu ge\u00e7ersizlikten etkilenmeyecek ve y\u00fcr\u00fcrl\u00fckte kalacakt\u0131r. \u0130\u015fbu s\u00f6zle\u015fme 6502 say\u0131l\u0131 T\u00fcketicinin Korunmas\u0131 Hakk\u0131nda Kanun h\u00fck\u00fcmlerine uygun olarak d\u00fczenlenmi\u015f olup, s\u00f6zle\u015fmede d\u00fczenlenmeyen hususlarda 6502 say\u0131l\u0131 Kanun ve ilgili y\u00f6netmelik h\u00fck\u00fcmleri ge\u00e7erlidir. T\u00fcketicinin bu s\u00f6zle\u015fmeyi imzalamas\u0131\/elektronik ortamda onay vermesiyle s\u00f6zle\u015fme h\u00fck\u00fcmlerini kabul ve taahh\u00fct etmi\u015f say\u0131l\u0131r.<\/p>\t\t\t\t\t\t\t\t<\/div>\n\t\t\t\t<\/div>\n\t\t\t\t\t<\/div>\n\t\t\t\t<\/div>\n\t\t\t\t<\/div>\n\t\t","protected":false},"excerpt":{"rendered":"<p>Firma Unvan\u0131 : YA\u015eMAK TUR\u0130ZM VE T\u0130CARET A.\u015e Firma Unvan\u0131 : YA\u015eMAK TUR\u0130ZM VE T\u0130CARET A.\u015eVergi Dairesi : MARMARA KURUMLARVergi Numaras\u0131 : 940 001 3295MERS\u0130S Numaras\u0131 :Adres : Ebu Suud Cad. No:16-20 Sirkeci\/Fatih\/\u0130stanbulTelefon : 0 212 528 13 43Fax: +90 212 512 87 23E-posta :\u00a0info@thesoulhotel.comWeb : www.thesoulhotel.com1.2. T\u00dcKET\u0130C\u0130YE A\u0130T B\u0130LG\u0130LERAd\u0131 :Soyad\u0131 :T.C. Kimlik No :Pasaport [&hellip;]<\/p>\n","protected":false},"author":1,"featured_media":0,"parent":0,"menu_order":0,"comment_status":"closed","ping_status":"closed","template":"","meta":{"_acf_changed":false,"footnotes":""},"class_list":["post-9124","page","type-page","status-publish","hentry"],"acf":[],"_links":{"self":[{"href":"https:\/\/thesoulhotel.com\/tr\/wp-json\/wp\/v2\/pages\/9124","targetHints":{"allow":["GET"]}}],"collection":[{"href":"https:\/\/thesoulhotel.com\/tr\/wp-json\/wp\/v2\/pages"}],"about":[{"href":"https:\/\/thesoulhotel.com\/tr\/wp-json\/wp\/v2\/types\/page"}],"author":[{"embeddable":true,"href":"https:\/\/thesoulhotel.com\/tr\/wp-json\/wp\/v2\/users\/1"}],"replies":[{"embeddable":true,"href":"https:\/\/thesoulhotel.com\/tr\/wp-json\/wp\/v2\/comments?post=9124"}],"version-history":[{"count":4,"href":"https:\/\/thesoulhotel.com\/tr\/wp-json\/wp\/v2\/pages\/9124\/revisions"}],"predecessor-version":[{"id":9142,"href":"https:\/\/thesoulhotel.com\/tr\/wp-json\/wp\/v2\/pages\/9124\/revisions\/9142"}],"wp:attachment":[{"href":"https:\/\/thesoulhotel.com\/tr\/wp-json\/wp\/v2\/media?parent=9124"}],"curies":[{"name":"wp","href":"https:\/\/api.w.org\/{rel}","templated":true}]}}