{"id":9051,"date":"2025-01-24T09:25:53","date_gmt":"2025-01-24T09:25:53","guid":{"rendered":"https:\/\/thesoulhotel.com\/surdurulebilirlik\/our-vision\/"},"modified":"2025-02-07T14:33:39","modified_gmt":"2025-02-07T14:33:39","slug":"vizyonumuz","status":"publish","type":"page","link":"https:\/\/thesoulhotel.com\/tr\/surdurulebilirlik\/vizyonumuz\/","title":{"rendered":"Vizyonumuz"},"content":{"rendered":"\t\t<div data-elementor-type=\"wp-page\" data-elementor-id=\"9051\" class=\"elementor elementor-9051 elementor-8107\" data-elementor-post-type=\"page\">\n\t\t\t\t<div class=\"elementor-element elementor-element-ebf27ab e-flex e-con-boxed e-con e-parent\" data-id=\"ebf27ab\" data-element_type=\"container\">\n\t\t\t\t\t<div class=\"e-con-inner\">\n\t\t<div class=\"elementor-element elementor-element-ed0eb84 e-con-full e-flex e-con e-child\" data-id=\"ed0eb84\" data-element_type=\"container\">\n\t\t\t\t<div class=\"elementor-element elementor-element-c0c3898 elementor-widget elementor-widget-image\" data-id=\"c0c3898\" data-element_type=\"widget\" data-widget_type=\"image.default\">\n\t\t\t\t<div class=\"elementor-widget-container\">\n\t\t\t\t\t\t\t\t\t\t\t\t\t\t\t<img fetchpriority=\"high\" decoding=\"async\" width=\"635\" height=\"389\" src=\"https:\/\/thesoulhotel.com\/wp-content\/uploads\/2025\/01\/vision.webp\" class=\"attachment-large size-large wp-image-8125\" alt=\"\" srcset=\"https:\/\/thesoulhotel.com\/wp-content\/uploads\/2025\/01\/vision.webp 635w, https:\/\/thesoulhotel.com\/wp-content\/uploads\/2025\/01\/vision-300x184.webp 300w, https:\/\/thesoulhotel.com\/wp-content\/uploads\/2025\/01\/vision-600x368.webp 600w\" sizes=\"(max-width: 635px) 100vw, 635px\" \/>\t\t\t\t\t\t\t\t\t\t\t\t\t\t\t<\/div>\n\t\t\t\t<\/div>\n\t\t\t\t<\/div>\n\t\t<div class=\"elementor-element elementor-element-83faf55 e-con-full e-flex e-con e-child\" data-id=\"83faf55\" data-element_type=\"container\">\n\t\t\t\t<div class=\"elementor-element elementor-element-122b42a elementor-widget elementor-widget-text-editor\" data-id=\"122b42a\" data-element_type=\"widget\" data-widget_type=\"text-editor.default\">\n\t\t\t\t<div class=\"elementor-widget-container\">\n\t\t\t\t\t\t\t\t\t<h3>Amac\u0131m\u0131z<\/h3>\n<ul>\n    <li>Misafir memnuniyetini \u00f6n planda tutmak,<\/li>\n    <li>E\u011fitim ve ileti\u015fim yoluyla kar\u015f\u0131l\u0131kl\u0131 g\u00fcven, sayg\u0131 ve sevgiyi geli\u015ftirmek,<\/li>\n    <li>Tedarik\u00e7ilerimiz ve b\u00f6lgesel kurulu\u015flarla i\u015f birli\u011fi i\u00e7inde s\u00fcrekli iyile\u015ftirme \u00e7al\u0131\u015fmalar\u0131 yapmak,<\/li>\n    <li>\u0130nsan sa\u011fl\u0131\u011f\u0131n\u0131 korumak,<\/li>\n    <li>\u00c7evreye kar\u015f\u0131 sorumluluklar\u0131m\u0131z\u0131n bilincinde olarak at\u0131klar\u0131m\u0131z\u0131 kontrol alt\u0131nda tutmak ve do\u011fal kaynak kullan\u0131m\u0131n\u0131 azaltmak,<\/li>\n    <li>Misafirlerimizi a\u011f\u0131rlarken onlar\u0131n huzurlu ve mutlu olmas\u0131n\u0131 sa\u011flamak i\u00e7in g\u00fcvenli ve konforlu ortamlar sunmak, takip ve sahiplenme ilkelerimizden \u00f6d\u00fcn vermeden hareket etmek,<\/li>\n    <li>Ve t\u00fcm bunlar\u0131 ger\u00e7ekle\u015ftirirken \u00e7evre bilincini t\u00fcm \u00e7al\u0131\u015fmalar\u0131m\u0131z\u0131n merkezine yerle\u015ftirmek.<\/li>\n<\/ul>\n\t\t\t\t\t\t\t\t<\/div>\n\t\t\t\t<\/div>\n\t\t\t\t<\/div>\n\t\t\t\t\t<\/div>\n\t\t\t\t<\/div>\n\t\t\t\t<\/div>\n\t\t","protected":false},"excerpt":{"rendered":"<p>Amac\u0131m\u0131z Misafir memnuniyetini \u00f6n planda tutmak, E\u011fitim ve ileti\u015fim yoluyla kar\u015f\u0131l\u0131kl\u0131 g\u00fcven, sayg\u0131 ve sevgiyi geli\u015ftirmek, Tedarik\u00e7ilerimiz ve b\u00f6lgesel kurulu\u015flarla i\u015f birli\u011fi i\u00e7inde s\u00fcrekli iyile\u015ftirme \u00e7al\u0131\u015fmalar\u0131 yapmak, \u0130nsan sa\u011fl\u0131\u011f\u0131n\u0131 korumak, \u00c7evreye kar\u015f\u0131 sorumluluklar\u0131m\u0131z\u0131n bilincinde olarak at\u0131klar\u0131m\u0131z\u0131 kontrol alt\u0131nda tutmak ve do\u011fal kaynak kullan\u0131m\u0131n\u0131 azaltmak, Misafirlerimizi a\u011f\u0131rlarken onlar\u0131n huzurlu ve mutlu olmas\u0131n\u0131 sa\u011flamak i\u00e7in g\u00fcvenli ve [&hellip;]<\/p>\n","protected":false},"author":1,"featured_media":0,"parent":9042,"menu_order":0,"comment_status":"closed","ping_status":"closed","template":"","meta":{"_acf_changed":false,"footnotes":""},"class_list":["post-9051","page","type-page","status-publish","hentry"],"acf":[],"_links":{"self":[{"href":"https:\/\/thesoulhotel.com\/tr\/wp-json\/wp\/v2\/pages\/9051","targetHints":{"allow":["GET"]}}],"collection":[{"href":"https:\/\/thesoulhotel.com\/tr\/wp-json\/wp\/v2\/pages"}],"about":[{"href":"https:\/\/thesoulhotel.com\/tr\/wp-json\/wp\/v2\/types\/page"}],"author":[{"embeddable":true,"href":"https:\/\/thesoulhotel.com\/tr\/wp-json\/wp\/v2\/users\/1"}],"replies":[{"embeddable":true,"href":"https:\/\/thesoulhotel.com\/tr\/wp-json\/wp\/v2\/comments?post=9051"}],"version-history":[{"count":6,"href":"https:\/\/thesoulhotel.com\/tr\/wp-json\/wp\/v2\/pages\/9051\/revisions"}],"predecessor-version":[{"id":9101,"href":"https:\/\/thesoulhotel.com\/tr\/wp-json\/wp\/v2\/pages\/9051\/revisions\/9101"}],"up":[{"embeddable":true,"href":"https:\/\/thesoulhotel.com\/tr\/wp-json\/wp\/v2\/pages\/9042"}],"wp:attachment":[{"href":"https:\/\/thesoulhotel.com\/tr\/wp-json\/wp\/v2\/media?parent=9051"}],"curies":[{"name":"wp","href":"https:\/\/api.w.org\/{rel}","templated":true}]}}