{"id":9049,"date":"2025-01-24T09:26:15","date_gmt":"2025-01-24T09:26:15","guid":{"rendered":"https:\/\/thesoulhotel.com\/surdurulebilirlik\/eco-standards\/"},"modified":"2025-02-07T14:30:53","modified_gmt":"2025-02-07T14:30:53","slug":"eko-standartlar","status":"publish","type":"page","link":"https:\/\/thesoulhotel.com\/tr\/surdurulebilirlik\/eko-standartlar\/","title":{"rendered":"Eko-standartlar"},"content":{"rendered":"\t\t<div data-elementor-type=\"wp-page\" data-elementor-id=\"9049\" class=\"elementor elementor-9049 elementor-8108\" data-elementor-post-type=\"page\">\n\t\t\t\t<div class=\"elementor-element elementor-element-2f394d0 e-flex e-con-boxed e-con e-parent\" data-id=\"2f394d0\" data-element_type=\"container\">\n\t\t\t\t\t<div class=\"e-con-inner\">\n\t\t\t\t<div class=\"elementor-element elementor-element-c975b9b elementor-widget elementor-widget-html\" data-id=\"c975b9b\" data-element_type=\"widget\" data-widget_type=\"html.default\">\n\t\t\t\t<div class=\"elementor-widget-container\">\n\t\t\t\t\t<div class=\"eco-slider-container\">\r\n    <div class=\"eco-slider\">\r\n        <div class=\"eco-slider-item eco-unique-slide-1\">\r\n            <img decoding=\"async\" src=\"https:\/\/thesoulhotel.com\/wp-content\/uploads\/2020\/02\/ekoSlide1-1.png.webp\" alt=\"Slide 1\" \/>\r\n            <div class=\"eco-slider-text\">\r\n                Enerji ve su tasarrufu i\u00e7in t\u00fcm modernizasyonlar\u0131 ger\u00e7ekle\u015ftirerek do\u011faya en az zarar\u0131 vermeyi, ayn\u0131 zamanda bilin\u00e7li kaynak y\u00f6netimi ile tasarruf sa\u011flamay\u0131 ama\u00e7l\u0131yoruz.\r\n            <\/div>\r\n        <\/div>\r\n        <div class=\"eco-slider-item eco-unique-slide-2\">\r\n            <img decoding=\"async\" src=\"https:\/\/thesoulhotel.com\/wp-content\/uploads\/2020\/02\/ekoSlide2-1.png.webp\" alt=\"Slide 2\" \/>\r\n            <div class=\"eco-slider-text\">\r\n                Bir di\u011fer hedefimiz, tesisimizde temizlik, dezenfeksiyon ve di\u011fer ama\u00e7larla kullan\u0131lan kimyasallar\u0131n daha az kirletici \u00f6zellikte olanlar\u0131n\u0131 tercih etmek, bu \u00fcr\u00fcnlerin kullan\u0131m miktarlar\u0131n\u0131 belirli seviyelerde tutmak ve bu s\u00fcreci, onlar\u0131 kullanacak ekibi e\u011fiterek s\u00fcrd\u00fcr\u00fclebilir hale getirmektir.\r\n            <\/div>\r\n        <\/div>\r\n        <div class=\"eco-slider-item eco-unique-slide-3\">\r\n            <img decoding=\"async\" src=\"https:\/\/thesoulhotel.com\/wp-content\/uploads\/2020\/02\/ekoSlide3.png.webp\" alt=\"Slide 3\" \/>\r\n            <div class=\"eco-slider-text\">\r\n                Temiz \u00fcretim felsefesi, bilin\u00e7li t\u00fcketim ve \u00e7evre koruma bilinci ile gezegenimizin k\u0131t kaynaklar\u0131n\u0131n en verimli \u015fekilde kullan\u0131lmas\u0131na katk\u0131da bulunmay\u0131 ve at\u0131k miktar\u0131n\u0131 azaltmay\u0131 ama\u00e7l\u0131yoruz. At\u0131klar\u0131m\u0131z\u0131 kayna\u011f\u0131nda ayr\u0131\u015ft\u0131rarak, ambalaj at\u0131klar\u0131 gibi geri d\u00f6n\u00fc\u015ft\u00fcr\u00fclebilir at\u0131klar\u0131 ekonomiye kazand\u0131r\u0131yoruz.\r\n            <\/div>\r\n        <\/div>\r\n        <div class=\"eco-slider-item eco-unique-slide-4\">\r\n            <img decoding=\"async\" src=\"https:\/\/thesoulhotel.com\/wp-content\/uploads\/2020\/02\/ekoSlide4.png.webp\" alt=\"Slide 4\" \/>\r\n            <div class=\"eco-slider-text\">\r\n                Tesisimizde konaklayan misafirlerimizi \u00e7evre koruma \u00e7al\u0131\u015fmalar\u0131 hakk\u0131nda bilgilendirmek ve bu \u00e7al\u0131\u015fmalar\u0131 desteklemeleri i\u00e7in te\u015fvik etmek istiyoruz.\r\n            <\/div>\r\n        <\/div>\r\n    <\/div>\r\n    <div class=\"eco-navigation\">\r\n        <button id=\"eco-prev\">\u2039<\/button>\r\n        <button id=\"eco-next\">\u203a<\/button>\r\n    <\/div>\r\n<\/div>\r\n\r\n<script>\r\n    const slider = document.querySelector('.eco-slider');\r\n    const slides = document.querySelectorAll('.eco-slider-item');\r\n    const prev = document.getElementById('eco-prev');\r\n    const next = document.getElementById('eco-next');\r\n    let currentIndex = 0;\r\n\r\n    function showSlide(index) {\r\n        slider.style.transform = `translateX(-${index * 100}%)`;\r\n    }\r\n\r\n    prev.addEventListener('click', () => {\r\n        currentIndex = (currentIndex > 0) ? currentIndex - 1 : slides.length - 1;\r\n        showSlide(currentIndex);\r\n    });\r\n\r\n    next.addEventListener('click', () => {\r\n        currentIndex = (currentIndex < slides.length - 1) ? currentIndex + 1 : 0;\r\n        showSlide(currentIndex);\r\n    });\r\n<\/script>\r\n\t\t\t\t<\/div>\n\t\t\t\t<\/div>\n\t\t\t\t\t<\/div>\n\t\t\t\t<\/div>\n\t\t<div class=\"elementor-element elementor-element-8dc81ed e-flex e-con-boxed e-con e-parent\" data-id=\"8dc81ed\" data-element_type=\"container\">\n\t\t\t\t\t<div class=\"e-con-inner\">\n\t\t<div class=\"elementor-element elementor-element-0b60219 e-con-full e-flex e-con e-child\" data-id=\"0b60219\" data-element_type=\"container\">\n\t\t\t\t<div class=\"elementor-element elementor-element-109d392 elementor-widget elementor-widget-text-editor\" data-id=\"109d392\" data-element_type=\"widget\" data-widget_type=\"text-editor.default\">\n\t\t\t\t<div class=\"elementor-widget-container\">\n\t\t\t\t\t\t\t\t\t<p>\n    \u00c7evre bilincini en \u00fcst seviyede tutma i\u015f mant\u0131\u011f\u0131yla hareket ediyor, do\u011faya ve onu payla\u015ft\u0131\u011f\u0131m\u0131z canl\u0131lara sayg\u0131 g\u00f6stererek, \u00fcr\u00fcn ve hizmetlerimizi \u00e7evre \u00fczerindeki olas\u0131 etkilerden koruyoruz.\n<\/p>\n\n<p>\n    S\u00fcrd\u00fcr\u00fclebilir bir \u00e7evre ve ya\u015fam olu\u015fturmak i\u00e7in her t\u00fcrl\u00fc yasal d\u00fczenleme ve \u00e7evre kanunlar\u0131n\u0131 takip ederek bu y\u00fck\u00fcml\u00fcl\u00fckleri yerine getirmek birincil g\u00f6revimizdir.\n<\/p>\n\t\t\t\t\t\t\t\t<\/div>\n\t\t\t\t<\/div>\n\t\t\t\t<\/div>\n\t\t<div class=\"elementor-element elementor-element-0e41462 e-con-full e-flex e-con e-child\" data-id=\"0e41462\" data-element_type=\"container\">\n\t\t\t\t<div class=\"elementor-element elementor-element-327a945 elementor-widget elementor-widget-image\" data-id=\"327a945\" data-element_type=\"widget\" data-widget_type=\"image.default\">\n\t\t\t\t<div class=\"elementor-widget-container\">\n\t\t\t\t\t\t\t\t\t\t\t\t\t\t\t<img fetchpriority=\"high\" decoding=\"async\" width=\"616\" height=\"354\" src=\"https:\/\/thesoulhotel.com\/wp-content\/uploads\/2020\/02\/ekow1.png.webp\" class=\"attachment-large size-large wp-image-8131\" alt=\"\" srcset=\"https:\/\/thesoulhotel.com\/wp-content\/uploads\/2020\/02\/ekow1.png.webp 616w, https:\/\/thesoulhotel.com\/wp-content\/uploads\/2020\/02\/ekow1.png-300x172.webp 300w, https:\/\/thesoulhotel.com\/wp-content\/uploads\/2020\/02\/ekow1.png-600x345.webp 600w\" sizes=\"(max-width: 616px) 100vw, 616px\" \/>\t\t\t\t\t\t\t\t\t\t\t\t\t\t\t<\/div>\n\t\t\t\t<\/div>\n\t\t\t\t<\/div>\n\t\t\t\t\t<\/div>\n\t\t\t\t<\/div>\n\t\t<div class=\"elementor-element elementor-element-367b4d1 e-flex e-con-boxed e-con e-parent\" data-id=\"367b4d1\" data-element_type=\"container\">\n\t\t\t\t\t<div class=\"e-con-inner\">\n\t\t<div class=\"elementor-element elementor-element-ad0e620 e-con-full e-flex e-con e-child\" data-id=\"ad0e620\" data-element_type=\"container\">\n\t\t\t\t<div class=\"elementor-element elementor-element-a3c2653 elementor-widget elementor-widget-image\" data-id=\"a3c2653\" data-element_type=\"widget\" data-widget_type=\"image.default\">\n\t\t\t\t<div class=\"elementor-widget-container\">\n\t\t\t\t\t\t\t\t\t\t\t\t\t\t\t<img decoding=\"async\" width=\"599\" height=\"399\" src=\"https:\/\/thesoulhotel.com\/wp-content\/uploads\/2020\/02\/sur12-1.jpg.webp\" class=\"attachment-large size-large wp-image-8132\" alt=\"\" srcset=\"https:\/\/thesoulhotel.com\/wp-content\/uploads\/2020\/02\/sur12-1.jpg.webp 599w, https:\/\/thesoulhotel.com\/wp-content\/uploads\/2020\/02\/sur12-1.jpg-300x200.webp 300w\" sizes=\"(max-width: 599px) 100vw, 599px\" \/>\t\t\t\t\t\t\t\t\t\t\t\t\t\t\t<\/div>\n\t\t\t\t<\/div>\n\t\t\t\t<\/div>\n\t\t<div class=\"elementor-element elementor-element-3a3fbb0 e-con-full e-flex e-con e-child\" data-id=\"3a3fbb0\" data-element_type=\"container\">\n\t\t\t\t<div class=\"elementor-element elementor-element-9552653 elementor-widget elementor-widget-text-editor\" data-id=\"9552653\" data-element_type=\"widget\" data-widget_type=\"text-editor.default\">\n\t\t\t\t<div class=\"elementor-widget-container\">\n\t\t\t\t\t\t\t\t\t<p>\n    \u00c7evreyi korumak, ekosistemi iyile\u015ftirmek ve s\u00fcrd\u00fcr\u00fclebilir hale getirmek amac\u0131yla, d\u00fcnyadaki \u00e7al\u0131\u015fmalar ve yeni \u00e7\u00f6z\u00fcmleri takip ediyor, bunlar\u0131 belirli periyotlarla personelimizle payla\u015f\u0131yor ve \u00e7evre sorumlulu\u011fu bilinciyle s\u00fcrekli e\u011fitim sa\u011flamay\u0131 hedefliyoruz.\n<\/p>\n\n<p>\n    Temiz \u00fcretim felsefesi, bilin\u00e7li t\u00fcketim ve \u00e7evre koruma bilinci ile gezegenimizin k\u0131t kaynaklar\u0131n\u0131n en verimli \u015fekilde kullan\u0131lmas\u0131na katk\u0131da bulunmay\u0131 ve at\u0131k miktar\u0131n\u0131 azaltmay\u0131 ama\u00e7l\u0131yoruz. At\u0131klar\u0131m\u0131z\u0131 kayna\u011f\u0131nda ayr\u0131\u015ft\u0131rarak, ambalaj at\u0131klar\u0131 gibi geri d\u00f6n\u00fc\u015ft\u00fcr\u00fclebilir at\u0131klar\u0131 ekonomiye kazand\u0131r\u0131yoruz.\n<\/p>\n\t\t\t\t\t\t\t\t<\/div>\n\t\t\t\t<\/div>\n\t\t\t\t<\/div>\n\t\t\t\t\t<\/div>\n\t\t\t\t<\/div>\n\t\t\t\t<\/div>\n\t\t","protected":false},"excerpt":{"rendered":"<p>Enerji ve su tasarrufu i\u00e7in t\u00fcm modernizasyonlar\u0131 ger\u00e7ekle\u015ftirerek do\u011faya en az zarar\u0131 vermeyi, ayn\u0131 zamanda bilin\u00e7li kaynak y\u00f6netimi ile tasarruf sa\u011flamay\u0131 ama\u00e7l\u0131yoruz. Bir di\u011fer hedefimiz, tesisimizde temizlik, dezenfeksiyon ve di\u011fer ama\u00e7larla kullan\u0131lan kimyasallar\u0131n daha az kirletici \u00f6zellikte olanlar\u0131n\u0131 tercih etmek, bu \u00fcr\u00fcnlerin kullan\u0131m miktarlar\u0131n\u0131 belirli seviyelerde tutmak ve bu s\u00fcreci, onlar\u0131 kullanacak ekibi e\u011fiterek s\u00fcrd\u00fcr\u00fclebilir [&hellip;]<\/p>\n","protected":false},"author":1,"featured_media":0,"parent":9042,"menu_order":0,"comment_status":"closed","ping_status":"closed","template":"","meta":{"_acf_changed":false,"footnotes":""},"class_list":["post-9049","page","type-page","status-publish","hentry"],"acf":[],"_links":{"self":[{"href":"https:\/\/thesoulhotel.com\/tr\/wp-json\/wp\/v2\/pages\/9049","targetHints":{"allow":["GET"]}}],"collection":[{"href":"https:\/\/thesoulhotel.com\/tr\/wp-json\/wp\/v2\/pages"}],"about":[{"href":"https:\/\/thesoulhotel.com\/tr\/wp-json\/wp\/v2\/types\/page"}],"author":[{"embeddable":true,"href":"https:\/\/thesoulhotel.com\/tr\/wp-json\/wp\/v2\/users\/1"}],"replies":[{"embeddable":true,"href":"https:\/\/thesoulhotel.com\/tr\/wp-json\/wp\/v2\/comments?post=9049"}],"version-history":[{"count":6,"href":"https:\/\/thesoulhotel.com\/tr\/wp-json\/wp\/v2\/pages\/9049\/revisions"}],"predecessor-version":[{"id":9095,"href":"https:\/\/thesoulhotel.com\/tr\/wp-json\/wp\/v2\/pages\/9049\/revisions\/9095"}],"up":[{"embeddable":true,"href":"https:\/\/thesoulhotel.com\/tr\/wp-json\/wp\/v2\/pages\/9042"}],"wp:attachment":[{"href":"https:\/\/thesoulhotel.com\/tr\/wp-json\/wp\/v2\/media?parent=9049"}],"curies":[{"name":"wp","href":"https:\/\/api.w.org\/{rel}","templated":true}]}}