{"id":9047,"date":"2025-01-24T09:26:38","date_gmt":"2025-01-24T09:26:38","guid":{"rendered":"https:\/\/thesoulhotel.com\/surdurulebilirlik\/certificates\/"},"modified":"2025-11-18T07:02:08","modified_gmt":"2025-11-18T07:02:08","slug":"sertifikalar","status":"publish","type":"page","link":"https:\/\/thesoulhotel.com\/tr\/surdurulebilirlik\/sertifikalar\/","title":{"rendered":"Sertifikalar"},"content":{"rendered":"\t\t<div data-elementor-type=\"wp-page\" data-elementor-id=\"9047\" class=\"elementor elementor-9047 elementor-8109\" data-elementor-post-type=\"page\">\n\t\t\t\t<div class=\"elementor-element elementor-element-301a8e4 e-flex e-con-boxed e-con e-parent\" data-id=\"301a8e4\" data-element_type=\"container\">\n\t\t\t\t\t<div class=\"e-con-inner\">\n\t\t<div class=\"elementor-element elementor-element-2b9223b e-con-full e-flex e-con e-child\" data-id=\"2b9223b\" data-element_type=\"container\">\n\t\t\t\t<div class=\"elementor-element elementor-element-5d919a8 elementor-widget elementor-widget-image\" data-id=\"5d919a8\" data-element_type=\"widget\" data-widget_type=\"image.default\">\n\t\t\t\t<div class=\"elementor-widget-container\">\n\t\t\t\t\t\t\t\t\t\t\t\t\t\t\t<img fetchpriority=\"high\" decoding=\"async\" width=\"640\" height=\"905\" src=\"https:\/\/thesoulhotel.com\/wp-content\/uploads\/2020\/02\/surdurulebilirlik-724x1024.jpg\" class=\"attachment-large size-large wp-image-9585\" alt=\"\" srcset=\"https:\/\/thesoulhotel.com\/wp-content\/uploads\/2020\/02\/surdurulebilirlik-724x1024.jpg 724w, https:\/\/thesoulhotel.com\/wp-content\/uploads\/2020\/02\/surdurulebilirlik-212x300.jpg 212w, https:\/\/thesoulhotel.com\/wp-content\/uploads\/2020\/02\/surdurulebilirlik-768x1087.jpg 768w, https:\/\/thesoulhotel.com\/wp-content\/uploads\/2020\/02\/surdurulebilirlik-1085x1536.jpg 1085w, https:\/\/thesoulhotel.com\/wp-content\/uploads\/2020\/02\/surdurulebilirlik.jpg 1240w\" sizes=\"(max-width: 640px) 100vw, 640px\" \/>\t\t\t\t\t\t\t\t\t\t\t\t\t\t\t<\/div>\n\t\t\t\t<\/div>\n\t\t\t\t<\/div>\n\t\t<div class=\"elementor-element elementor-element-75d2160 e-con-full e-flex e-con e-child\" data-id=\"75d2160\" data-element_type=\"container\">\n\t\t\t\t<div class=\"elementor-element elementor-element-b8d4992 elementor-widget elementor-widget-text-editor\" data-id=\"b8d4992\" data-element_type=\"widget\" data-widget_type=\"text-editor.default\">\n\t\t\t\t<div class=\"elementor-widget-container\">\n\t\t\t\t\t\t\t\t\t<p><br \/>Ya\u015fayan bir sistem olarak de\u011ferlendirilen y\u00f6netim sistemlerimiz, uygunluk, yeterlilik ve etkinlik a\u00e7\u0131s\u0131ndan d\u00fczenli olarak denetlenmekte ve hizmet standartlar\u0131m\u0131z\u0131n s\u00fcreklili\u011fini ve geli\u015fimini sa\u011flamak amac\u0131yla s\u00fcrekli iyile\u015ftirilmektedir.<\/p><p>Hizmet kalitesi ve m\u00fc\u015fteri odakl\u0131l\u0131k sonucunda, s\u00fcrekli iyile\u015ftirme, sa\u011fl\u0131k ve \u00e7evre konular\u0131na duyarl\u0131l\u0131\u011f\u0131m\u0131z\u0131n bir gere\u011fi olarak, Ya\u015fmak Hotel Collection t\u00fcm otellerinde;<\/p><ul><li><strong>ISO 9001:2015 Kalite Y\u00f6netim Sistemi,<\/strong><\/li><li><strong>ISO 22000:2018 G\u0131da G\u00fcvenli\u011fi Y\u00f6netim Sistemi,<\/strong><\/li><li><strong>Ye\u015fil Y\u0131ld\u0131z Otel Standartlar\u0131n\u0131 benimsemi\u015ftir.<\/strong><\/li><\/ul><p><a href=\"https:\/\/thesoulhotel.com\/wp-content\/uploads\/2020\/02\/GSTC-2025-2026-THE-SOUL-HOTEL-SURDURULEBILIR-TURIZM-SERTIFIKASI.pdf\" target=\"_blank\" rel=\"noopener\">SERT\u0130F\u0130KAYI G\u00d6RMEK \u0130\u00c7\u0130N TIKLAYIN<\/a><\/p>\t\t\t\t\t\t\t\t<\/div>\n\t\t\t\t<\/div>\n\t\t\t\t<\/div>\n\t\t\t\t\t<\/div>\n\t\t\t\t<\/div>\n\t\t<div class=\"elementor-element elementor-element-237e41b e-flex e-con-boxed e-con e-parent\" data-id=\"237e41b\" data-element_type=\"container\">\n\t\t\t\t\t<div class=\"e-con-inner\">\n\t\t<div class=\"elementor-element elementor-element-124cfd2 e-con-full e-flex e-con e-child\" data-id=\"124cfd2\" data-element_type=\"container\">\n\t\t\t\t<div class=\"elementor-element elementor-element-786a769 elementor-widget elementor-widget-image\" data-id=\"786a769\" data-element_type=\"widget\" data-widget_type=\"image.default\">\n\t\t\t\t<div class=\"elementor-widget-container\">\n\t\t\t\t\t\t\t\t\t\t\t\t\t\t\t<img decoding=\"async\" width=\"370\" height=\"264\" src=\"https:\/\/thesoulhotel.com\/wp-content\/uploads\/2025\/01\/sifirsoul-370x264-1.png\" class=\"attachment-large size-large wp-image-8147\" alt=\"\" srcset=\"https:\/\/thesoulhotel.com\/wp-content\/uploads\/2025\/01\/sifirsoul-370x264-1.png 370w, https:\/\/thesoulhotel.com\/wp-content\/uploads\/2025\/01\/sifirsoul-370x264-1-300x214.png 300w\" sizes=\"(max-width: 370px) 100vw, 370px\" \/>\t\t\t\t\t\t\t\t\t\t\t\t\t\t\t<\/div>\n\t\t\t\t<\/div>\n\t\t\t\t<\/div>\n\t\t<div class=\"elementor-element elementor-element-4813ec4 e-con-full e-flex e-con e-child\" data-id=\"4813ec4\" data-element_type=\"container\">\n\t\t\t\t<div class=\"elementor-element elementor-element-ba12c11 elementor-widget elementor-widget-text-editor\" data-id=\"ba12c11\" data-element_type=\"widget\" data-widget_type=\"text-editor.default\">\n\t\t\t\t<div class=\"elementor-widget-container\">\n\t\t\t\t\t\t\t\t\t<h3>S\u0131f\u0131r At\u0131k Sertifikas\u0131<\/h3>\n<a href=\"https:\/\/thesoulhotel.com\/wp-content\/uploads\/2020\/02\/TheSoulOtelSifirAtik.pdf\" target=\"_blank\" rel=\"noopener\">SERT\u0130F\u0130KAYI G\u00d6RMEK \u0130\u00c7\u0130N TIKLAYIN<\/a>\n\t\t\t\t\t\t\t\t<\/div>\n\t\t\t\t<\/div>\n\t\t\t\t<\/div>\n\t\t\t\t\t<\/div>\n\t\t\t\t<\/div>\n\t\t<div class=\"elementor-element elementor-element-5c334b9 e-flex e-con-boxed e-con e-parent\" data-id=\"5c334b9\" data-element_type=\"container\">\n\t\t\t\t\t<div class=\"e-con-inner\">\n\t\t<div class=\"elementor-element elementor-element-f1021b1 e-con-full e-flex e-con e-child\" data-id=\"f1021b1\" data-element_type=\"container\">\n\t\t\t\t<div class=\"elementor-element elementor-element-f879cea elementor-widget elementor-widget-image\" data-id=\"f879cea\" data-element_type=\"widget\" data-widget_type=\"image.default\">\n\t\t\t\t<div class=\"elementor-widget-container\">\n\t\t\t\t\t\t\t\t\t\t\t\t\t\t\t<img decoding=\"async\" width=\"212\" height=\"300\" src=\"https:\/\/thesoulhotel.com\/wp-content\/uploads\/2025\/11\/elektrik-uretim-sertifikasi-212x300.jpg\" class=\"attachment-medium size-medium wp-image-9770\" alt=\"\" srcset=\"https:\/\/thesoulhotel.com\/wp-content\/uploads\/2025\/11\/elektrik-uretim-sertifikasi-212x300.jpg 212w, https:\/\/thesoulhotel.com\/wp-content\/uploads\/2025\/11\/elektrik-uretim-sertifikasi-724x1024.jpg 724w, https:\/\/thesoulhotel.com\/wp-content\/uploads\/2025\/11\/elektrik-uretim-sertifikasi-768x1087.jpg 768w, https:\/\/thesoulhotel.com\/wp-content\/uploads\/2025\/11\/elektrik-uretim-sertifikasi-1086x1536.jpg 1086w, https:\/\/thesoulhotel.com\/wp-content\/uploads\/2025\/11\/elektrik-uretim-sertifikasi-1447x2048.jpg 1447w, https:\/\/thesoulhotel.com\/wp-content\/uploads\/2025\/11\/elektrik-uretim-sertifikasi-scaled.jpg 1809w\" sizes=\"(max-width: 212px) 100vw, 212px\" \/>\t\t\t\t\t\t\t\t\t\t\t\t\t\t\t<\/div>\n\t\t\t\t<\/div>\n\t\t\t\t<\/div>\n\t\t<div class=\"elementor-element elementor-element-705b50f e-con-full e-flex e-con e-child\" data-id=\"705b50f\" data-element_type=\"container\">\n\t\t\t\t<div class=\"elementor-element elementor-element-b9502c6 elementor-widget elementor-widget-text-editor\" data-id=\"b9502c6\" data-element_type=\"widget\" data-widget_type=\"text-editor.default\">\n\t\t\t\t<div class=\"elementor-widget-container\">\n\t\t\t\t\t\t\t\t\t<h3>Elektrik \u00dcretim Sertifikas\u0131<\/h3><p><a href=\"https:\/\/thesoulhotel.com\/wp-content\/uploads\/2025\/11\/elektrik-uretim-sertifikasi.pdf\" target=\"_blank\" rel=\"noopener\">SERT\u0130F\u0130KAYI G\u00d6RMEK \u0130\u00c7\u0130N TIKLAYIN<\/a><\/p>\t\t\t\t\t\t\t\t<\/div>\n\t\t\t\t<\/div>\n\t\t\t\t<\/div>\n\t\t\t\t\t<\/div>\n\t\t\t\t<\/div>\n\t\t\t\t<\/div>\n\t\t","protected":false},"excerpt":{"rendered":"<p>Ya\u015fayan bir sistem olarak de\u011ferlendirilen y\u00f6netim sistemlerimiz, uygunluk, yeterlilik ve etkinlik a\u00e7\u0131s\u0131ndan d\u00fczenli olarak denetlenmekte ve hizmet standartlar\u0131m\u0131z\u0131n s\u00fcreklili\u011fini ve geli\u015fimini sa\u011flamak amac\u0131yla s\u00fcrekli iyile\u015ftirilmektedir. Hizmet kalitesi ve m\u00fc\u015fteri odakl\u0131l\u0131k sonucunda, s\u00fcrekli iyile\u015ftirme, sa\u011fl\u0131k ve \u00e7evre konular\u0131na duyarl\u0131l\u0131\u011f\u0131m\u0131z\u0131n bir gere\u011fi olarak, Ya\u015fmak Hotel Collection t\u00fcm otellerinde; ISO 9001:2015 Kalite Y\u00f6netim Sistemi, ISO 22000:2018 G\u0131da G\u00fcvenli\u011fi [&hellip;]<\/p>\n","protected":false},"author":1,"featured_media":0,"parent":9042,"menu_order":0,"comment_status":"closed","ping_status":"closed","template":"","meta":{"_acf_changed":false,"footnotes":""},"class_list":["post-9047","page","type-page","status-publish","hentry"],"acf":[],"_links":{"self":[{"href":"https:\/\/thesoulhotel.com\/tr\/wp-json\/wp\/v2\/pages\/9047","targetHints":{"allow":["GET"]}}],"collection":[{"href":"https:\/\/thesoulhotel.com\/tr\/wp-json\/wp\/v2\/pages"}],"about":[{"href":"https:\/\/thesoulhotel.com\/tr\/wp-json\/wp\/v2\/types\/page"}],"author":[{"embeddable":true,"href":"https:\/\/thesoulhotel.com\/tr\/wp-json\/wp\/v2\/users\/1"}],"replies":[{"embeddable":true,"href":"https:\/\/thesoulhotel.com\/tr\/wp-json\/wp\/v2\/comments?post=9047"}],"version-history":[{"count":12,"href":"https:\/\/thesoulhotel.com\/tr\/wp-json\/wp\/v2\/pages\/9047\/revisions"}],"predecessor-version":[{"id":9779,"href":"https:\/\/thesoulhotel.com\/tr\/wp-json\/wp\/v2\/pages\/9047\/revisions\/9779"}],"up":[{"embeddable":true,"href":"https:\/\/thesoulhotel.com\/tr\/wp-json\/wp\/v2\/pages\/9042"}],"wp:attachment":[{"href":"https:\/\/thesoulhotel.com\/tr\/wp-json\/wp\/v2\/media?parent=9047"}],"curies":[{"name":"wp","href":"https:\/\/api.w.org\/{rel}","templated":true}]}}