{"id":9042,"date":"2025-01-24T09:11:25","date_gmt":"2025-01-24T09:11:25","guid":{"rendered":"https:\/\/thesoulhotel.com\/sustainability\/"},"modified":"2025-05-21T20:23:56","modified_gmt":"2025-05-21T20:23:56","slug":"surdurulebilirlik","status":"publish","type":"page","link":"https:\/\/thesoulhotel.com\/tr\/surdurulebilirlik\/","title":{"rendered":"S\u00fcrd\u00fcr\u00fclebilirlik"},"content":{"rendered":"\t\t<div data-elementor-type=\"wp-page\" data-elementor-id=\"9042\" class=\"elementor elementor-9042 elementor-8092\" data-elementor-post-type=\"page\">\n\t\t\t\t<div class=\"elementor-element elementor-element-dca2d82 e-flex e-con-boxed e-con e-parent\" data-id=\"dca2d82\" data-element_type=\"container\">\n\t\t\t\t\t<div class=\"e-con-inner\">\n\t\t<div class=\"elementor-element elementor-element-1204da3 e-con-full e-flex e-con e-child\" data-id=\"1204da3\" data-element_type=\"container\">\n\t\t\t\t<div class=\"elementor-element elementor-element-7d34ae6 elementor-widget elementor-widget-image\" data-id=\"7d34ae6\" data-element_type=\"widget\" data-widget_type=\"image.default\">\n\t\t\t\t<div class=\"elementor-widget-container\">\n\t\t\t\t\t\t\t\t\t\t\t\t\t\t\t<img fetchpriority=\"high\" decoding=\"async\" width=\"452\" height=\"272\" src=\"https:\/\/thesoulhotel.com\/wp-content\/uploads\/2025\/01\/surv1.jpg.jpg.webp\" class=\"attachment-large size-large wp-image-8094\" alt=\"\" srcset=\"https:\/\/thesoulhotel.com\/wp-content\/uploads\/2025\/01\/surv1.jpg.jpg.webp 452w, https:\/\/thesoulhotel.com\/wp-content\/uploads\/2025\/01\/surv1.jpg.jpg-300x181.webp 300w\" sizes=\"(max-width: 452px) 100vw, 452px\" \/>\t\t\t\t\t\t\t\t\t\t\t\t\t\t\t<\/div>\n\t\t\t\t<\/div>\n\t\t<div class=\"elementor-element elementor-element-64973b5 e-con-full e-flex e-con e-child\" data-id=\"64973b5\" data-element_type=\"container\">\n\t\t\t\t<div class=\"elementor-element elementor-element-8e8cff5 elementor-widget elementor-widget-heading\" data-id=\"8e8cff5\" data-element_type=\"widget\" data-widget_type=\"heading.default\">\n\t\t\t\t<div class=\"elementor-widget-container\">\n\t\t\t\t\t<h3 class=\"elementor-heading-title elementor-size-default\">Our Vision<\/h3>\t\t\t\t<\/div>\n\t\t\t\t<\/div>\n\t\t\t\t<div class=\"elementor-element elementor-element-32eae1a elementor-align-right elementor-widget elementor-widget-button\" data-id=\"32eae1a\" data-element_type=\"widget\" data-widget_type=\"button.default\">\n\t\t\t\t<div class=\"elementor-widget-container\">\n\t\t\t\t\t\t\t\t\t<div class=\"elementor-button-wrapper\">\n\t\t\t\t\t<a class=\"elementor-button elementor-button-link elementor-size-sm\" href=\"https:\/\/thesoulhotel.com\/sustainability\/our-vision\/\">\n\t\t\t\t\t\t<span class=\"elementor-button-content-wrapper\">\n\t\t\t\t\t\t\t\t\t<span class=\"elementor-button-text\">Devam\u0131n\u0131 oku<\/span>\n\t\t\t\t\t<\/span>\n\t\t\t\t\t<\/a>\n\t\t\t\t<\/div>\n\t\t\t\t\t\t\t\t<\/div>\n\t\t\t\t<\/div>\n\t\t\t\t<\/div>\n\t\t\t\t<\/div>\n\t\t<div class=\"elementor-element elementor-element-6bd3749 e-con-full e-flex e-con e-child\" data-id=\"6bd3749\" data-element_type=\"container\">\n\t\t\t\t<div class=\"elementor-element elementor-element-0497901 elementor-widget elementor-widget-image\" data-id=\"0497901\" data-element_type=\"widget\" data-widget_type=\"image.default\">\n\t\t\t\t<div class=\"elementor-widget-container\">\n\t\t\t\t\t\t\t\t\t\t\t\t\t\t\t<img decoding=\"async\" width=\"452\" height=\"272\" src=\"https:\/\/thesoulhotel.com\/wp-content\/uploads\/2025\/01\/surv2.jpg-2.jpg.webp\" class=\"attachment-large size-large wp-image-8095\" alt=\"\" srcset=\"https:\/\/thesoulhotel.com\/wp-content\/uploads\/2025\/01\/surv2.jpg-2.jpg.webp 452w, https:\/\/thesoulhotel.com\/wp-content\/uploads\/2025\/01\/surv2.jpg-2.jpg-300x181.webp 300w\" sizes=\"(max-width: 452px) 100vw, 452px\" \/>\t\t\t\t\t\t\t\t\t\t\t\t\t\t\t<\/div>\n\t\t\t\t<\/div>\n\t\t<div class=\"elementor-element elementor-element-f79cd33 e-con-full e-flex e-con e-child\" data-id=\"f79cd33\" data-element_type=\"container\">\n\t\t\t\t<div class=\"elementor-element elementor-element-7e8f9f1 elementor-widget elementor-widget-heading\" data-id=\"7e8f9f1\" data-element_type=\"widget\" data-widget_type=\"heading.default\">\n\t\t\t\t<div class=\"elementor-widget-container\">\n\t\t\t\t\t<h3 class=\"elementor-heading-title elementor-size-default\">Eco-standards<\/h3>\t\t\t\t<\/div>\n\t\t\t\t<\/div>\n\t\t\t\t<div class=\"elementor-element elementor-element-78f2f1e elementor-align-right elementor-widget elementor-widget-button\" data-id=\"78f2f1e\" data-element_type=\"widget\" data-widget_type=\"button.default\">\n\t\t\t\t<div class=\"elementor-widget-container\">\n\t\t\t\t\t\t\t\t\t<div class=\"elementor-button-wrapper\">\n\t\t\t\t\t<a class=\"elementor-button elementor-button-link elementor-size-sm\" href=\"https:\/\/thesoulhotel.com\/sustainability\/eco-standards\/\">\n\t\t\t\t\t\t<span class=\"elementor-button-content-wrapper\">\n\t\t\t\t\t\t\t\t\t<span class=\"elementor-button-text\">Devam\u0131n\u0131 oku<\/span>\n\t\t\t\t\t<\/span>\n\t\t\t\t\t<\/a>\n\t\t\t\t<\/div>\n\t\t\t\t\t\t\t\t<\/div>\n\t\t\t\t<\/div>\n\t\t\t\t<\/div>\n\t\t\t\t<\/div>\n\t\t<div class=\"elementor-element elementor-element-b4f0541 e-con-full e-flex e-con e-child\" data-id=\"b4f0541\" data-element_type=\"container\">\n\t\t\t\t<div class=\"elementor-element elementor-element-6c64d5d elementor-widget elementor-widget-image\" data-id=\"6c64d5d\" data-element_type=\"widget\" data-widget_type=\"image.default\">\n\t\t\t\t<div class=\"elementor-widget-container\">\n\t\t\t\t\t\t\t\t\t\t\t\t\t\t\t<img decoding=\"async\" width=\"451\" height=\"272\" src=\"https:\/\/thesoulhotel.com\/wp-content\/uploads\/2025\/01\/surv3.jpg-1.jpg.webp\" class=\"attachment-large size-large wp-image-8096\" alt=\"\" srcset=\"https:\/\/thesoulhotel.com\/wp-content\/uploads\/2025\/01\/surv3.jpg-1.jpg.webp 451w, https:\/\/thesoulhotel.com\/wp-content\/uploads\/2025\/01\/surv3.jpg-1.jpg-300x181.webp 300w\" sizes=\"(max-width: 451px) 100vw, 451px\" \/>\t\t\t\t\t\t\t\t\t\t\t\t\t\t\t<\/div>\n\t\t\t\t<\/div>\n\t\t<div class=\"elementor-element elementor-element-7115395 e-con-full e-flex e-con e-child\" data-id=\"7115395\" data-element_type=\"container\">\n\t\t\t\t<div class=\"elementor-element elementor-element-8dac7f2 elementor-widget elementor-widget-heading\" data-id=\"8dac7f2\" data-element_type=\"widget\" data-widget_type=\"heading.default\">\n\t\t\t\t<div class=\"elementor-widget-container\">\n\t\t\t\t\t<h3 class=\"elementor-heading-title elementor-size-default\">Certificates<\/h3>\t\t\t\t<\/div>\n\t\t\t\t<\/div>\n\t\t\t\t<div class=\"elementor-element elementor-element-403d3d7 elementor-align-right elementor-widget elementor-widget-button\" data-id=\"403d3d7\" data-element_type=\"widget\" data-widget_type=\"button.default\">\n\t\t\t\t<div class=\"elementor-widget-container\">\n\t\t\t\t\t\t\t\t\t<div class=\"elementor-button-wrapper\">\n\t\t\t\t\t<a class=\"elementor-button elementor-button-link elementor-size-sm\" href=\"https:\/\/thesoulhotel.com\/sustainability\/certificates\/\">\n\t\t\t\t\t\t<span class=\"elementor-button-content-wrapper\">\n\t\t\t\t\t\t\t\t\t<span class=\"elementor-button-text\">Devam\u0131n\u0131 oku<\/span>\n\t\t\t\t\t<\/span>\n\t\t\t\t\t<\/a>\n\t\t\t\t<\/div>\n\t\t\t\t\t\t\t\t<\/div>\n\t\t\t\t<\/div>\n\t\t\t\t<\/div>\n\t\t\t\t<\/div>\n\t\t\t\t\t<\/div>\n\t\t\t\t<\/div>\n\t\t<div class=\"elementor-element elementor-element-bd23b63 e-flex e-con-boxed e-con e-parent\" data-id=\"bd23b63\" data-element_type=\"container\">\n\t\t\t\t\t<div class=\"e-con-inner\">\n\t\t\t\t<div class=\"elementor-element elementor-element-e496ef9 elementor-widget elementor-widget-html\" data-id=\"e496ef9\" data-element_type=\"widget\" data-widget_type=\"html.default\">\n\t\t\t\t<div class=\"elementor-widget-container\">\n\t\t\t\t\t<div class=\"col-md-12 mt-30\" style=\"padding: 20px; display: flex; justify-content: center; align-items: center; background-color: #c19b76; border-radius: 5px;\">\r\n    <a href=\"https:\/\/www.yasmakhotelcollection.com\/surdurulebilirlik.html\" target=\"_blank\" style=\"color: #000000; text-decoration: none;\">S\u00fcrd\u00fcr\u00fclebilirlik raporumuzu g\u00f6r\u00fcnt\u00fclemek i\u00e7in t\u0131klay\u0131n.<\/a>\r\n<\/div>\t\t\t\t<\/div>\n\t\t\t\t<\/div>\n\t\t\t\t\t<\/div>\n\t\t\t\t<\/div>\n\t\t<div class=\"elementor-element elementor-element-b06a24e e-flex e-con-boxed e-con e-parent\" data-id=\"b06a24e\" data-element_type=\"container\">\n\t\t\t\t\t<div class=\"e-con-inner\">\n\t\t\t\t<div class=\"elementor-element elementor-element-ee4c508 elementor-widget elementor-widget-html\" data-id=\"ee4c508\" data-element_type=\"widget\" data-widget_type=\"html.default\">\n\t\t\t\t<div class=\"elementor-widget-container\">\n\t\t\t\t\t<div id=\"accordion-container\"><\/div>\r\n\r\n<script>\r\n  const title = \"Politikalar\u0131m\u0131z\u0131 g\u00f6r\u00fcnt\u00fclemek i\u00e7in t\u0131klay\u0131n\";\r\n  const policies = [\r\n    \"Kalite ve G\u0131da G\u00fcvenli\u011fi Politikas\u0131\",\r\n    \"S\u00fcrd\u00fcr\u00fclebilirlik Politikas\u0131\",\r\n    \"\u0130\u015f Sa\u011fl\u0131\u011f\u0131 ve G\u00fcvenli\u011fi Politikas\u0131\",\r\n    \"\u00c7ocuk G\u00fcvenli\u011fi Politikas\u0131\",\r\n    \"\u00c7evre Politikas\u0131\",\r\n    \"\u00c7ocuk Haklar\u0131 Politikas\u0131\",\r\n    \"Kad\u0131n Haklar\u0131 Politikas\u0131\",\r\n    \"Enerji Verimlili\u011fi Politikas\u0131\",\r\n    \"Sat\u0131n Alma Politikas\u0131\",\r\n    \"E\u015fitlik, \u00c7e\u015fitlilik ve Kapsay\u0131c\u0131l\u0131k Politikas\u0131\"\r\n  ];\r\n  const urls = [\r\n    \"https:\/\/www.yasmakhotelcollection.com\/politikalar\/yhc-eys-gn003-kalite-ve-gida-guvenligi-politikasi-r7.pdf\",\r\n    \"https:\/\/www.yasmakhotelcollection.com\/politikalar\/yhc-eys-gn004-surdurulebilirlik-politikasi-r0.pdf\",\r\n    \"https:\/\/www.yasmakhotelcollection.com\/politikalar\/yhc-eys-gn009-isg-politikasi-r0.pdf\",\r\n    \"https:\/\/www.yasmakhotelcollection.com\/politikalar\/yhc-eys-gn010-cocuk-guvenligi-politikasi-r0.pdf\",\r\n    \"https:\/\/www.yasmakhotelcollection.com\/politikalar\/yhc-eys-gn013-cevre-politikasi-r3.pdf\",\r\n    \"https:\/\/www.yasmakhotelcollection.com\/politikalar\/yhc-eys-gn015-cocuk-haklari-politikasi-r1.pdf\",\r\n    \"https:\/\/www.yasmakhotelcollection.com\/politikalar\/yhc-eys-gn016-kadin-haklari-politikasi-r1.pdf\",\r\n    \"https:\/\/www.yasmakhotelcollection.com\/politikalar\/yhc-eys-gn017-enerji-verimligi-politikasi-r1.pdf\",\r\n    \"https:\/\/www.yasmakhotelcollection.com\/politikalar\/yhc-eys-gn018-satin-alma-politikasi-r1.pdf\",\r\n    \"https:\/\/www.yasmakhotelcollection.com\/politikalar\/yhc-eys-gn019-esitlik-cesitlilik-ve-kapsayicilik-politikasi-r1.pdf\"\r\n  ];\r\n\r\n  const container = document.getElementById(\"accordion-container\");\r\n\r\n  \/\/ Header\r\n  const header = document.createElement(\"div\");\r\n  header.style.backgroundColor = \"#c19b76\";\r\n  header.style.color = \"#fff\";\r\n  header.style.padding = \"12px 16px\";\r\n  header.style.cursor = \"pointer\";\r\n  header.style.borderRadius = \"5px\";\r\n  header.style.marginBottom = \"10px\";\r\n  header.style.display = \"flex\";\r\n  header.style.justifyContent = \"space-between\";\r\n  header.style.alignItems = \"center\";\r\n  header.innerHTML = `\r\n    <span>${title}<\/span>\r\n    <span id=\"arrow\" style=\"transition: transform 0.3s ease;\">\u25be<\/span>\r\n  `;\r\n\r\n  \/\/ List wrapper (animasyonlu)\r\n  const wrapper = document.createElement(\"div\");\r\n  wrapper.style.maxHeight = \"0\";\r\n  wrapper.style.overflow = \"hidden\";\r\n  wrapper.style.transition = \"max-height 0.5s ease\";\r\n\r\n  \/\/ Liste\r\n  const list = document.createElement(\"ul\");\r\n  list.style.listStyle = \"none\";\r\n  list.style.padding = \"0\";\r\n  list.style.margin = \"0\";\r\n\r\n  policies.forEach((name, index) => {\r\n    const li = document.createElement(\"li\");\r\n    const a = document.createElement(\"a\");\r\n    a.href = urls[index];\r\n    a.textContent = name;\r\n    a.target = \"_blank\";\r\n    a.style.display = \"block\";\r\n    a.style.padding = \"8px 12px\";\r\n    a.style.textDecoration = \"none\";\r\n    a.style.color = \"#1b3c5d\";\r\n    a.onmouseover = () => a.style.textDecoration = \"underline\";\r\n    a.onmouseout = () => a.style.textDecoration = \"none\";\r\n    li.appendChild(a);\r\n    list.appendChild(li);\r\n  });\r\n\r\n  wrapper.appendChild(list);\r\n\r\n  let isOpen = false;\r\n  header.addEventListener(\"click\", () => {\r\n    const arrow = header.querySelector(\"#arrow\");\r\n    isOpen = !isOpen;\r\n    wrapper.style.maxHeight = isOpen ? list.scrollHeight + \"px\" : \"0\";\r\n    arrow.style.transform = isOpen ? \"rotate(180deg)\" : \"rotate(0deg)\";\r\n  });\r\n\r\n  container.appendChild(header);\r\n  container.appendChild(wrapper);\r\n<\/script>\t\t\t\t<\/div>\n\t\t\t\t<\/div>\n\t\t\t\t\t<\/div>\n\t\t\t\t<\/div>\n\t\t<div class=\"elementor-element elementor-element-2138597 e-flex e-con-boxed e-con e-parent\" data-id=\"2138597\" data-element_type=\"container\">\n\t\t\t\t\t<div class=\"e-con-inner\">\n\t\t<div class=\"elementor-element elementor-element-33d03f0 e-con-full e-flex e-con e-child\" data-id=\"33d03f0\" data-element_type=\"container\">\n\t\t\t\t<div class=\"elementor-element elementor-element-bbc6eb5 elementor-widget elementor-widget-text-editor\" data-id=\"bbc6eb5\" data-element_type=\"widget\" data-widget_type=\"text-editor.default\">\n\t\t\t\t<div class=\"elementor-widget-container\">\n\t\t\t\t\t\t\t\t\t<h3>We are aware of our responsibility to nature<\/h3>\n<p>In our planet, where environmental destruction is increasing day by day, the responsibilities of individuals and businesses are increasing. Our natural habitats are polluted with our wastes and the pressure on natural resources is increasing day by day due to wrong resource management, many living things are becoming extinct and the balance of the ecosystem is deteriorating. As a result of interactions, these problems are constantly increasing and the dimensions of the destruction are growing. At the center of these problems are human beings with wrong environmental policies and natural resource management.<\/p>\n\t\t\t\t\t\t\t\t<\/div>\n\t\t\t\t<\/div>\n\t\t\t\t<\/div>\n\t\t<div class=\"elementor-element elementor-element-918325d e-con-full e-flex e-con e-child\" data-id=\"918325d\" data-element_type=\"container\">\n\t\t\t\t<div class=\"elementor-element elementor-element-b03f4d1 elementor-widget elementor-widget-image\" data-id=\"b03f4d1\" data-element_type=\"widget\" data-widget_type=\"image.default\">\n\t\t\t\t<div class=\"elementor-widget-container\">\n\t\t\t\t\t\t\t\t\t\t\t\t\t\t\t<img loading=\"lazy\" decoding=\"async\" width=\"599\" height=\"399\" src=\"https:\/\/thesoulhotel.com\/wp-content\/uploads\/2025\/01\/sur11.jpg-1.jpg.webp\" class=\"attachment-large size-large wp-image-8120\" alt=\"\" srcset=\"https:\/\/thesoulhotel.com\/wp-content\/uploads\/2025\/01\/sur11.jpg-1.jpg.webp 599w, https:\/\/thesoulhotel.com\/wp-content\/uploads\/2025\/01\/sur11.jpg-1.jpg-300x200.webp 300w\" sizes=\"(max-width: 599px) 100vw, 599px\" \/>\t\t\t\t\t\t\t\t\t\t\t\t\t\t\t<\/div>\n\t\t\t\t<\/div>\n\t\t\t\t<\/div>\n\t\t\t\t\t<\/div>\n\t\t\t\t<\/div>\n\t\t<div class=\"elementor-element elementor-element-b36e2a9 e-flex e-con-boxed e-con e-parent\" data-id=\"b36e2a9\" data-element_type=\"container\">\n\t\t\t\t\t<div class=\"e-con-inner\">\n\t\t<div class=\"elementor-element elementor-element-a84bc10 e-con-full e-flex e-con e-child\" data-id=\"a84bc10\" data-element_type=\"container\">\n\t\t\t\t<div class=\"elementor-element elementor-element-e009858 elementor-widget elementor-widget-image\" data-id=\"e009858\" data-element_type=\"widget\" data-widget_type=\"image.default\">\n\t\t\t\t<div class=\"elementor-widget-container\">\n\t\t\t\t\t\t\t\t\t\t\t\t\t\t\t<img loading=\"lazy\" decoding=\"async\" width=\"599\" height=\"399\" src=\"https:\/\/thesoulhotel.com\/wp-content\/uploads\/2025\/01\/sur12.jpg-1.jpg.webp\" class=\"attachment-large size-large wp-image-8121\" alt=\"\" srcset=\"https:\/\/thesoulhotel.com\/wp-content\/uploads\/2025\/01\/sur12.jpg-1.jpg.webp 599w, https:\/\/thesoulhotel.com\/wp-content\/uploads\/2025\/01\/sur12.jpg-1.jpg-300x200.webp 300w\" sizes=\"(max-width: 599px) 100vw, 599px\" \/>\t\t\t\t\t\t\t\t\t\t\t\t\t\t\t<\/div>\n\t\t\t\t<\/div>\n\t\t\t\t<\/div>\n\t\t<div class=\"elementor-element elementor-element-a385b91 e-con-full e-flex e-con e-child\" data-id=\"a385b91\" data-element_type=\"container\">\n\t\t\t\t<div class=\"elementor-element elementor-element-892eb13 elementor-widget elementor-widget-text-editor\" data-id=\"892eb13\" data-element_type=\"widget\" data-widget_type=\"text-editor.default\">\n\t\t\t\t<div class=\"elementor-widget-container\">\n\t\t\t\t\t\t\t\t\t<h3>We offer our quality life philosophy to our guests.<\/h3>\n<p>As Yasmak Hotel Collection, we are trying to carry out our hospitality service in order to keep the service quality above everything else, to adopt and maintain quality as a philosophy of life. Our quality systems in all our hotels have been established with the aim of maximizing the satisfaction of our guests, and we strive to maintain them effectively with the full participation of Ya\u015fmak Hotel Collection personnel.<\/p>\n\t\t\t\t\t\t\t\t<\/div>\n\t\t\t\t<\/div>\n\t\t\t\t<\/div>\n\t\t\t\t\t<\/div>\n\t\t\t\t<\/div>\n\t\t\t\t<\/div>\n\t\t","protected":false},"excerpt":{"rendered":"<p>Our Vision Devam\u0131n\u0131 oku Eco-standards Devam\u0131n\u0131 oku Certificates Devam\u0131n\u0131 oku S\u00fcrd\u00fcr\u00fclebilirlik raporumuzu g\u00f6r\u00fcnt\u00fclemek i\u00e7in t\u0131klay\u0131n. We are aware of our responsibility to nature In our planet, where environmental destruction is increasing day by day, the responsibilities of individuals and businesses are increasing. Our natural habitats are polluted with our wastes and the pressure on natural [&hellip;]<\/p>\n","protected":false},"author":1,"featured_media":0,"parent":0,"menu_order":0,"comment_status":"closed","ping_status":"closed","template":"","meta":{"_acf_changed":false,"footnotes":""},"class_list":["post-9042","page","type-page","status-publish","hentry"],"acf":[],"_links":{"self":[{"href":"https:\/\/thesoulhotel.com\/tr\/wp-json\/wp\/v2\/pages\/9042","targetHints":{"allow":["GET"]}}],"collection":[{"href":"https:\/\/thesoulhotel.com\/tr\/wp-json\/wp\/v2\/pages"}],"about":[{"href":"https:\/\/thesoulhotel.com\/tr\/wp-json\/wp\/v2\/types\/page"}],"author":[{"embeddable":true,"href":"https:\/\/thesoulhotel.com\/tr\/wp-json\/wp\/v2\/users\/1"}],"replies":[{"embeddable":true,"href":"https:\/\/thesoulhotel.com\/tr\/wp-json\/wp\/v2\/comments?post=9042"}],"version-history":[{"count":16,"href":"https:\/\/thesoulhotel.com\/tr\/wp-json\/wp\/v2\/pages\/9042\/revisions"}],"predecessor-version":[{"id":9571,"href":"https:\/\/thesoulhotel.com\/tr\/wp-json\/wp\/v2\/pages\/9042\/revisions\/9571"}],"wp:attachment":[{"href":"https:\/\/thesoulhotel.com\/tr\/wp-json\/wp\/v2\/media?parent=9042"}],"curies":[{"name":"wp","href":"https:\/\/api.w.org\/{rel}","templated":true}]}}