{"id":9032,"date":"2025-01-23T13:34:52","date_gmt":"2025-01-23T13:34:52","guid":{"rendered":"https:\/\/thesoulhotel.com\/experience\/"},"modified":"2025-01-27T11:25:04","modified_gmt":"2025-01-27T11:25:04","slug":"kesfet","status":"publish","type":"page","link":"https:\/\/thesoulhotel.com\/tr\/kesfet\/","title":{"rendered":"Ke\u015ffet"},"content":{"rendered":"\t\t<div data-elementor-type=\"wp-page\" data-elementor-id=\"9032\" class=\"elementor elementor-9032 elementor-8073\" data-elementor-post-type=\"page\">\n\t\t\t\t<div class=\"elementor-element elementor-element-993130a e-flex e-con-boxed e-con e-parent\" data-id=\"993130a\" data-element_type=\"container\">\n\t\t\t\t\t<div class=\"e-con-inner\">\n\t\t<div class=\"elementor-element elementor-element-24f37c5 e-con-full e-flex e-con e-child\" data-id=\"24f37c5\" data-element_type=\"container\">\n\t\t\t\t<div class=\"elementor-element elementor-element-ac5b732 elementor-widget elementor-widget-image\" data-id=\"ac5b732\" data-element_type=\"widget\" data-widget_type=\"image.default\">\n\t\t\t\t<div class=\"elementor-widget-container\">\n\t\t\t\t\t\t\t\t\t\t\t\t\t\t\t<img fetchpriority=\"high\" decoding=\"async\" width=\"625\" height=\"450\" src=\"https:\/\/thesoulhotel.com\/wp-content\/uploads\/2025\/01\/shop.jpg.webp\" class=\"attachment-large size-large wp-image-8077\" alt=\"\" srcset=\"https:\/\/thesoulhotel.com\/wp-content\/uploads\/2025\/01\/shop.jpg.webp 625w, https:\/\/thesoulhotel.com\/wp-content\/uploads\/2025\/01\/shop.jpg-300x216.webp 300w, https:\/\/thesoulhotel.com\/wp-content\/uploads\/2025\/01\/shop.jpg-600x432.webp 600w\" sizes=\"(max-width: 625px) 100vw, 625px\" \/>\t\t\t\t\t\t\t\t\t\t\t\t\t\t\t<\/div>\n\t\t\t\t<\/div>\n\t\t\t\t<\/div>\n\t\t<div class=\"elementor-element elementor-element-bcc9546 e-con-full e-flex e-con e-child\" data-id=\"bcc9546\" data-element_type=\"container\">\n\t\t\t\t<div class=\"elementor-element elementor-element-74a7f73 elementor-widget elementor-widget-heading\" data-id=\"74a7f73\" data-element_type=\"widget\" data-widget_type=\"heading.default\">\n\t\t\t\t<div class=\"elementor-widget-container\">\n\t\t\t\t\t<h2 class=\"elementor-heading-title elementor-size-default\">Al\u0131\u015fveri\u015f<\/h2>\t\t\t\t<\/div>\n\t\t\t\t<\/div>\n\t\t\t\t<div class=\"elementor-element elementor-element-ea62f4e elementor-widget elementor-widget-text-editor\" data-id=\"ea62f4e\" data-element_type=\"widget\" data-widget_type=\"text-editor.default\">\n\t\t\t\t<div class=\"elementor-widget-container\">\n\t\t\t\t\t\t\t\t\t<p>Otelimiz, yak\u0131n mesafeli bir al\u0131\u015fveri\u015f turu i\u00e7in de \u00e7ok uygun bir konumda bulunmaktad\u0131r. \u0130sterseniz \u00c7ukurcuma\u2019n\u0131n vintage d\u00fckkanlar\u0131n\u0131 gezebilir, kendinizi \u0130stiklal Caddesi\u2019nin hareketli atmosferinde d\u00fcnyan\u0131n d\u00f6rt bir yan\u0131ndan markalar\u0131n ma\u011fazalar\u0131n\u0131 dola\u015f\u0131rken bulabilirsiniz. Serdar-\u0131 Ekrem Sokak\u2019ta Galata Kulesi\u2019nin g\u00f6lgesinde pek \u00e7ok T\u00fcrk tasar\u0131mc\u0131n\u0131n kendi butiklerini ziyaret edebilir, daha l\u00fcks bir al\u0131\u015fveri\u015f deneyimi ve d\u00fcnyaca \u00fcnl\u00fc markalar i\u00e7in Abdi \u0130pek\u00e7i Caddesi\u2019ne u\u011frayabilirsiniz.<\/p>\t\t\t\t\t\t\t\t<\/div>\n\t\t\t\t<\/div>\n\t\t\t\t<\/div>\n\t\t\t\t\t<\/div>\n\t\t\t\t<\/div>\n\t\t<div class=\"elementor-element elementor-element-12cf1c7 e-flex e-con-boxed e-con e-parent\" data-id=\"12cf1c7\" data-element_type=\"container\">\n\t\t\t\t\t<div class=\"e-con-inner\">\n\t\t<div class=\"elementor-element elementor-element-071058a e-con-full e-flex e-con e-child\" data-id=\"071058a\" data-element_type=\"container\">\n\t\t\t\t<div class=\"elementor-element elementor-element-e06ff75 elementor-widget elementor-widget-heading\" data-id=\"e06ff75\" data-element_type=\"widget\" data-widget_type=\"heading.default\">\n\t\t\t\t<div class=\"elementor-widget-container\">\n\t\t\t\t\t<h2 class=\"elementor-heading-title elementor-size-default\">Tarih<\/h2>\t\t\t\t<\/div>\n\t\t\t\t<\/div>\n\t\t\t\t<div class=\"elementor-element elementor-element-2290673 elementor-widget elementor-widget-text-editor\" data-id=\"2290673\" data-element_type=\"widget\" data-widget_type=\"text-editor.default\">\n\t\t\t\t<div class=\"elementor-widget-container\">\n\t\t\t\t\t\t\t\t\t<div id=\"pgc-8468-1-0\" class=\"panel-grid-cell\"><div id=\"panel-8468-1-0-0\" class=\"so-panel widget widget_sow-editor panel-first-child panel-last-child\" data-index=\"2\"><div class=\"so-widget-sow-editor so-widget-sow-editor-base\"><div class=\"siteorigin-widget-tinymce textwidget\"><p>Bir \u0130stanbul tatilinin ka\u00e7\u0131n\u0131lmazlar\u0131ndan biri de, sizi tarihi dokusuyla b\u00fcy\u00fcleyecek yerler ile kar\u015f\u0131la\u015fmakt\u0131r. Bu atmosferi tam anlam\u0131yla hissetmek i\u00e7in otelimiz \u00e7evresinde bulunan T\u00fcnel b\u00f6lgesinde Avrupa\u2019n\u0131n en eski ikinci metro hatt\u0131n\u0131 ke\u015ffetmeyi, M\u0131s\u0131r Apartman\u0131\u2019n\u0131n kusursuz mimarisine hayran kalmay\u0131, \u0130stanbul\u2019un en b\u00fcy\u00fck ve cemaati en geni\u015f Katolik Kilisesi St. Antoine Kilisesi\u2019nin ihti\u015fam\u0131n\u0131 izlemeyi ve son olarak da Galata Kulesi\u2019nde m\u00fcthi\u015f bir \u0130stanbul manzaras\u0131yla g\u00fcne\u015fi bat\u0131rmay\u0131 kesinlikle unutmay\u0131n.<\/p><\/div><\/div><\/div><\/div><div id=\"pgc-8468-1-1\" class=\"panel-grid-cell\"><div id=\"panel-8468-1-1-0\" class=\"so-panel widget widget_sow-image panel-first-child panel-last-child\" data-index=\"3\"><div class=\"so-widget-sow-image so-widget-sow-image-default-8b5b6f678277-8468\"><div class=\"sow-image-container\">\u00a0<\/div><\/div><\/div><\/div>\t\t\t\t\t\t\t\t<\/div>\n\t\t\t\t<\/div>\n\t\t\t\t<\/div>\n\t\t<div class=\"elementor-element elementor-element-43634e3 e-con-full e-flex e-con e-child\" data-id=\"43634e3\" data-element_type=\"container\">\n\t\t\t\t<div class=\"elementor-element elementor-element-1720e64 elementor-widget elementor-widget-image\" data-id=\"1720e64\" data-element_type=\"widget\" data-widget_type=\"image.default\">\n\t\t\t\t<div class=\"elementor-widget-container\">\n\t\t\t\t\t\t\t\t\t\t\t\t\t\t\t<img decoding=\"async\" width=\"625\" height=\"450\" src=\"https:\/\/thesoulhotel.com\/wp-content\/uploads\/2025\/01\/history.jpg.webp\" class=\"attachment-large size-large wp-image-8076\" alt=\"\" srcset=\"https:\/\/thesoulhotel.com\/wp-content\/uploads\/2025\/01\/history.jpg.webp 625w, https:\/\/thesoulhotel.com\/wp-content\/uploads\/2025\/01\/history.jpg-300x216.webp 300w, https:\/\/thesoulhotel.com\/wp-content\/uploads\/2025\/01\/history.jpg-600x432.webp 600w\" sizes=\"(max-width: 625px) 100vw, 625px\" \/>\t\t\t\t\t\t\t\t\t\t\t\t\t\t\t<\/div>\n\t\t\t\t<\/div>\n\t\t\t\t<\/div>\n\t\t\t\t\t<\/div>\n\t\t\t\t<\/div>\n\t\t<div class=\"elementor-element elementor-element-7f65e66 e-flex e-con-boxed e-con e-parent\" data-id=\"7f65e66\" data-element_type=\"container\">\n\t\t\t\t\t<div class=\"e-con-inner\">\n\t\t<div class=\"elementor-element elementor-element-4cc3c76 e-con-full e-flex e-con e-child\" data-id=\"4cc3c76\" data-element_type=\"container\">\n\t\t\t\t<div class=\"elementor-element elementor-element-4bfc8af elementor-widget elementor-widget-image\" data-id=\"4bfc8af\" data-element_type=\"widget\" data-widget_type=\"image.default\">\n\t\t\t\t<div class=\"elementor-widget-container\">\n\t\t\t\t\t\t\t\t\t\t\t\t\t\t\t<img decoding=\"async\" width=\"625\" height=\"450\" src=\"https:\/\/thesoulhotel.com\/wp-content\/uploads\/2025\/01\/art.jpg.webp\" class=\"attachment-large size-large wp-image-8074\" alt=\"\" srcset=\"https:\/\/thesoulhotel.com\/wp-content\/uploads\/2025\/01\/art.jpg.webp 625w, https:\/\/thesoulhotel.com\/wp-content\/uploads\/2025\/01\/art.jpg-300x216.webp 300w, https:\/\/thesoulhotel.com\/wp-content\/uploads\/2025\/01\/art.jpg-600x432.webp 600w\" sizes=\"(max-width: 625px) 100vw, 625px\" \/>\t\t\t\t\t\t\t\t\t\t\t\t\t\t\t<\/div>\n\t\t\t\t<\/div>\n\t\t\t\t<\/div>\n\t\t<div class=\"elementor-element elementor-element-a6a5bf4 e-con-full e-flex e-con e-child\" data-id=\"a6a5bf4\" data-element_type=\"container\">\n\t\t\t\t<div class=\"elementor-element elementor-element-e521ba1 elementor-widget elementor-widget-heading\" data-id=\"e521ba1\" data-element_type=\"widget\" data-widget_type=\"heading.default\">\n\t\t\t\t<div class=\"elementor-widget-container\">\n\t\t\t\t\t<h2 class=\"elementor-heading-title elementor-size-default\">K\u00fclt\u00fcr &amp; Sanat<\/h2>\t\t\t\t<\/div>\n\t\t\t\t<\/div>\n\t\t\t\t<div class=\"elementor-element elementor-element-9ad971b elementor-widget elementor-widget-text-editor\" data-id=\"9ad971b\" data-element_type=\"widget\" data-widget_type=\"text-editor.default\">\n\t\t\t\t<div class=\"elementor-widget-container\">\n\t\t\t\t\t\t\t\t\t<p>\u015eehrin en bohem semtlerinden Beyo\u011flu, hem pek \u00e7ok sanat galerisine ev sahipli\u011fi yap\u0131yor hem de \u015fehrin k\u00fclt\u00fcrel \u00e7e\u015fitlili\u011fini fark etmenizi sa\u011flayacak pek \u00e7ok yere yak\u0131n bir konumda bulunuyor. Oryantalizm merakl\u0131lar\u0131 i\u00e7in en uygun galeri Pera M\u00fczesi iken, Salt Galata ve Salt Beyo\u011flu misafirlerine \u00e7e\u015fitli film g\u00f6sterimlerine, sergilere ve sanat performanslar\u0131na kat\u0131lma imkan\u0131 sunuyor.<\/p><p>\u0130stanbul Modern\u2019in \u015ei\u015fhane\u2019deki binas\u0131 ise m\u00fcthi\u015f mimarisi ile \u00e7a\u011fda\u015f sanat merakl\u0131lar\u0131na unutamayacaklar\u0131 bir deneyim vadediyor. Bunlar\u0131n yan\u0131nda, Sultan Ahmet Camii ve Ayasofya M\u00fczesi de \u0130stanbul\u2019un eski imparatorluklardan kalma izlerini g\u00f6rebilmeleri i\u00e7in ziyaret\u00e7ilerini bekliyor.<\/p>\t\t\t\t\t\t\t\t<\/div>\n\t\t\t\t<\/div>\n\t\t\t\t<\/div>\n\t\t\t\t\t<\/div>\n\t\t\t\t<\/div>\n\t\t<div class=\"elementor-element elementor-element-ead0727 e-flex e-con-boxed e-con e-parent\" data-id=\"ead0727\" data-element_type=\"container\">\n\t\t\t\t\t<div class=\"e-con-inner\">\n\t\t<div class=\"elementor-element elementor-element-6a93f00 e-con-full e-flex e-con e-child\" data-id=\"6a93f00\" data-element_type=\"container\">\n\t\t\t\t<div class=\"elementor-element elementor-element-fcaeeaf elementor-widget elementor-widget-heading\" data-id=\"fcaeeaf\" data-element_type=\"widget\" data-widget_type=\"heading.default\">\n\t\t\t\t<div class=\"elementor-widget-container\">\n\t\t\t\t\t<h2 class=\"elementor-heading-title elementor-size-default\">E\u011flence<\/h2>\t\t\t\t<\/div>\n\t\t\t\t<\/div>\n\t\t\t\t<div class=\"elementor-element elementor-element-4a8693b elementor-widget elementor-widget-text-editor\" data-id=\"4a8693b\" data-element_type=\"widget\" data-widget_type=\"text-editor.default\">\n\t\t\t\t<div class=\"elementor-widget-container\">\n\t\t\t\t\t\t\t\t\t<p>E\u011flenceli bir ak\u015fam, olas\u0131 bir \u0130stanbul tatilinin olmazsa olmazlar\u0131ndan ve Beyo\u011flu e\u011flence i\u00e7in farkl\u0131 se\u00e7enekler sunma konusunda \u00e7ok c\u00f6mert. \u00c7i\u00e7ek Pasaj\u0131\u2019nda yerel i\u00e7kiler e\u015fli\u011finde \u00f6zel mezeleri deneyebilir, Asmal\u0131 Mescit\u2019de geleneksel bir meyhane ortam\u0131n\u0131n veya hareketli bir gece kul\u00fcb\u00fcn\u00fcn tad\u0131n\u0131 \u00e7\u0131karabilir, Nevizade\u2019de sohbet edip e\u011flenen kalabal\u0131\u011fa dahil olup bir b\u00fct\u00fcn olarak e\u011flenebilirsiniz.<\/p><p>Ayr\u0131ca, etraf\u0131ndaki pek \u00e7ok ma\u011faza, kafe, bar, kul\u00fcp ve otel sayesinde Taksim Meydan\u0131\u2019n\u0131 tatilinizin ba\u015flang\u0131\u00e7 noktas\u0131 olarak se\u00e7ebilirsiniz. T\u00fcm bunlar\u0131n yan\u0131nda, pek \u00e7ok \u00f6nemli spor m\u00fcsabakas\u0131na ev sahipli\u011fi yapm\u0131\u015f Vodafone Arena\u2019da d\u00fcnyaca \u00fcnl\u00fc tak\u0131mlar\u0131n ma\u00e7lar\u0131n\u0131 izleyebilirsiniz.<\/p>\t\t\t\t\t\t\t\t<\/div>\n\t\t\t\t<\/div>\n\t\t\t\t<\/div>\n\t\t<div class=\"elementor-element elementor-element-01240b6 e-con-full e-flex e-con e-child\" data-id=\"01240b6\" data-element_type=\"container\">\n\t\t\t\t<div class=\"elementor-element elementor-element-14cdd6b elementor-widget elementor-widget-image\" data-id=\"14cdd6b\" data-element_type=\"widget\" data-widget_type=\"image.default\">\n\t\t\t\t<div class=\"elementor-widget-container\">\n\t\t\t\t\t\t\t\t\t\t\t\t\t\t\t<img loading=\"lazy\" decoding=\"async\" width=\"625\" height=\"450\" src=\"https:\/\/thesoulhotel.com\/wp-content\/uploads\/2025\/01\/ent.jpg.webp\" class=\"attachment-large size-large wp-image-8075\" alt=\"\" srcset=\"https:\/\/thesoulhotel.com\/wp-content\/uploads\/2025\/01\/ent.jpg.webp 625w, https:\/\/thesoulhotel.com\/wp-content\/uploads\/2025\/01\/ent.jpg-300x216.webp 300w, https:\/\/thesoulhotel.com\/wp-content\/uploads\/2025\/01\/ent.jpg-600x432.webp 600w\" sizes=\"(max-width: 625px) 100vw, 625px\" \/>\t\t\t\t\t\t\t\t\t\t\t\t\t\t\t<\/div>\n\t\t\t\t<\/div>\n\t\t\t\t<\/div>\n\t\t\t\t\t<\/div>\n\t\t\t\t<\/div>\n\t\t\t\t<\/div>\n\t\t","protected":false},"excerpt":{"rendered":"<p>Al\u0131\u015fveri\u015f Otelimiz, yak\u0131n mesafeli bir al\u0131\u015fveri\u015f turu i\u00e7in de \u00e7ok uygun bir konumda bulunmaktad\u0131r. \u0130sterseniz \u00c7ukurcuma\u2019n\u0131n vintage d\u00fckkanlar\u0131n\u0131 gezebilir, kendinizi \u0130stiklal Caddesi\u2019nin hareketli atmosferinde d\u00fcnyan\u0131n d\u00f6rt bir yan\u0131ndan markalar\u0131n ma\u011fazalar\u0131n\u0131 dola\u015f\u0131rken bulabilirsiniz. Serdar-\u0131 Ekrem Sokak\u2019ta Galata Kulesi\u2019nin g\u00f6lgesinde pek \u00e7ok T\u00fcrk tasar\u0131mc\u0131n\u0131n kendi butiklerini ziyaret edebilir, daha l\u00fcks bir al\u0131\u015fveri\u015f deneyimi ve d\u00fcnyaca \u00fcnl\u00fc markalar [&hellip;]<\/p>\n","protected":false},"author":1,"featured_media":0,"parent":0,"menu_order":0,"comment_status":"closed","ping_status":"closed","template":"","meta":{"_acf_changed":false,"footnotes":""},"class_list":["post-9032","page","type-page","status-publish","hentry"],"acf":[],"_links":{"self":[{"href":"https:\/\/thesoulhotel.com\/tr\/wp-json\/wp\/v2\/pages\/9032","targetHints":{"allow":["GET"]}}],"collection":[{"href":"https:\/\/thesoulhotel.com\/tr\/wp-json\/wp\/v2\/pages"}],"about":[{"href":"https:\/\/thesoulhotel.com\/tr\/wp-json\/wp\/v2\/types\/page"}],"author":[{"embeddable":true,"href":"https:\/\/thesoulhotel.com\/tr\/wp-json\/wp\/v2\/users\/1"}],"replies":[{"embeddable":true,"href":"https:\/\/thesoulhotel.com\/tr\/wp-json\/wp\/v2\/comments?post=9032"}],"version-history":[{"count":4,"href":"https:\/\/thesoulhotel.com\/tr\/wp-json\/wp\/v2\/pages\/9032\/revisions"}],"predecessor-version":[{"id":9036,"href":"https:\/\/thesoulhotel.com\/tr\/wp-json\/wp\/v2\/pages\/9032\/revisions\/9036"}],"wp:attachment":[{"href":"https:\/\/thesoulhotel.com\/tr\/wp-json\/wp\/v2\/media?parent=9032"}],"curies":[{"name":"wp","href":"https:\/\/api.w.org\/{rel}","templated":true}]}}