{"id":9022,"date":"2025-01-22T14:39:32","date_gmt":"2025-01-22T14:39:32","guid":{"rendered":"https:\/\/thesoulhotel.com\/our-story\/"},"modified":"2025-01-27T11:18:47","modified_gmt":"2025-01-27T11:18:47","slug":"hikayemiz","status":"publish","type":"page","link":"https:\/\/thesoulhotel.com\/tr\/hikayemiz\/","title":{"rendered":"Hikayemiz"},"content":{"rendered":"\t\t<div data-elementor-type=\"wp-page\" data-elementor-id=\"9022\" class=\"elementor elementor-9022 elementor-7505\" data-elementor-post-type=\"page\">\n\t\t\t\t\t\t<section class=\"elementor-section elementor-top-section elementor-element elementor-element-004dd5f elementor-section-full_width elementor-section-height-default elementor-section-height-default\" data-id=\"004dd5f\" data-element_type=\"section\">\n\t\t\t\t\t\t<div class=\"elementor-container elementor-column-gap-default\">\n\t\t\t\t\t<div class=\"elementor-column elementor-col-50 elementor-top-column elementor-element elementor-element-1478f42\" data-id=\"1478f42\" data-element_type=\"column\">\n\t\t\t<div class=\"elementor-widget-wrap elementor-element-populated\">\n\t\t\t\t\t\t<div class=\"elementor-element elementor-element-77467cc elementor-widget thim-widget-box\" data-id=\"77467cc\" data-element_type=\"widget\" data-widget_type=\"thim-box.default\">\n\t\t\t\t<div class=\"elementor-widget-container\">\n\t\t\t\t\t<div class=\"box_image style_1\">\n\t<a target=\"_blank\" href=\"#\">\t<div class=\"image\">\n\t\t<div class=\"row\">\n\t\t\t<div class=\"image-left col-md-6 col-sm-6\">\n\t\t\t\t<img fetchpriority=\"high\" decoding=\"async\" width=\"325\" height=\"451\" src=\"https:\/\/thesoulhotel.com\/wp-content\/uploads\/2025\/01\/soul-home.jpg\" class=\"attachment-full size-full\" alt=\"\" srcset=\"https:\/\/thesoulhotel.com\/wp-content\/uploads\/2025\/01\/soul-home.jpg 325w, https:\/\/thesoulhotel.com\/wp-content\/uploads\/2025\/01\/soul-home-216x300.jpg 216w\" sizes=\"(max-width: 325px) 100vw, 325px\" \/>\t\t\t<\/div>\n\t\t\t<div class=\"image-right col-md-6 col-sm-6\">\n\t\t\t\t<img decoding=\"async\" width=\"325\" height=\"451\" src=\"https:\/\/thesoulhotel.com\/wp-content\/uploads\/2025\/01\/main1.jpg\" class=\"attachment-full size-full\" alt=\"\" srcset=\"https:\/\/thesoulhotel.com\/wp-content\/uploads\/2025\/01\/main1.jpg 325w, https:\/\/thesoulhotel.com\/wp-content\/uploads\/2025\/01\/main1-216x300.jpg 216w\" sizes=\"(max-width: 325px) 100vw, 325px\" \/>\t\t\t<\/div>\n\t\t<\/div>\n\t<\/div>\n\t<div class=\"image_background\">\n\t\t<img decoding=\"async\" width=\"346\" height=\"579\" src=\"https:\/\/thesoulhotel.com\/wp-content\/uploads\/2019\/05\/background.png\" class=\"attachment-full size-full\" alt=\"\" srcset=\"https:\/\/thesoulhotel.com\/wp-content\/uploads\/2019\/05\/background.png 346w, https:\/\/thesoulhotel.com\/wp-content\/uploads\/2019\/05\/background-179x300.png 179w\" sizes=\"(max-width: 346px) 100vw, 346px\" \/>\t<\/div>\n\t<\/a><\/div>\n\n\t\t\t\t<\/div>\n\t\t\t\t<\/div>\n\t\t\t\t\t<\/div>\n\t\t<\/div>\n\t\t\t\t<div class=\"elementor-column elementor-col-50 elementor-top-column elementor-element elementor-element-39091ab\" data-id=\"39091ab\" data-element_type=\"column\">\n\t\t\t<div class=\"elementor-widget-wrap elementor-element-populated\">\n\t\t\t\t\t\t<div class=\"elementor-element elementor-element-6cdb790 elementor-widget elementor-widget-html\" data-id=\"6cdb790\" data-element_type=\"widget\" data-widget_type=\"html.default\">\n\t\t\t\t<div class=\"elementor-widget-container\">\n\t\t\t\t\t<p><span style=\"font-size: 18px;\">B\u00f6lgenin mimar\u0131 olarak nitelenen Georgiades Karde\u015fler taraf\u0131ndan 20. Y\u00fczy\u0131l\u0131n ba\u015flar\u0131nda tasarlanm\u0131\u015f ve asl\u0131na uygun restore edilmi\u015f tarihi binam\u0131zda ge\u00e7mi\u015fin seslerini dinlerken modern hayat\u0131n konforunu da sonuna kadar ya\u015fay\u0131n.<\/span><\/p>\r\n\r\n<p><span style=\"font-size: 18px;\">\u00dcnl\u00fc Georgiades Karde\u015fler, Cihangir-Beyo\u011flu b\u00f6lgesinde bir\u00e7ok tarihi yap\u0131ya sahip olup, Neoklasik tarzdaki eserleriyle pop\u00fcler mimarlard\u0131r. Tarihi binalar\u0131 ve d\u00f6nemin ruhunu ta\u015f\u0131yan antikac\u0131 d\u00fckkanlar\u0131n\u0131n yan\u0131 s\u0131ra sanat galerileri ile de \u00f6ne \u00e7\u0131kan \u00c7ukurcuma'da, \u0130stanbul'un en \u00f6zel yerlerinden birinde olman\u0131n keyfini \u00e7\u0131kar\u0131n.<\/span><\/p>\r\n\r\n<p><span style=\"font-size: 18px;\">Y\u00fcr\u00fcd\u00fc\u011f\u00fcn\u00fcz her sokakta, g\u00f6rd\u00fc\u011f\u00fcn\u00fcz her tarihi binada ge\u00e7mi\u015fin izlerini g\u00f6r\u00fcp, farkl\u0131 duygular ya\u015fayacaks\u0131n\u0131z. Ve g\u00fcn\u00fcn sonunda otelinize geldi\u011finizde biz sizi gizli bah\u00e7emizde bir nefes almaya, bir kahveye bekliyor olaca\u011f\u0131z. Keyifli bir \u0130stanbul deneyimi ile sizleri otelimizin her detay\u0131nda ge\u00e7mi\u015fin ruhunu hissetmeye davet ediyoruz.<\/span><\/p>\r\n\t\t\t\t<\/div>\n\t\t\t\t<\/div>\n\t\t\t\t\t<\/div>\n\t\t<\/div>\n\t\t\t\t\t<\/div>\n\t\t<\/section>\n\t\t<div class=\"elementor-element elementor-element-1ff9b26 e-flex e-con-boxed e-con e-parent\" data-id=\"1ff9b26\" data-element_type=\"container\">\n\t\t\t\t\t<div class=\"e-con-inner\">\n\t\t\t\t<div class=\"elementor-element elementor-element-acb60d4 elementor-widget elementor-widget-spacer\" data-id=\"acb60d4\" data-element_type=\"widget\" data-widget_type=\"spacer.default\">\n\t\t\t\t<div class=\"elementor-widget-container\">\n\t\t\t\t\t\t\t<div class=\"elementor-spacer\">\n\t\t\t<div class=\"elementor-spacer-inner\"><\/div>\n\t\t<\/div>\n\t\t\t\t\t\t<\/div>\n\t\t\t\t<\/div>\n\t\t\t\t\t<\/div>\n\t\t\t\t<\/div>\n\t\t\t\t<\/div>\n\t\t","protected":false},"excerpt":{"rendered":"<p>B\u00f6lgenin mimar\u0131 olarak nitelenen Georgiades Karde\u015fler taraf\u0131ndan 20. Y\u00fczy\u0131l\u0131n ba\u015flar\u0131nda tasarlanm\u0131\u015f ve asl\u0131na uygun restore edilmi\u015f tarihi binam\u0131zda ge\u00e7mi\u015fin seslerini dinlerken modern hayat\u0131n konforunu da sonuna kadar ya\u015fay\u0131n. \u00dcnl\u00fc Georgiades Karde\u015fler, Cihangir-Beyo\u011flu b\u00f6lgesinde bir\u00e7ok tarihi yap\u0131ya sahip olup, Neoklasik tarzdaki eserleriyle pop\u00fcler mimarlard\u0131r. Tarihi binalar\u0131 ve d\u00f6nemin ruhunu ta\u015f\u0131yan antikac\u0131 d\u00fckkanlar\u0131n\u0131n yan\u0131 s\u0131ra sanat galerileri [&hellip;]<\/p>\n","protected":false},"author":1,"featured_media":0,"parent":0,"menu_order":0,"comment_status":"closed","ping_status":"closed","template":"","meta":{"_acf_changed":false,"footnotes":""},"class_list":["post-9022","page","type-page","status-publish","hentry"],"acf":[],"_links":{"self":[{"href":"https:\/\/thesoulhotel.com\/tr\/wp-json\/wp\/v2\/pages\/9022","targetHints":{"allow":["GET"]}}],"collection":[{"href":"https:\/\/thesoulhotel.com\/tr\/wp-json\/wp\/v2\/pages"}],"about":[{"href":"https:\/\/thesoulhotel.com\/tr\/wp-json\/wp\/v2\/types\/page"}],"author":[{"embeddable":true,"href":"https:\/\/thesoulhotel.com\/tr\/wp-json\/wp\/v2\/users\/1"}],"replies":[{"embeddable":true,"href":"https:\/\/thesoulhotel.com\/tr\/wp-json\/wp\/v2\/comments?post=9022"}],"version-history":[{"count":4,"href":"https:\/\/thesoulhotel.com\/tr\/wp-json\/wp\/v2\/pages\/9022\/revisions"}],"predecessor-version":[{"id":9026,"href":"https:\/\/thesoulhotel.com\/tr\/wp-json\/wp\/v2\/pages\/9022\/revisions\/9026"}],"wp:attachment":[{"href":"https:\/\/thesoulhotel.com\/tr\/wp-json\/wp\/v2\/media?parent=9022"}],"curies":[{"name":"wp","href":"https:\/\/api.w.org\/{rel}","templated":true}]}}