{"id":8935,"date":"2025-01-22T09:54:00","date_gmt":"2025-01-22T09:54:00","guid":{"rendered":"https:\/\/thesoulhotel.com\/the-bohemian-of-beyoglu\/"},"modified":"2025-01-25T10:35:14","modified_gmt":"2025-01-25T10:35:14","slug":"beyoglunun-bohemi","status":"publish","type":"page","link":"https:\/\/thesoulhotel.com\/tr\/beyoglunun-bohemi\/","title":{"rendered":"Beyo\u011flu&#8217;nun Bohemi"},"content":{"rendered":"\t\t<div data-elementor-type=\"wp-page\" data-elementor-id=\"8935\" class=\"elementor elementor-8935 elementor-7357\" data-elementor-post-type=\"page\">\n\t\t\t\t\t\t<section class=\"elementor-section elementor-top-section elementor-element elementor-element-6cbd217 elementor-section-full_width elementor-section-height-default elementor-section-height-default\" data-id=\"6cbd217\" data-element_type=\"section\">\n\t\t\t\t\t\t<div class=\"elementor-container elementor-column-gap-default\">\n\t\t\t\t\t<div class=\"elementor-column elementor-col-50 elementor-top-column elementor-element elementor-element-a224f28\" data-id=\"a224f28\" data-element_type=\"column\">\n\t\t\t<div class=\"elementor-widget-wrap elementor-element-populated\">\n\t\t\t\t\t\t<div class=\"elementor-element elementor-element-f68f267 elementor-widget thim-widget-box\" data-id=\"f68f267\" data-element_type=\"widget\" data-widget_type=\"thim-box.default\">\n\t\t\t\t<div class=\"elementor-widget-container\">\n\t\t\t\t\t<div class=\"box_image style_1\">\n\t\t<div class=\"image\">\n\t\t<div class=\"row\">\n\t\t\t<div class=\"image-left col-md-6 col-sm-6\">\n\t\t\t\t<img fetchpriority=\"high\" decoding=\"async\" width=\"325\" height=\"451\" src=\"https:\/\/thesoulhotel.com\/wp-content\/uploads\/2025\/01\/1a.jpg\" class=\"attachment-full size-full\" alt=\"\" srcset=\"https:\/\/thesoulhotel.com\/wp-content\/uploads\/2025\/01\/1a.jpg 325w, https:\/\/thesoulhotel.com\/wp-content\/uploads\/2025\/01\/1a-216x300.jpg 216w\" sizes=\"(max-width: 325px) 100vw, 325px\" \/>\t\t\t<\/div>\n\t\t\t<div class=\"image-right col-md-6 col-sm-6\">\n\t\t\t\t<img decoding=\"async\" width=\"325\" height=\"452\" src=\"https:\/\/thesoulhotel.com\/wp-content\/uploads\/2025\/01\/bohemian.jpg\" class=\"attachment-full size-full\" alt=\"\" srcset=\"https:\/\/thesoulhotel.com\/wp-content\/uploads\/2025\/01\/bohemian.jpg 325w, https:\/\/thesoulhotel.com\/wp-content\/uploads\/2025\/01\/bohemian-216x300.jpg 216w\" sizes=\"(max-width: 325px) 100vw, 325px\" \/>\t\t\t<\/div>\n\t\t<\/div>\n\t<\/div>\n\t<div class=\"image_background\">\n\t\t<img decoding=\"async\" width=\"346\" height=\"579\" src=\"https:\/\/thesoulhotel.com\/wp-content\/uploads\/2019\/05\/background.png\" class=\"attachment-full size-full\" alt=\"\" srcset=\"https:\/\/thesoulhotel.com\/wp-content\/uploads\/2019\/05\/background.png 346w, https:\/\/thesoulhotel.com\/wp-content\/uploads\/2019\/05\/background-179x300.png 179w\" sizes=\"(max-width: 346px) 100vw, 346px\" \/>\t<\/div>\n\t<\/div>\n\n\t\t\t\t<\/div>\n\t\t\t\t<\/div>\n\t\t\t\t\t<\/div>\n\t\t<\/div>\n\t\t\t\t<div class=\"elementor-column elementor-col-50 elementor-top-column elementor-element elementor-element-97cf2d8\" data-id=\"97cf2d8\" data-element_type=\"column\">\n\t\t\t<div class=\"elementor-widget-wrap elementor-element-populated\">\n\t\t\t\t\t\t<div class=\"elementor-element elementor-element-9d0943f elementor-widget thim-widget-heading\" data-id=\"9d0943f\" data-element_type=\"widget\" data-widget_type=\"thim-heading.default\">\n\t\t\t\t<div class=\"elementor-widget-container\">\n\t\t\t\t\t<div class=\"style_new sc-heading article_heading \"><div class=\"content-heading\"><div class=\"small-heading\"><\/div><h3 style=\"font-size:35px;font-weight:400;font-style:inherit;\" class=\"heading__primary\">Beyo\u011flu'nun Bohemi<\/h3><div class=\"description-heading\"><p>Tarihi binalar\u0131 ve d\u00f6nemin ruhunu ta\u015f\u0131yan antikac\u0131 d\u00fckkanlar\u0131n\u0131n yan\u0131 s\u0131ra sanat galerileri ile de \u00f6ne \u00e7\u0131kan \u00c7ukurcuma'da, \u0130stanbul'un en \u00f6zel yerlerinden birinde olman\u0131n keyfini \u00e7\u0131kar\u0131n.<\/p><\/div><\/div><div class=\"background-heading\"><\/div><\/div>\t\t\t\t<\/div>\n\t\t\t\t<\/div>\n\t\t\t\t\t<\/div>\n\t\t<\/div>\n\t\t\t\t\t<\/div>\n\t\t<\/section>\n\t\t\t\t<\/div>\n\t\t","protected":false},"excerpt":{"rendered":"<p>Beyo\u011flu&#8217;nun Bohemi Tarihi binalar\u0131 ve d\u00f6nemin ruhunu ta\u015f\u0131yan antikac\u0131 d\u00fckkanlar\u0131n\u0131n yan\u0131 s\u0131ra sanat galerileri ile de \u00f6ne \u00e7\u0131kan \u00c7ukurcuma&#8217;da, \u0130stanbul&#8217;un en \u00f6zel yerlerinden birinde olman\u0131n keyfini \u00e7\u0131kar\u0131n.<\/p>\n","protected":false},"author":1,"featured_media":0,"parent":0,"menu_order":0,"comment_status":"closed","ping_status":"closed","template":"","meta":{"_acf_changed":false,"footnotes":""},"class_list":["post-8935","page","type-page","status-publish","hentry"],"acf":[],"_links":{"self":[{"href":"https:\/\/thesoulhotel.com\/tr\/wp-json\/wp\/v2\/pages\/8935","targetHints":{"allow":["GET"]}}],"collection":[{"href":"https:\/\/thesoulhotel.com\/tr\/wp-json\/wp\/v2\/pages"}],"about":[{"href":"https:\/\/thesoulhotel.com\/tr\/wp-json\/wp\/v2\/types\/page"}],"author":[{"embeddable":true,"href":"https:\/\/thesoulhotel.com\/tr\/wp-json\/wp\/v2\/users\/1"}],"replies":[{"embeddable":true,"href":"https:\/\/thesoulhotel.com\/tr\/wp-json\/wp\/v2\/comments?post=8935"}],"version-history":[{"count":4,"href":"https:\/\/thesoulhotel.com\/tr\/wp-json\/wp\/v2\/pages\/8935\/revisions"}],"predecessor-version":[{"id":8954,"href":"https:\/\/thesoulhotel.com\/tr\/wp-json\/wp\/v2\/pages\/8935\/revisions\/8954"}],"wp:attachment":[{"href":"https:\/\/thesoulhotel.com\/tr\/wp-json\/wp\/v2\/media?parent=8935"}],"curies":[{"name":"wp","href":"https:\/\/api.w.org\/{rel}","templated":true}]}}