{"id":8933,"date":"2025-01-22T09:53:47","date_gmt":"2025-01-22T09:53:47","guid":{"rendered":"https:\/\/thesoulhotel.com\/footsteps-of-the-history\/"},"modified":"2025-01-25T10:32:09","modified_gmt":"2025-01-25T10:32:09","slug":"tarihin-ayak-sesleri","status":"publish","type":"page","link":"https:\/\/thesoulhotel.com\/tr\/tarihin-ayak-sesleri\/","title":{"rendered":"Tarihin Ayak Sesleri"},"content":{"rendered":"\t\t<div data-elementor-type=\"wp-page\" data-elementor-id=\"8933\" class=\"elementor elementor-8933 elementor-7356\" data-elementor-post-type=\"page\">\n\t\t\t\t\t\t<section class=\"elementor-section elementor-top-section elementor-element elementor-element-5dcf5f2 elementor-section-full_width elementor-section-height-default elementor-section-height-default\" data-id=\"5dcf5f2\" data-element_type=\"section\">\n\t\t\t\t\t\t<div class=\"elementor-container elementor-column-gap-default\">\n\t\t\t\t\t<div class=\"elementor-column elementor-col-50 elementor-top-column elementor-element elementor-element-fb48a9e\" data-id=\"fb48a9e\" data-element_type=\"column\">\n\t\t\t<div class=\"elementor-widget-wrap elementor-element-populated\">\n\t\t\t\t\t\t<div class=\"elementor-element elementor-element-cea0c6d elementor-widget thim-widget-box\" data-id=\"cea0c6d\" data-element_type=\"widget\" data-widget_type=\"thim-box.default\">\n\t\t\t\t<div class=\"elementor-widget-container\">\n\t\t\t\t\t<div class=\"box_image style_1\">\n\t\t<div class=\"image\">\n\t\t<div class=\"row\">\n\t\t\t<div class=\"image-left col-md-6 col-sm-6\">\n\t\t\t\t<img fetchpriority=\"high\" decoding=\"async\" width=\"325\" height=\"452\" src=\"https:\/\/thesoulhotel.com\/wp-content\/uploads\/2025\/01\/footsteps2.jpg\" class=\"attachment-full size-full\" alt=\"\" srcset=\"https:\/\/thesoulhotel.com\/wp-content\/uploads\/2025\/01\/footsteps2.jpg 325w, https:\/\/thesoulhotel.com\/wp-content\/uploads\/2025\/01\/footsteps2-216x300.jpg 216w\" sizes=\"(max-width: 325px) 100vw, 325px\" \/>\t\t\t<\/div>\n\t\t\t<div class=\"image-right col-md-6 col-sm-6\">\n\t\t\t\t<img decoding=\"async\" width=\"325\" height=\"452\" src=\"https:\/\/thesoulhotel.com\/wp-content\/uploads\/2025\/01\/footsteps1.jpg\" class=\"attachment-full size-full\" alt=\"\" srcset=\"https:\/\/thesoulhotel.com\/wp-content\/uploads\/2025\/01\/footsteps1.jpg 325w, https:\/\/thesoulhotel.com\/wp-content\/uploads\/2025\/01\/footsteps1-216x300.jpg 216w\" sizes=\"(max-width: 325px) 100vw, 325px\" \/>\t\t\t<\/div>\n\t\t<\/div>\n\t<\/div>\n\t<div class=\"image_background\">\n\t\t<img decoding=\"async\" width=\"346\" height=\"579\" src=\"https:\/\/thesoulhotel.com\/wp-content\/uploads\/2019\/05\/background.png\" class=\"attachment-full size-full\" alt=\"\" srcset=\"https:\/\/thesoulhotel.com\/wp-content\/uploads\/2019\/05\/background.png 346w, https:\/\/thesoulhotel.com\/wp-content\/uploads\/2019\/05\/background-179x300.png 179w\" sizes=\"(max-width: 346px) 100vw, 346px\" \/>\t<\/div>\n\t<\/div>\n\n\t\t\t\t<\/div>\n\t\t\t\t<\/div>\n\t\t\t\t\t<\/div>\n\t\t<\/div>\n\t\t\t\t<div class=\"elementor-column elementor-col-50 elementor-top-column elementor-element elementor-element-82438b6\" data-id=\"82438b6\" data-element_type=\"column\">\n\t\t\t<div class=\"elementor-widget-wrap elementor-element-populated\">\n\t\t\t\t\t\t<div class=\"elementor-element elementor-element-3683fcf elementor-widget thim-widget-heading\" data-id=\"3683fcf\" data-element_type=\"widget\" data-widget_type=\"thim-heading.default\">\n\t\t\t\t<div class=\"elementor-widget-container\">\n\t\t\t\t\t<div class=\"style_new sc-heading article_heading \"><div class=\"content-heading\"><div class=\"small-heading\"><\/div><h3 style=\"font-size:35px;font-weight:400;font-style:inherit;\" class=\"heading__primary\">Tarihin Ayak Sesleri<\/h3><div class=\"description-heading\"><p>B\u00f6lgenin mimar\u0131 olarak nitelenen Georgiades Karde\u015fler taraf\u0131ndan tasarlanm\u0131\u015f ve asl\u0131na uygun restore edilmi\u015f tarihi binam\u0131zda ge\u00e7mi\u015fin seslerini dinlerken modern hayat\u0131n konforunu da sonuna kadar ya\u015fay\u0131n.\n\n<\/p><\/div><\/div><div class=\"background-heading\"><\/div><\/div>\t\t\t\t<\/div>\n\t\t\t\t<\/div>\n\t\t\t\t\t<\/div>\n\t\t<\/div>\n\t\t\t\t\t<\/div>\n\t\t<\/section>\n\t\t\t\t<\/div>\n\t\t","protected":false},"excerpt":{"rendered":"<p>Tarihin Ayak Sesleri B\u00f6lgenin mimar\u0131 olarak nitelenen Georgiades Karde\u015fler taraf\u0131ndan tasarlanm\u0131\u015f ve asl\u0131na uygun restore edilmi\u015f tarihi binam\u0131zda ge\u00e7mi\u015fin seslerini dinlerken modern hayat\u0131n konforunu da sonuna kadar ya\u015fay\u0131n.<\/p>\n","protected":false},"author":1,"featured_media":0,"parent":0,"menu_order":0,"comment_status":"closed","ping_status":"closed","template":"","meta":{"_acf_changed":false,"footnotes":""},"class_list":["post-8933","page","type-page","status-publish","hentry"],"acf":[],"_links":{"self":[{"href":"https:\/\/thesoulhotel.com\/tr\/wp-json\/wp\/v2\/pages\/8933","targetHints":{"allow":["GET"]}}],"collection":[{"href":"https:\/\/thesoulhotel.com\/tr\/wp-json\/wp\/v2\/pages"}],"about":[{"href":"https:\/\/thesoulhotel.com\/tr\/wp-json\/wp\/v2\/types\/page"}],"author":[{"embeddable":true,"href":"https:\/\/thesoulhotel.com\/tr\/wp-json\/wp\/v2\/users\/1"}],"replies":[{"embeddable":true,"href":"https:\/\/thesoulhotel.com\/tr\/wp-json\/wp\/v2\/comments?post=8933"}],"version-history":[{"count":4,"href":"https:\/\/thesoulhotel.com\/tr\/wp-json\/wp\/v2\/pages\/8933\/revisions"}],"predecessor-version":[{"id":8946,"href":"https:\/\/thesoulhotel.com\/tr\/wp-json\/wp\/v2\/pages\/8933\/revisions\/8946"}],"wp:attachment":[{"href":"https:\/\/thesoulhotel.com\/tr\/wp-json\/wp\/v2\/media?parent=8933"}],"curies":[{"name":"wp","href":"https:\/\/api.w.org\/{rel}","templated":true}]}}