{"id":8931,"date":"2025-01-22T09:54:23","date_gmt":"2025-01-22T09:54:23","guid":{"rendered":"https:\/\/thesoulhotel.com\/soul-garden\/"},"modified":"2025-01-25T10:26:20","modified_gmt":"2025-01-25T10:26:20","slug":"soul-garden","status":"publish","type":"page","link":"https:\/\/thesoulhotel.com\/tr\/soul-garden\/","title":{"rendered":"Soul Garden"},"content":{"rendered":"\t\t<div data-elementor-type=\"wp-page\" data-elementor-id=\"8931\" class=\"elementor elementor-8931 elementor-7346\" data-elementor-post-type=\"page\">\n\t\t\t\t\t\t<section class=\"elementor-section elementor-top-section elementor-element elementor-element-4063f0b elementor-section-full_width elementor-section-height-default elementor-section-height-default\" data-id=\"4063f0b\" data-element_type=\"section\">\n\t\t\t\t\t\t<div class=\"elementor-container elementor-column-gap-default\">\n\t\t\t\t\t<div class=\"elementor-column elementor-col-50 elementor-top-column elementor-element elementor-element-e1d9e9b\" data-id=\"e1d9e9b\" data-element_type=\"column\">\n\t\t\t<div class=\"elementor-widget-wrap elementor-element-populated\">\n\t\t\t\t\t\t<div class=\"elementor-element elementor-element-0f6e40b elementor-widget thim-widget-heading\" data-id=\"0f6e40b\" data-element_type=\"widget\" data-widget_type=\"thim-heading.default\">\n\t\t\t\t<div class=\"elementor-widget-container\">\n\t\t\t\t\t<div class=\"style_new sc-heading article_heading \"><div class=\"content-heading\"><div class=\"small-heading\"><\/div><h3 style=\"font-size:35px;font-weight:400;font-style:inherit;\" class=\"heading__primary\">\u0130stanbul'da g\u00fcne \"Sabah Kahvalt\u0131m\u0131z\" ile ba\u015flay\u0131n...<\/h3><div class=\"description-heading\"><p>\u0130stanbul'da g\u00fcne \"Sabah Kahvalt\u0131m\u0131z\" ile ba\u015flay\u0131n...G\u00fcne enerjik ve sa\u011fl\u0131kla ba\u015flamak istiyorsan\u0131z Kahvalt\u0131m\u0131z\u0131 ka\u00e7\u0131rmay\u0131n!\n\n<\/p><\/div><\/div><div class=\"background-heading\"><\/div><\/div>\t\t\t\t<\/div>\n\t\t\t\t<\/div>\n\t\t\t\t\t<\/div>\n\t\t<\/div>\n\t\t\t\t<div class=\"elementor-column elementor-col-50 elementor-top-column elementor-element elementor-element-8bd7966\" data-id=\"8bd7966\" data-element_type=\"column\">\n\t\t\t<div class=\"elementor-widget-wrap elementor-element-populated\">\n\t\t\t\t\t\t<div class=\"elementor-element elementor-element-b036bef elementor-widget thim-widget-box\" data-id=\"b036bef\" data-element_type=\"widget\" data-widget_type=\"thim-box.default\">\n\t\t\t\t<div class=\"elementor-widget-container\">\n\t\t\t\t\t<div class=\"box_image style_1\">\n\t\t<div class=\"image\">\n\t\t<div class=\"row\">\n\t\t\t<div class=\"image-left col-md-6 col-sm-6\">\n\t\t\t\t<img fetchpriority=\"high\" decoding=\"async\" width=\"325\" height=\"452\" src=\"https:\/\/thesoulhotel.com\/wp-content\/uploads\/2025\/01\/Soul-5.jpg\" class=\"attachment-full size-full\" alt=\"\" srcset=\"https:\/\/thesoulhotel.com\/wp-content\/uploads\/2025\/01\/Soul-5.jpg 325w, https:\/\/thesoulhotel.com\/wp-content\/uploads\/2025\/01\/Soul-5-216x300.jpg 216w\" sizes=\"(max-width: 325px) 100vw, 325px\" \/>\t\t\t<\/div>\n\t\t\t<div class=\"image-right col-md-6 col-sm-6\">\n\t\t\t\t<img decoding=\"async\" width=\"325\" height=\"452\" src=\"https:\/\/thesoulhotel.com\/wp-content\/uploads\/2025\/01\/breakfast.jpg\" class=\"attachment-full size-full\" alt=\"\" srcset=\"https:\/\/thesoulhotel.com\/wp-content\/uploads\/2025\/01\/breakfast.jpg 325w, https:\/\/thesoulhotel.com\/wp-content\/uploads\/2025\/01\/breakfast-216x300.jpg 216w\" sizes=\"(max-width: 325px) 100vw, 325px\" \/>\t\t\t<\/div>\n\t\t<\/div>\n\t<\/div>\n\t<div class=\"image_background\">\n\t\t<img decoding=\"async\" width=\"346\" height=\"579\" src=\"https:\/\/thesoulhotel.com\/wp-content\/uploads\/2019\/05\/background.png\" class=\"attachment-full size-full\" alt=\"\" srcset=\"https:\/\/thesoulhotel.com\/wp-content\/uploads\/2019\/05\/background.png 346w, https:\/\/thesoulhotel.com\/wp-content\/uploads\/2019\/05\/background-179x300.png 179w\" sizes=\"(max-width: 346px) 100vw, 346px\" \/>\t<\/div>\n\t<\/div>\n\n\t\t\t\t<\/div>\n\t\t\t\t<\/div>\n\t\t\t\t\t<\/div>\n\t\t<\/div>\n\t\t\t\t\t<\/div>\n\t\t<\/section>\n\t\t\t\t<section class=\"elementor-section elementor-top-section elementor-element elementor-element-5d1505f elementor-section-full_width elementor-section-height-default elementor-section-height-default\" data-id=\"5d1505f\" data-element_type=\"section\">\n\t\t\t\t\t\t<div class=\"elementor-container elementor-column-gap-default\">\n\t\t\t\t\t<div class=\"elementor-column elementor-col-50 elementor-top-column elementor-element elementor-element-822d962\" data-id=\"822d962\" data-element_type=\"column\">\n\t\t\t<div class=\"elementor-widget-wrap elementor-element-populated\">\n\t\t\t\t\t\t<div class=\"elementor-element elementor-element-3a41edc elementor-widget thim-widget-box\" data-id=\"3a41edc\" data-element_type=\"widget\" data-widget_type=\"thim-box.default\">\n\t\t\t\t<div class=\"elementor-widget-container\">\n\t\t\t\t\t<div class=\"box_image style_1\">\n\t\t<div class=\"image\">\n\t\t<div class=\"row\">\n\t\t\t<div class=\"image-left col-md-6 col-sm-6\">\n\t\t\t\t<img loading=\"lazy\" decoding=\"async\" width=\"325\" height=\"452\" src=\"https:\/\/thesoulhotel.com\/wp-content\/uploads\/2025\/01\/Soul-8.jpg\" class=\"attachment-full size-full\" alt=\"\" srcset=\"https:\/\/thesoulhotel.com\/wp-content\/uploads\/2025\/01\/Soul-8.jpg 325w, https:\/\/thesoulhotel.com\/wp-content\/uploads\/2025\/01\/Soul-8-216x300.jpg 216w\" sizes=\"(max-width: 325px) 100vw, 325px\" \/>\t\t\t<\/div>\n\t\t\t<div class=\"image-right col-md-6 col-sm-6\">\n\t\t\t\t<img loading=\"lazy\" decoding=\"async\" width=\"325\" height=\"452\" src=\"https:\/\/thesoulhotel.com\/wp-content\/uploads\/2025\/01\/Soul-7.jpg\" class=\"attachment-full size-full\" alt=\"\" srcset=\"https:\/\/thesoulhotel.com\/wp-content\/uploads\/2025\/01\/Soul-7.jpg 325w, https:\/\/thesoulhotel.com\/wp-content\/uploads\/2025\/01\/Soul-7-216x300.jpg 216w\" sizes=\"(max-width: 325px) 100vw, 325px\" \/>\t\t\t<\/div>\n\t\t<\/div>\n\t<\/div>\n\t<div class=\"image_background\">\n\t\t<img decoding=\"async\" width=\"346\" height=\"579\" src=\"https:\/\/thesoulhotel.com\/wp-content\/uploads\/2019\/05\/background.png\" class=\"attachment-full size-full\" alt=\"\" srcset=\"https:\/\/thesoulhotel.com\/wp-content\/uploads\/2019\/05\/background.png 346w, https:\/\/thesoulhotel.com\/wp-content\/uploads\/2019\/05\/background-179x300.png 179w\" sizes=\"(max-width: 346px) 100vw, 346px\" \/>\t<\/div>\n\t<\/div>\n\n\t\t\t\t<\/div>\n\t\t\t\t<\/div>\n\t\t\t\t\t<\/div>\n\t\t<\/div>\n\t\t\t\t<div class=\"elementor-column elementor-col-50 elementor-top-column elementor-element elementor-element-849dca7\" data-id=\"849dca7\" data-element_type=\"column\">\n\t\t\t<div class=\"elementor-widget-wrap elementor-element-populated\">\n\t\t\t\t\t\t<div class=\"elementor-element elementor-element-e7f702b elementor-widget thim-widget-heading\" data-id=\"e7f702b\" data-element_type=\"widget\" data-widget_type=\"thim-heading.default\">\n\t\t\t\t<div class=\"elementor-widget-container\">\n\t\t\t\t\t<div class=\"style_new sc-heading article_heading \"><div class=\"content-heading\"><div class=\"small-heading\"><\/div><h3 style=\"font-size:35px;font-weight:400;font-style:inherit;\" class=\"heading__primary\">\u015earap ve Kahve E\u015fli\u011finde K\u0131\u015f Bah\u00e7emizin tad\u0131n\u0131 \u00e7\u0131kar\u0131n...<\/h3><div class=\"description-heading\"><p>Do\u011fal \u0131\u015f\u0131\u011f\u0131n ayd\u0131nlatt\u0131\u011f\u0131 K\u0131\u015f Bah\u00e7emiz, yaz-k\u0131\u015f demeden g\u00fcne\u015fin keyfini \u00e7\u0131karmak isteyen misafirlerimiz d\u00fc\u015f\u00fcn\u00fclerek tasarland\u0131. Sakin ve huzur veren bir atmosferde ister organik mutfa\u011f\u0131m\u0131zdan lezzetler tad\u0131n isterseniz kahve ya da \u015farab\u0131n\u0131z\u0131 yudumlay\u0131n.\n\n<\/p><\/div><\/div><div class=\"background-heading\"><\/div><\/div>\t\t\t\t<\/div>\n\t\t\t\t<\/div>\n\t\t\t\t\t<\/div>\n\t\t<\/div>\n\t\t\t\t\t<\/div>\n\t\t<\/section>\n\t\t\t\t<\/div>\n\t\t","protected":false},"excerpt":{"rendered":"<p>\u0130stanbul&#8217;da g\u00fcne &#8220;Sabah Kahvalt\u0131m\u0131z&#8221; ile ba\u015flay\u0131n&#8230; \u0130stanbul&#8217;da g\u00fcne &#8220;Sabah Kahvalt\u0131m\u0131z&#8221; ile ba\u015flay\u0131n&#8230;G\u00fcne enerjik ve sa\u011fl\u0131kla ba\u015flamak istiyorsan\u0131z Kahvalt\u0131m\u0131z\u0131 ka\u00e7\u0131rmay\u0131n! \u015earap ve Kahve E\u015fli\u011finde K\u0131\u015f Bah\u00e7emizin tad\u0131n\u0131 \u00e7\u0131kar\u0131n&#8230; Do\u011fal \u0131\u015f\u0131\u011f\u0131n ayd\u0131nlatt\u0131\u011f\u0131 K\u0131\u015f Bah\u00e7emiz, yaz-k\u0131\u015f demeden g\u00fcne\u015fin keyfini \u00e7\u0131karmak isteyen misafirlerimiz d\u00fc\u015f\u00fcn\u00fclerek tasarland\u0131. Sakin ve huzur veren bir atmosferde ister organik mutfa\u011f\u0131m\u0131zdan lezzetler tad\u0131n isterseniz kahve ya [&hellip;]<\/p>\n","protected":false},"author":1,"featured_media":0,"parent":0,"menu_order":0,"comment_status":"closed","ping_status":"closed","template":"","meta":{"_acf_changed":false,"footnotes":""},"class_list":["post-8931","page","type-page","status-publish","hentry"],"acf":[],"_links":{"self":[{"href":"https:\/\/thesoulhotel.com\/tr\/wp-json\/wp\/v2\/pages\/8931","targetHints":{"allow":["GET"]}}],"collection":[{"href":"https:\/\/thesoulhotel.com\/tr\/wp-json\/wp\/v2\/pages"}],"about":[{"href":"https:\/\/thesoulhotel.com\/tr\/wp-json\/wp\/v2\/types\/page"}],"author":[{"embeddable":true,"href":"https:\/\/thesoulhotel.com\/tr\/wp-json\/wp\/v2\/users\/1"}],"replies":[{"embeddable":true,"href":"https:\/\/thesoulhotel.com\/tr\/wp-json\/wp\/v2\/comments?post=8931"}],"version-history":[{"count":3,"href":"https:\/\/thesoulhotel.com\/tr\/wp-json\/wp\/v2\/pages\/8931\/revisions"}],"predecessor-version":[{"id":8939,"href":"https:\/\/thesoulhotel.com\/tr\/wp-json\/wp\/v2\/pages\/8931\/revisions\/8939"}],"wp:attachment":[{"href":"https:\/\/thesoulhotel.com\/tr\/wp-json\/wp\/v2\/media?parent=8931"}],"curies":[{"name":"wp","href":"https:\/\/api.w.org\/{rel}","templated":true}]}}