{"id":8926,"date":"2025-01-22T09:00:01","date_gmt":"2025-01-22T09:00:01","guid":{"rendered":"https:\/\/thesoulhotel.com\/rooms\/"},"modified":"2025-01-25T10:23:03","modified_gmt":"2025-01-25T10:23:03","slug":"odalar","status":"publish","type":"page","link":"https:\/\/thesoulhotel.com\/tr\/odalar\/","title":{"rendered":"Odalar"},"content":{"rendered":"\t\t<div class=\"container room-container\">\n\t\t\t\t<div class=\"sort-by-wrapper\">\n\t\t\t\t<div class=\"show-number\">\n\t\t\tShowing the last items of 6 results.\t\t<\/div>\n\n\t\t<div class=\"sort-by\">\n\t\t\t<span class=\"sort-by__label\">Sort By :<\/span>\n\t\t\t<div class=\"select\">\n\t\t\t\t<div class=\"toggle\">\n\t\t\t\t\tDefault (Newest)\t\t\t\t<\/div>\n\t\t\t\t<ul class=\"sort-by__list\">\n\t\t\t\t\t\t\t\t\t\t\t<li class=\"sort-by__list-item active\" data-value=\"date-desc\">\n\t\t\t\t\t\t\tDefault (Newest)\t\t\t\t\t\t<\/li>\n\t\t\t\t\t\t\t\t\t\t\t\t<li class=\"sort-by__list-item\" data-value=\"date-asc\">\n\t\t\t\t\t\t\tOldest\t\t\t\t\t\t<\/li>\n\t\t\t\t\t\t\t\t\t\t\t\t<li class=\"sort-by__list-item\" data-value=\"title-asc\">\n\t\t\t\t\t\t\tA to Z\t\t\t\t\t\t<\/li>\n\t\t\t\t\t\t\t\t\t\t\t\t<li class=\"sort-by__list-item\" data-value=\"title-desc\">\n\t\t\t\t\t\t\tZ to A\t\t\t\t\t\t<\/li>\n\t\t\t\t\t\t\t\t\t\t<\/ul>\n\t\t\t<\/div>\n\t\t<\/div>\n\t\t\t<\/div>\n\n<ul class=\"rooms tp-hotel-booking hb-catalog-column-3\">\n\n\n<li id=\"room-8910\" class=\"col-md-4 col-sm-6 col-xs-6 post-8910 hb_room type-hb_room status-publish has-post-thumbnail hentry\">\n\n\t\n\t<div class=\"summary entry-summary\">\n\n\t\t\n<div class=\"media\">\n\t<img fetchpriority=\"high\" decoding=\"async\" src=\"https:\/\/thesoulhotel.com\/wp-content\/uploads\/2020\/02\/1D2A0153-Edit-scaled-1-270x270.jpg\" width=\"270\" height=\"270\" alt=\"\"\/>\t\t<div class=\"actions\">\n\t\t<div class=\"action-btn\">\n\t\t\t<a href=\"https:\/\/thesoulhotel.com\/tr\/rooms\/petit-oda\/\" class=\"button readmore\">\n\t\t\t\t<i class=\"fas fa-external-link-square-alt\"><\/i>\n\t\t\t<\/a>\n\t\t<\/div>\n\t<\/div>\n<\/div>\t\t<div class=\"content-room\">\n\t\t\t<div class=\"title-room\">\n\t\t\t\t\n<div class=\"title\">\n\t<h4>\n\t\t<a href=\"https:\/\/thesoulhotel.com\/tr\/rooms\/petit-oda\/\">Petit Oda<\/a>\n\t<\/h4>\n<\/div>\n\t\t\t<\/div>\n\t\t\t<div class=\"description\"><p>Petit Oda, \u0130stanbul'u ke\u015ffetmek isteyen misafirlerimiz i\u00e7in s\u0131cak atmosferiyle en uygun...\r\n\r\n<\/p>\r\n<div class=\"information_services\">\r\n\t<ul>\r\n\t\t\r\n<li><img decoding=\"async\" src=\"https:\/\/thesoulhotel.com\/wp-content\/themes\/sailing\/assets\/images\/wifi.svg\" height=\"20px\" width=\"20px\"><\/li>\r\n<li><img decoding=\"async\" src=\"https:\/\/thesoulhotel.com\/wp-content\/themes\/sailing\/assets\/images\/air-conditioner.svg\" height=\"20px\" width=\"20px\"><\/li>\r\n<li><img decoding=\"async\" src=\"https:\/\/thesoulhotel.com\/wp-content\/themes\/sailing\/assets\/images\/safe-box.svg\" height=\"20px\" width=\"20px\"><\/li>\r\n<li><img decoding=\"async\" src=\"https:\/\/thesoulhotel.com\/wp-content\/themes\/sailing\/assets\/images\/coffee-machine.svg\" height=\"20px\" width=\"20px\"><\/li>\r\n<li><img decoding=\"async\" src=\"https:\/\/thesoulhotel.com\/wp-content\/themes\/sailing\/assets\/images\/minibar.svg\" height=\"20px\" width=\"20px\"><\/li>\r\n<li><img decoding=\"async\" src=\"https:\/\/thesoulhotel.com\/wp-content\/themes\/sailing\/assets\/images\/shower.svg\" height=\"20px\" width=\"20px\"><\/li>\r\n\r\n\r\n   \r\n\t<\/ul>\r\n<\/div><\/div>\n<div class=\"footer-content-room\">\n\t\n\t\t<div class=\"price\">\n\t\t\t<span class=\"title-price\">Price:<\/span>\n\n\t\t\t\t\t\t\t<span class=\"price_value price_min\">\n\t            &#36;0.0<span class=\"unit\">night<\/span>\n            <\/span>\n\t\t\t\n\t\t<\/div>\n\t\n\t<div class=\"actions\">\n\t\t<div class=\"action-btn\">\n\t\t\t<a href=\"https:\/\/thesoulhotel.com\/tr\/rooms\/petit-oda\/\" class=\"button readmore\">\n\t\t\t\tMore Info\t\t\t<\/a>\n\t\t<\/div>\n\t<\/div>\n<\/div>\t\t<\/div>\n\n\t\t\n\t<\/div><!-- .summary -->\n\n\t\n<\/li>\n\n\n\n<li id=\"room-8913\" class=\"col-md-4 col-sm-6 col-xs-6 post-8913 hb_room type-hb_room status-publish has-post-thumbnail hentry\">\n\n\t\n\t<div class=\"summary entry-summary\">\n\n\t\t\n<div class=\"media\">\n\t<img decoding=\"async\" src=\"https:\/\/thesoulhotel.com\/wp-content\/uploads\/2020\/02\/1D2A9254-Edit-scaled-1-270x270.jpg\" width=\"270\" height=\"270\" alt=\"\"\/>\t\t<div class=\"actions\">\n\t\t<div class=\"action-btn\">\n\t\t\t<a href=\"https:\/\/thesoulhotel.com\/tr\/rooms\/cozy-oda\/\" class=\"button readmore\">\n\t\t\t\t<i class=\"fas fa-external-link-square-alt\"><\/i>\n\t\t\t<\/a>\n\t\t<\/div>\n\t<\/div>\n<\/div>\t\t<div class=\"content-room\">\n\t\t\t<div class=\"title-room\">\n\t\t\t\t\n<div class=\"title\">\n\t<h4>\n\t\t<a href=\"https:\/\/thesoulhotel.com\/tr\/rooms\/cozy-oda\/\">Cozy Oda<\/a>\n\t<\/h4>\n<\/div>\n\t\t\t<\/div>\n\t\t\t<div class=\"description\"><p>Modern gezginlerin \u0130stanbul ke\u015fifleri s\u0131ras\u0131nda ihtiya\u00e7 duyabilece\u011fi t\u00fcm konforu...<\/p>\r\n<div class=\"information_services\">\r\n\t<ul>\r\n\t\t\r\n<li><img decoding=\"async\" src=\"https:\/\/thesoulhotel.com\/wp-content\/themes\/sailing\/assets\/images\/wifi.svg\" height=\"20px\" width=\"20px\"><\/li>\r\n<li><img decoding=\"async\" src=\"https:\/\/thesoulhotel.com\/wp-content\/themes\/sailing\/assets\/images\/air-conditioner.svg\" height=\"20px\" width=\"20px\"><\/li>\r\n<li><img decoding=\"async\" src=\"https:\/\/thesoulhotel.com\/wp-content\/themes\/sailing\/assets\/images\/safe-box.svg\" height=\"20px\" width=\"20px\"><\/li>\r\n<li><img decoding=\"async\" src=\"https:\/\/thesoulhotel.com\/wp-content\/themes\/sailing\/assets\/images\/coffee-machine.svg\" height=\"20px\" width=\"20px\"><\/li>\r\n<li><img decoding=\"async\" src=\"https:\/\/thesoulhotel.com\/wp-content\/themes\/sailing\/assets\/images\/minibar.svg\" height=\"20px\" width=\"20px\"><\/li>\r\n<li><img decoding=\"async\" src=\"https:\/\/thesoulhotel.com\/wp-content\/themes\/sailing\/assets\/images\/shower.svg\" height=\"20px\" width=\"20px\"><\/li>\r\n   \r\n\t<\/ul>\r\n<\/div><\/div>\n<div class=\"footer-content-room\">\n\t\n\t\t<div class=\"price\">\n\t\t\t<span class=\"title-price\">Price:<\/span>\n\n\t\t\t\t\t\t\t<span class=\"price_value price_min\">\n\t            &#36;0.0<span class=\"unit\">night<\/span>\n            <\/span>\n\t\t\t\n\t\t<\/div>\n\t\n\t<div class=\"actions\">\n\t\t<div class=\"action-btn\">\n\t\t\t<a href=\"https:\/\/thesoulhotel.com\/tr\/rooms\/cozy-oda\/\" class=\"button readmore\">\n\t\t\t\tMore Info\t\t\t<\/a>\n\t\t<\/div>\n\t<\/div>\n<\/div>\t\t<\/div>\n\n\t\t\n\t<\/div><!-- .summary -->\n\n\t\n<\/li>\n\n\n\n<li id=\"room-8914\" class=\"col-md-4 col-sm-6 col-xs-6 post-8914 hb_room type-hb_room status-publish has-post-thumbnail hentry\">\n\n\t\n\t<div class=\"summary entry-summary\">\n\n\t\t\n<div class=\"media\">\n\t<img decoding=\"async\" src=\"https:\/\/thesoulhotel.com\/wp-content\/uploads\/2020\/02\/1D2A9910-Edit-scaled-1-270x270.jpg\" width=\"270\" height=\"270\" alt=\"\"\/>\t\t<div class=\"actions\">\n\t\t<div class=\"action-btn\">\n\t\t\t<a href=\"https:\/\/thesoulhotel.com\/tr\/rooms\/antik-oda\/\" class=\"button readmore\">\n\t\t\t\t<i class=\"fas fa-external-link-square-alt\"><\/i>\n\t\t\t<\/a>\n\t\t<\/div>\n\t<\/div>\n<\/div>\t\t<div class=\"content-room\">\n\t\t\t<div class=\"title-room\">\n\t\t\t\t\n<div class=\"title\">\n\t<h4>\n\t\t<a href=\"https:\/\/thesoulhotel.com\/tr\/rooms\/antik-oda\/\">Antik Oda<\/a>\n\t<\/h4>\n<\/div>\n\t\t\t<\/div>\n\t\t\t<div class=\"description\"><p>Antik Oda, hem \u00f6zenle korudu\u011fumuz duvarlar\u0131ndaki tarihi doku ile 20. yy mimarisinin...\r\n\r\n<\/p>\r\n<div class=\"information_services\">\r\n\t<ul>\r\n\t\t\r\n<li><img decoding=\"async\" src=\"https:\/\/thesoulhotel.com\/wp-content\/themes\/sailing\/assets\/images\/wifi.svg\" height=\"20px\" width=\"20px\"><\/li>\r\n<li><img decoding=\"async\" src=\"https:\/\/thesoulhotel.com\/wp-content\/themes\/sailing\/assets\/images\/air-conditioner.svg\" height=\"20px\" width=\"20px\"><\/li>\r\n<li><img decoding=\"async\" src=\"https:\/\/thesoulhotel.com\/wp-content\/themes\/sailing\/assets\/images\/safe-box.svg\" height=\"20px\" width=\"20px\"><\/li>\r\n<li><img decoding=\"async\" src=\"https:\/\/thesoulhotel.com\/wp-content\/themes\/sailing\/assets\/images\/coffee-machine.svg\" height=\"20px\" width=\"20px\"><\/li>\r\n<li><img decoding=\"async\" src=\"https:\/\/thesoulhotel.com\/wp-content\/themes\/sailing\/assets\/images\/minibar.svg\" height=\"20px\" width=\"20px\"><\/li>\r\n<li><img decoding=\"async\" src=\"https:\/\/thesoulhotel.com\/wp-content\/themes\/sailing\/assets\/images\/shower.svg\" height=\"20px\" width=\"20px\"><\/li>\r\n   \r\n\t<\/ul>\r\n<\/div><\/div>\n<div class=\"footer-content-room\">\n\t\n\t\t<div class=\"price\">\n\t\t\t<span class=\"title-price\">Price:<\/span>\n\n\t\t\t\t\t\t\t<span class=\"price_value price_min\">\n\t            &#36;0.0<span class=\"unit\">night<\/span>\n            <\/span>\n\t\t\t\n\t\t<\/div>\n\t\n\t<div class=\"actions\">\n\t\t<div class=\"action-btn\">\n\t\t\t<a href=\"https:\/\/thesoulhotel.com\/tr\/rooms\/antik-oda\/\" class=\"button readmore\">\n\t\t\t\tMore Info\t\t\t<\/a>\n\t\t<\/div>\n\t<\/div>\n<\/div>\t\t<\/div>\n\n\t\t\n\t<\/div><!-- .summary -->\n\n\t\n<\/li>\n\n\n\n<li id=\"room-8916\" class=\"col-md-4 col-sm-6 col-xs-6 post-8916 hb_room type-hb_room status-publish has-post-thumbnail hentry\">\n\n\t\n\t<div class=\"summary entry-summary\">\n\n\t\t\n<div class=\"media\">\n\t<img loading=\"lazy\" decoding=\"async\" src=\"https:\/\/thesoulhotel.com\/wp-content\/uploads\/2020\/02\/1D2A9484-Edit-scaled-1-270x270.jpg\" width=\"270\" height=\"270\" alt=\"\"\/>\t\t<div class=\"actions\">\n\t\t<div class=\"action-btn\">\n\t\t\t<a href=\"https:\/\/thesoulhotel.com\/tr\/rooms\/balkonlu-deluks-oda\/\" class=\"button readmore\">\n\t\t\t\t<i class=\"fas fa-external-link-square-alt\"><\/i>\n\t\t\t<\/a>\n\t\t<\/div>\n\t<\/div>\n<\/div>\t\t<div class=\"content-room\">\n\t\t\t<div class=\"title-room\">\n\t\t\t\t\n<div class=\"title\">\n\t<h4>\n\t\t<a href=\"https:\/\/thesoulhotel.com\/tr\/rooms\/balkonlu-deluks-oda\/\">Balkonlu Del\u00fcks Oda<\/a>\n\t<\/h4>\n<\/div>\n\t\t\t<\/div>\n\t\t\t<div class=\"description\"><p>Sundu\u011fu konfor ile birlikte, balkonunda rahat\u00e7a vakit ge\u00e7irebilece\u011finiz bu Deluxe odam\u0131z...\r\n\r\n<\/p>\r\n<div class=\"information_services\">\r\n\t<ul>\r\n\t\t\r\n<li><img decoding=\"async\" src=\"https:\/\/thesoulhotel.com\/wp-content\/themes\/sailing\/assets\/images\/wifi.svg\" height=\"20px\" width=\"20px\"><\/li>\r\n<li><img decoding=\"async\" src=\"https:\/\/thesoulhotel.com\/wp-content\/themes\/sailing\/assets\/images\/air-conditioner.svg\" height=\"20px\" width=\"20px\"><\/li>\r\n<li><img decoding=\"async\" src=\"https:\/\/thesoulhotel.com\/wp-content\/themes\/sailing\/assets\/images\/safe-box.svg\" height=\"20px\" width=\"20px\"><\/li>\r\n<li><img decoding=\"async\" src=\"https:\/\/thesoulhotel.com\/wp-content\/themes\/sailing\/assets\/images\/coffee-machine.svg\" height=\"20px\" width=\"20px\"><\/li>\r\n<li><img decoding=\"async\" src=\"https:\/\/thesoulhotel.com\/wp-content\/themes\/sailing\/assets\/images\/minibar.svg\" height=\"20px\" width=\"20px\"><\/li>\r\n<li><img decoding=\"async\" src=\"https:\/\/thesoulhotel.com\/wp-content\/themes\/sailing\/assets\/images\/shower.svg\" height=\"20px\" width=\"20px\"><\/li>\r\n   \r\n\t<\/ul>\r\n<\/div><\/div>\n<div class=\"footer-content-room\">\n\t\n\t\t<div class=\"price\">\n\t\t\t<span class=\"title-price\">Price:<\/span>\n\n\t\t\t\t\t\t\t<span class=\"price_value price_min\">\n\t            &#36;0.0<span class=\"unit\">night<\/span>\n            <\/span>\n\t\t\t\n\t\t<\/div>\n\t\n\t<div class=\"actions\">\n\t\t<div class=\"action-btn\">\n\t\t\t<a href=\"https:\/\/thesoulhotel.com\/tr\/rooms\/balkonlu-deluks-oda\/\" class=\"button readmore\">\n\t\t\t\tMore Info\t\t\t<\/a>\n\t\t<\/div>\n\t<\/div>\n<\/div>\t\t<\/div>\n\n\t\t\n\t<\/div><!-- .summary -->\n\n\t\n<\/li>\n\n\n\n<li id=\"room-8918\" class=\"col-md-4 col-sm-6 col-xs-6 post-8918 hb_room type-hb_room status-publish has-post-thumbnail hentry\">\n\n\t\n\t<div class=\"summary entry-summary\">\n\n\t\t\n<div class=\"media\">\n\t<img loading=\"lazy\" decoding=\"async\" src=\"https:\/\/thesoulhotel.com\/wp-content\/uploads\/2020\/02\/1D2A9124-Edit-scaled-1-270x270.jpg\" width=\"270\" height=\"270\" alt=\"\"\/>\t\t<div class=\"actions\">\n\t\t<div class=\"action-btn\">\n\t\t\t<a href=\"https:\/\/thesoulhotel.com\/tr\/rooms\/galata-manzarali-deluks-oda\/\" class=\"button readmore\">\n\t\t\t\t<i class=\"fas fa-external-link-square-alt\"><\/i>\n\t\t\t<\/a>\n\t\t<\/div>\n\t<\/div>\n<\/div>\t\t<div class=\"content-room\">\n\t\t\t<div class=\"title-room\">\n\t\t\t\t\n<div class=\"title\">\n\t<h4>\n\t\t<a href=\"https:\/\/thesoulhotel.com\/tr\/rooms\/galata-manzarali-deluks-oda\/\">Galata Manzaral\u0131 Del\u00fcks Oda<\/a>\n\t<\/h4>\n<\/div>\n\t\t\t<\/div>\n\t\t\t<div class=\"description\"><p>Galata Manzaral\u0131 Deluxe Odam\u0131z, Galata Kulesi'nin kusursuz manzaras\u0131yla misafirlerimize...\r\n\r\n<\/p>\r\n<div class=\"information_services\">\r\n\t<ul>\r\n\t\t\r\n<li><img decoding=\"async\" src=\"https:\/\/thesoulhotel.com\/wp-content\/themes\/sailing\/assets\/images\/wifi.svg\" height=\"20px\" width=\"20px\"><\/li>\r\n<li><img decoding=\"async\" src=\"https:\/\/thesoulhotel.com\/wp-content\/themes\/sailing\/assets\/images\/air-conditioner.svg\" height=\"20px\" width=\"20px\"><\/li>\r\n<li><img decoding=\"async\" src=\"https:\/\/thesoulhotel.com\/wp-content\/themes\/sailing\/assets\/images\/safe-box.svg\" height=\"20px\" width=\"20px\"><\/li>\r\n<li><img decoding=\"async\" src=\"https:\/\/thesoulhotel.com\/wp-content\/themes\/sailing\/assets\/images\/coffee-machine.svg\" height=\"20px\" width=\"20px\"><\/li>\r\n<li><img decoding=\"async\" src=\"https:\/\/thesoulhotel.com\/wp-content\/themes\/sailing\/assets\/images\/minibar.svg\" height=\"20px\" width=\"20px\"><\/li>\r\n<li><img decoding=\"async\" src=\"https:\/\/thesoulhotel.com\/wp-content\/themes\/sailing\/assets\/images\/shower.svg\" height=\"20px\" width=\"20px\"><\/li>\r\n   \r\n\t<\/ul>\r\n<\/div><\/div>\n<div class=\"footer-content-room\">\n\t\n\t\t<div class=\"price\">\n\t\t\t<span class=\"title-price\">Price:<\/span>\n\n\t\t\t\t\t\t\t<span class=\"price_value price_min\">\n\t            &#36;0.0<span class=\"unit\">night<\/span>\n            <\/span>\n\t\t\t\n\t\t<\/div>\n\t\n\t<div class=\"actions\">\n\t\t<div class=\"action-btn\">\n\t\t\t<a href=\"https:\/\/thesoulhotel.com\/tr\/rooms\/galata-manzarali-deluks-oda\/\" class=\"button readmore\">\n\t\t\t\tMore Info\t\t\t<\/a>\n\t\t<\/div>\n\t<\/div>\n<\/div>\t\t<\/div>\n\n\t\t\n\t<\/div><!-- .summary -->\n\n\t\n<\/li>\n\n\n\n<li id=\"room-8920\" class=\"col-md-4 col-sm-6 col-xs-6 post-8920 hb_room type-hb_room status-publish has-post-thumbnail hentry\">\n\n\t\n\t<div class=\"summary entry-summary\">\n\n\t\t\n<div class=\"media\">\n\t<img loading=\"lazy\" decoding=\"async\" src=\"https:\/\/thesoulhotel.com\/wp-content\/uploads\/2020\/02\/1D2A0602-Edit-scaled-1-270x270.jpg\" width=\"270\" height=\"270\" alt=\"\"\/>\t\t<div class=\"actions\">\n\t\t<div class=\"action-btn\">\n\t\t\t<a href=\"https:\/\/thesoulhotel.com\/tr\/rooms\/sofali-deluks-oda-giris-kat\/\" class=\"button readmore\">\n\t\t\t\t<i class=\"fas fa-external-link-square-alt\"><\/i>\n\t\t\t<\/a>\n\t\t<\/div>\n\t<\/div>\n<\/div>\t\t<div class=\"content-room\">\n\t\t\t<div class=\"title-room\">\n\t\t\t\t\n<div class=\"title\">\n\t<h4>\n\t\t<a href=\"https:\/\/thesoulhotel.com\/tr\/rooms\/sofali-deluks-oda-giris-kat\/\">Sofal\u0131 Del\u00fcks Oda Giri\u015f Kat<\/a>\n\t<\/h4>\n<\/div>\n\t\t\t<\/div>\n\t\t\t<div class=\"description\"><p>Deluxe Room with Sofa, the largest room of our hotel, offers a dreamlike experience...\r\n\r\n<\/p>\r\n<div class=\"information_services\">\r\n\t<ul>\r\n\t\t\r\n<li><img decoding=\"async\" src=\"https:\/\/thesoulhotel.com\/wp-content\/themes\/sailing\/assets\/images\/wifi.svg\" height=\"20px\" width=\"20px\"><\/li>\r\n<li><img decoding=\"async\" src=\"https:\/\/thesoulhotel.com\/wp-content\/themes\/sailing\/assets\/images\/air-conditioner.svg\" height=\"20px\" width=\"20px\"><\/li>\r\n<li><img decoding=\"async\" src=\"https:\/\/thesoulhotel.com\/wp-content\/themes\/sailing\/assets\/images\/safe-box.svg\" height=\"20px\" width=\"20px\"><\/li>\r\n<li><img decoding=\"async\" src=\"https:\/\/thesoulhotel.com\/wp-content\/themes\/sailing\/assets\/images\/coffee-machine.svg\" height=\"20px\" width=\"20px\"><\/li>\r\n<li><img decoding=\"async\" src=\"https:\/\/thesoulhotel.com\/wp-content\/themes\/sailing\/assets\/images\/minibar.svg\" height=\"20px\" width=\"20px\"><\/li>\r\n<li><img decoding=\"async\" src=\"https:\/\/thesoulhotel.com\/wp-content\/themes\/sailing\/assets\/images\/bathtub.svg\" height=\"25px\" width=\"25px\"><\/li>\r\n   \r\n\t<\/ul>\r\n<\/div><\/div>\n<div class=\"footer-content-room\">\n\t\n\t\t<div class=\"price\">\n\t\t\t<span class=\"title-price\">Price:<\/span>\n\n\t\t\t\t\t\t\t<span class=\"price_value price_min\">\n\t            &#36;0.0<span class=\"unit\">night<\/span>\n            <\/span>\n\t\t\t\n\t\t<\/div>\n\t\n\t<div class=\"actions\">\n\t\t<div class=\"action-btn\">\n\t\t\t<a href=\"https:\/\/thesoulhotel.com\/tr\/rooms\/sofali-deluks-oda-giris-kat\/\" class=\"button readmore\">\n\t\t\t\tMore Info\t\t\t<\/a>\n\t\t<\/div>\n\t<\/div>\n<\/div>\t\t<\/div>\n\n\t\t\n\t<\/div><!-- .summary -->\n\n\t\n<\/li>\n\n\n<\/ul>\n\n\t\t<\/div>\n\t\t\n","protected":false},"excerpt":{"rendered":"","protected":false},"author":1,"featured_media":0,"parent":0,"menu_order":0,"comment_status":"closed","ping_status":"closed","template":"","meta":{"_acf_changed":false,"footnotes":""},"class_list":["post-8926","page","type-page","status-publish","hentry"],"acf":[],"_links":{"self":[{"href":"https:\/\/thesoulhotel.com\/tr\/wp-json\/wp\/v2\/pages\/8926","targetHints":{"allow":["GET"]}}],"collection":[{"href":"https:\/\/thesoulhotel.com\/tr\/wp-json\/wp\/v2\/pages"}],"about":[{"href":"https:\/\/thesoulhotel.com\/tr\/wp-json\/wp\/v2\/types\/page"}],"author":[{"embeddable":true,"href":"https:\/\/thesoulhotel.com\/tr\/wp-json\/wp\/v2\/users\/1"}],"replies":[{"embeddable":true,"href":"https:\/\/thesoulhotel.com\/tr\/wp-json\/wp\/v2\/comments?post=8926"}],"version-history":[{"count":1,"href":"https:\/\/thesoulhotel.com\/tr\/wp-json\/wp\/v2\/pages\/8926\/revisions"}],"predecessor-version":[{"id":8927,"href":"https:\/\/thesoulhotel.com\/tr\/wp-json\/wp\/v2\/pages\/8926\/revisions\/8927"}],"wp:attachment":[{"href":"https:\/\/thesoulhotel.com\/tr\/wp-json\/wp\/v2\/media?parent=8926"}],"curies":[{"name":"wp","href":"https:\/\/api.w.org\/{rel}","templated":true}]}}