{"id":8889,"date":"2025-01-23T08:24:59","date_gmt":"2025-01-23T08:24:59","guid":{"rendered":"https:\/\/thesoulhotel.com\/packages\/"},"modified":"2025-01-25T10:04:41","modified_gmt":"2025-01-25T10:04:41","slug":"paketler","status":"publish","type":"page","link":"https:\/\/thesoulhotel.com\/tr\/paketler\/","title":{"rendered":"Paketler"},"content":{"rendered":"\t\t<div data-elementor-type=\"wp-page\" data-elementor-id=\"8889\" class=\"elementor elementor-8889 elementor-7976\" data-elementor-post-type=\"page\">\n\t\t\t\t<div class=\"elementor-element elementor-element-5ac87bf e-flex e-con-boxed e-con e-parent\" data-id=\"5ac87bf\" data-element_type=\"container\">\n\t\t\t\t\t<div class=\"e-con-inner\">\n\t\t\t\t<div class=\"elementor-element elementor-element-f0cc1bf elementor-grid-3 elementor-grid-tablet-2 elementor-grid-mobile-1 elementor-widget elementor-widget-loop-grid\" data-id=\"f0cc1bf\" data-element_type=\"widget\" data-settings=\"{&quot;template_id&quot;:8903,&quot;_skin&quot;:&quot;post&quot;,&quot;columns&quot;:&quot;3&quot;,&quot;columns_tablet&quot;:&quot;2&quot;,&quot;columns_mobile&quot;:&quot;1&quot;,&quot;edit_handle_selector&quot;:&quot;[data-elementor-type=\\&quot;loop-item\\&quot;]&quot;,&quot;row_gap&quot;:{&quot;unit&quot;:&quot;px&quot;,&quot;size&quot;:&quot;&quot;,&quot;sizes&quot;:[]},&quot;row_gap_tablet&quot;:{&quot;unit&quot;:&quot;px&quot;,&quot;size&quot;:&quot;&quot;,&quot;sizes&quot;:[]},&quot;row_gap_mobile&quot;:{&quot;unit&quot;:&quot;px&quot;,&quot;size&quot;:&quot;&quot;,&quot;sizes&quot;:[]}}\" data-widget_type=\"loop-grid.post\">\n\t\t\t\t<div class=\"elementor-widget-container\">\n\t\t\t\t\t\t\t<div class=\"elementor-loop-container elementor-grid\">\n\t\t<style id=\"loop-8903\">.elementor-8903 .elementor-element.elementor-element-ce9d08f{--display:flex;--min-height:870px;--justify-content:flex-start;border-style:solid;--border-style:solid;border-width:1px 1px 1px 1px;--border-top-width:1px;--border-right-width:1px;--border-bottom-width:1px;--border-left-width:1px;border-color:#C19B76;--border-color:#C19B76;--border-radius:5px 5px 5px 5px;}.elementor-widget-image .widget-image-caption{color:var( --e-global-color-text );font-family:var( --e-global-typography-text-font-family ), Sans-serif;font-weight:var( --e-global-typography-text-font-weight );}.elementor-widget-heading .elementor-heading-title{font-family:var( --e-global-typography-primary-font-family ), Sans-serif;font-weight:var( --e-global-typography-primary-font-weight );color:var( --e-global-color-primary );}.elementor-8903 .elementor-element.elementor-element-07dd5e3 .elementor-heading-title{font-family:\"Playfair Display\", Sans-serif;font-size:24px;font-weight:400;line-height:29px;color:#000000;}.elementor-widget-text-editor{font-family:var( --e-global-typography-text-font-family ), Sans-serif;font-weight:var( --e-global-typography-text-font-weight );color:var( --e-global-color-text );}.elementor-widget-text-editor.elementor-drop-cap-view-stacked .elementor-drop-cap{background-color:var( --e-global-color-primary );}.elementor-widget-text-editor.elementor-drop-cap-view-framed .elementor-drop-cap, .elementor-widget-text-editor.elementor-drop-cap-view-default .elementor-drop-cap{color:var( --e-global-color-primary );border-color:var( --e-global-color-primary );}.elementor-widget-button .elementor-button{background-color:var( --e-global-color-accent );font-family:var( --e-global-typography-accent-font-family ), Sans-serif;font-weight:var( --e-global-typography-accent-font-weight );}.elementor-8903 .elementor-element.elementor-element-777973a .elementor-button{background-color:#C19B76;border-style:solid;border-width:1px 1px 1px 1px;}.elementor-8903 .elementor-element.elementor-element-777973a .elementor-button:hover, .elementor-8903 .elementor-element.elementor-element-777973a .elementor-button:focus{background-color:#FFFFFF;color:#C19B76;border-color:#C19B76;}.elementor-8903 .elementor-element.elementor-element-777973a .elementor-button:hover svg, .elementor-8903 .elementor-element.elementor-element-777973a .elementor-button:focus svg{fill:#C19B76;}\/* Start custom CSS for button, class: .elementor-element-777973a *\/#packages-request-button {\n    position: absolute;\n    bottom: 10px;\n}\/* End custom CSS *\/<\/style>\t\t<div data-elementor-type=\"loop-item\" data-elementor-id=\"8903\" class=\"elementor elementor-8903 elementor-7978 e-loop-item e-loop-item-8899 post-8899 packages type-packages status-publish has-post-thumbnail hentry\" data-elementor-post-type=\"elementor_library\" data-custom-edit-handle=\"1\">\n\t\t\t<div class=\"elementor-element elementor-element-ce9d08f e-flex e-con-boxed e-con e-parent\" data-id=\"ce9d08f\" data-element_type=\"container\">\n\t\t\t\t\t<div class=\"e-con-inner\">\n\t\t\t\t<div class=\"elementor-element elementor-element-c6016e1 elementor-widget elementor-widget-image\" data-id=\"c6016e1\" data-element_type=\"widget\" data-widget_type=\"image.default\">\n\t\t\t\t<div class=\"elementor-widget-container\">\n\t\t\t\t\t\t\t\t\t\t\t\t\t\t\t<img decoding=\"async\" src=\"https:\/\/thesoulhotel.com\/wp-content\/uploads\/2025\/01\/airport-transfer-400x300.webp\" title=\"airport-transfer\" alt=\"airport-transfer\" loading=\"lazy\" \/>\t\t\t\t\t\t\t\t\t\t\t\t\t\t\t<\/div>\n\t\t\t\t<\/div>\n\t\t\t\t<div class=\"elementor-element elementor-element-07dd5e3 heading__primary elementor-widget elementor-widget-heading\" data-id=\"07dd5e3\" data-element_type=\"widget\" data-widget_type=\"heading.default\">\n\t\t\t\t<div class=\"elementor-widget-container\">\n\t\t\t\t\t<h3 class=\"elementor-heading-title elementor-size-default\">Havaliman\u0131 Transferi<\/h3>\t\t\t\t<\/div>\n\t\t\t\t<\/div>\n\t\t\t\t<div class=\"elementor-element elementor-element-b0114e3 elementor-widget elementor-widget-text-editor\" data-id=\"b0114e3\" data-element_type=\"widget\" data-widget_type=\"text-editor.default\">\n\t\t\t\t<div class=\"elementor-widget-container\">\n\t\t\t\t\t\t\t\t\t<p>\u0130stanbul\u2019a vard\u0131n\u0131z ama otelimize nas\u0131l geleceksiniz? Endi\u015felenmeyin, sizi \u0130stanbul Havaliman\u0131 ve Sabiha G\u00f6k\u00e7en Havaalanlar\u0131ndan \u00f6zel transfer arac\u0131m\u0131zla al\u0131yoruz.<\/p>\n<p><strong>\u0130stanbul Havaliman\u0131:<\/strong><\/p>\n<ul>\n<li>69.-\u20ac (1 \u2013 4 ki\u015fiye kadar)<\/li>\n<li>79.-\u20ac (5 \u2013 6 ki\u015fiye kadar)<\/li>\n<li>119.-\u20ac (7 \u2013 13 ki\u015fiye kadar)<\/li>\n<\/ul>\n<p><strong>Sabiha G\u00f6k\u00e7en Havaliman\u0131:<\/strong><\/p>\n<ul>\n<li>79.-\u20ac (1 \u2013 4 ki\u015fiye kadar)<\/li>\n<li>89.-\u20ac (5 \u2013 6 ki\u015fiye kadar)<\/li>\n<li>129.-\u20ac (7 \u2013 13 ki\u015fiye kadar)<\/li>\n<\/ul>\n\t\t\t\t\t\t\t\t<\/div>\n\t\t\t\t<\/div>\n\t\t\t\t<div class=\"elementor-element elementor-element-777973a elementor-widget elementor-widget-button\" data-id=\"777973a\" data-element_type=\"widget\" id=\"packages-request-button\" data-widget_type=\"button.default\">\n\t\t\t\t<div class=\"elementor-widget-container\">\n\t\t\t\t\t\t\t\t\t<div class=\"elementor-button-wrapper\">\n\t\t\t\t\t<a class=\"elementor-button elementor-button-link elementor-size-sm\" href=\"https:\/\/thesoulhotel.com\/tr\/packages\/havalimani-transferi\/\">\n\t\t\t\t\t\t<span class=\"elementor-button-content-wrapper\">\n\t\t\t\t\t\t\t\t\t<span class=\"elementor-button-text\">Talep G\u00f6nder<\/span>\n\t\t\t\t\t<\/span>\n\t\t\t\t\t<\/a>\n\t\t\t\t<\/div>\n\t\t\t\t\t\t\t\t<\/div>\n\t\t\t\t<\/div>\n\t\t\t\t\t<\/div>\n\t\t\t\t<\/div>\n\t\t\t\t<\/div>\n\t\t\t\t<div data-elementor-type=\"loop-item\" data-elementor-id=\"8903\" class=\"elementor elementor-8903 elementor-7978 e-loop-item e-loop-item-8897 post-8897 packages type-packages status-publish has-post-thumbnail hentry\" data-elementor-post-type=\"elementor_library\" data-custom-edit-handle=\"1\">\n\t\t\t<div class=\"elementor-element elementor-element-ce9d08f e-flex e-con-boxed e-con e-parent\" data-id=\"ce9d08f\" data-element_type=\"container\">\n\t\t\t\t\t<div class=\"e-con-inner\">\n\t\t\t\t<div class=\"elementor-element elementor-element-c6016e1 elementor-widget elementor-widget-image\" data-id=\"c6016e1\" data-element_type=\"widget\" data-widget_type=\"image.default\">\n\t\t\t\t<div class=\"elementor-widget-container\">\n\t\t\t\t\t\t\t\t\t\t\t\t\t\t\t<img decoding=\"async\" src=\"https:\/\/thesoulhotel.com\/wp-content\/uploads\/2025\/01\/Birthday-Package-1-400x300.webp\" title=\"Birthday Package\" alt=\"Birthday Package\" loading=\"lazy\" \/>\t\t\t\t\t\t\t\t\t\t\t\t\t\t\t<\/div>\n\t\t\t\t<\/div>\n\t\t\t\t<div class=\"elementor-element elementor-element-07dd5e3 heading__primary elementor-widget elementor-widget-heading\" data-id=\"07dd5e3\" data-element_type=\"widget\" data-widget_type=\"heading.default\">\n\t\t\t\t<div class=\"elementor-widget-container\">\n\t\t\t\t\t<h3 class=\"elementor-heading-title elementor-size-default\">Do\u011fumg\u00fcn\u00fc Paketi<\/h3>\t\t\t\t<\/div>\n\t\t\t\t<\/div>\n\t\t\t\t<div class=\"elementor-element elementor-element-b0114e3 elementor-widget elementor-widget-text-editor\" data-id=\"b0114e3\" data-element_type=\"widget\" data-widget_type=\"text-editor.default\">\n\t\t\t\t<div class=\"elementor-widget-container\">\n\t\t\t\t\t\t\t\t\t<p>Sevdiklerinizle birlikte do\u011fum g\u00fcn\u00fcn\u00fcz\u00fc kutlay\u0131n.<\/p>\n<p><strong>Paket i\u00e7eri\u011fi:<\/strong><\/p>\n<ul>\n<li>Do\u011fum g\u00fcn\u00fc pastas\u0131<\/li>\n<li>Balon s\u00fcslemeleri ile s\u00fcrpriz oda dekorasyonu<\/li>\n<li>Olive Anatolian Restaurant\u2019ta rooftop do\u011fum g\u00fcn\u00fc ak\u015fam yeme\u011fi (fix men\u00fc, i\u00e7ecekler ekstra)<\/li>\n<li>Kutlama kart\u0131<\/li>\n<\/ul>\n<p><strong>Opsiyonel Ekstra:<\/strong><br \/>\nPaketinize 1 \u015fi\u015fe \u015farap eklenebilir (+20 \u20ac)\n<\/p>\n<p><strong>Fiyat: 69 \u20ac<\/strong><br \/>\n<small>*Fiyata \u015farap dahil de\u011fildir. \u015earap opsiyonel olarak eklenebilir.<\/small><\/p>\n<p><small>Son ak\u015fam yeme\u011fi sipari\u015f saati: 22:30<\/small><\/p>\n\t\t\t\t\t\t\t\t<\/div>\n\t\t\t\t<\/div>\n\t\t\t\t<div class=\"elementor-element elementor-element-777973a elementor-widget elementor-widget-button\" data-id=\"777973a\" data-element_type=\"widget\" id=\"packages-request-button\" data-widget_type=\"button.default\">\n\t\t\t\t<div class=\"elementor-widget-container\">\n\t\t\t\t\t\t\t\t\t<div class=\"elementor-button-wrapper\">\n\t\t\t\t\t<a class=\"elementor-button elementor-button-link elementor-size-sm\" href=\"https:\/\/thesoulhotel.com\/tr\/packages\/dogumgunu-paketi\/\">\n\t\t\t\t\t\t<span class=\"elementor-button-content-wrapper\">\n\t\t\t\t\t\t\t\t\t<span class=\"elementor-button-text\">Talep G\u00f6nder<\/span>\n\t\t\t\t\t<\/span>\n\t\t\t\t\t<\/a>\n\t\t\t\t<\/div>\n\t\t\t\t\t\t\t\t<\/div>\n\t\t\t\t<\/div>\n\t\t\t\t\t<\/div>\n\t\t\t\t<\/div>\n\t\t\t\t<\/div>\n\t\t\t\t<div data-elementor-type=\"loop-item\" data-elementor-id=\"8903\" class=\"elementor elementor-8903 elementor-7978 e-loop-item e-loop-item-8895 post-8895 packages type-packages status-publish has-post-thumbnail hentry\" data-elementor-post-type=\"elementor_library\" data-custom-edit-handle=\"1\">\n\t\t\t<div class=\"elementor-element elementor-element-ce9d08f e-flex e-con-boxed e-con e-parent\" data-id=\"ce9d08f\" data-element_type=\"container\">\n\t\t\t\t\t<div class=\"e-con-inner\">\n\t\t\t\t<div class=\"elementor-element elementor-element-c6016e1 elementor-widget elementor-widget-image\" data-id=\"c6016e1\" data-element_type=\"widget\" data-widget_type=\"image.default\">\n\t\t\t\t<div class=\"elementor-widget-container\">\n\t\t\t\t\t\t\t\t\t\t\t\t\t\t\t<img decoding=\"async\" src=\"https:\/\/thesoulhotel.com\/wp-content\/uploads\/2025\/01\/Romance-Setup-1-400x300.webp\" title=\"Romance Setup\" alt=\"Romance Setup\" loading=\"lazy\" \/>\t\t\t\t\t\t\t\t\t\t\t\t\t\t\t<\/div>\n\t\t\t\t<\/div>\n\t\t\t\t<div class=\"elementor-element elementor-element-07dd5e3 heading__primary elementor-widget elementor-widget-heading\" data-id=\"07dd5e3\" data-element_type=\"widget\" data-widget_type=\"heading.default\">\n\t\t\t\t<div class=\"elementor-widget-container\">\n\t\t\t\t\t<h3 class=\"elementor-heading-title elementor-size-default\">Romantik Paket<\/h3>\t\t\t\t<\/div>\n\t\t\t\t<\/div>\n\t\t\t\t<div class=\"elementor-element elementor-element-b0114e3 elementor-widget elementor-widget-text-editor\" data-id=\"b0114e3\" data-element_type=\"widget\" data-widget_type=\"text-editor.default\">\n\t\t\t\t<div class=\"elementor-widget-container\">\n\t\t\t\t\t\t\t\t\t<p>Sevdi\u011finiz ile birlikte \u0130stanbul\u2019un mistik atmosferini odan\u0131zda ya\u015fatacak unutulmaz bir deneyim.<\/p>\n<ul>\n<li>Romantik yatak s\u00fcslemesi.<\/li>\n<li>G\u00fcl yapraklar\u0131.<\/li>\n<li>\u00c7ikolata fond\u00fc, (taze meyvelerle servis edilir).<\/li>\n<li>\u015earap (35cc) veya 2 meyve suyu, su ve maden suyu.<\/li>\n<\/ul>\n<p>Fiyat: 40 \u20ac<\/p>\n\t\t\t\t\t\t\t\t<\/div>\n\t\t\t\t<\/div>\n\t\t\t\t<div class=\"elementor-element elementor-element-777973a elementor-widget elementor-widget-button\" data-id=\"777973a\" data-element_type=\"widget\" id=\"packages-request-button\" data-widget_type=\"button.default\">\n\t\t\t\t<div class=\"elementor-widget-container\">\n\t\t\t\t\t\t\t\t\t<div class=\"elementor-button-wrapper\">\n\t\t\t\t\t<a class=\"elementor-button elementor-button-link elementor-size-sm\" href=\"https:\/\/thesoulhotel.com\/tr\/packages\/romantik-paket\/\">\n\t\t\t\t\t\t<span class=\"elementor-button-content-wrapper\">\n\t\t\t\t\t\t\t\t\t<span class=\"elementor-button-text\">Talep G\u00f6nder<\/span>\n\t\t\t\t\t<\/span>\n\t\t\t\t\t<\/a>\n\t\t\t\t<\/div>\n\t\t\t\t\t\t\t\t<\/div>\n\t\t\t\t<\/div>\n\t\t\t\t\t<\/div>\n\t\t\t\t<\/div>\n\t\t\t\t<\/div>\n\t\t\t\t<div data-elementor-type=\"loop-item\" data-elementor-id=\"8903\" class=\"elementor elementor-8903 elementor-7978 e-loop-item e-loop-item-8893 post-8893 packages type-packages status-publish has-post-thumbnail hentry\" data-elementor-post-type=\"elementor_library\" data-custom-edit-handle=\"1\">\n\t\t\t<div class=\"elementor-element elementor-element-ce9d08f e-flex e-con-boxed e-con e-parent\" data-id=\"ce9d08f\" data-element_type=\"container\">\n\t\t\t\t\t<div class=\"e-con-inner\">\n\t\t\t\t<div class=\"elementor-element elementor-element-c6016e1 elementor-widget elementor-widget-image\" data-id=\"c6016e1\" data-element_type=\"widget\" data-widget_type=\"image.default\">\n\t\t\t\t<div class=\"elementor-widget-container\">\n\t\t\t\t\t\t\t\t\t\t\t\t\t\t\t<img decoding=\"async\" src=\"https:\/\/thesoulhotel.com\/wp-content\/uploads\/2025\/01\/Honeymoon-Package-400x300.webp\" title=\"Honeymoon Package\" alt=\"Honeymoon Package\" loading=\"lazy\" \/>\t\t\t\t\t\t\t\t\t\t\t\t\t\t\t<\/div>\n\t\t\t\t<\/div>\n\t\t\t\t<div class=\"elementor-element elementor-element-07dd5e3 heading__primary elementor-widget elementor-widget-heading\" data-id=\"07dd5e3\" data-element_type=\"widget\" data-widget_type=\"heading.default\">\n\t\t\t\t<div class=\"elementor-widget-container\">\n\t\t\t\t\t<h3 class=\"elementor-heading-title elementor-size-default\">Balay\u0131 Paketi<\/h3>\t\t\t\t<\/div>\n\t\t\t\t<\/div>\n\t\t\t\t<div class=\"elementor-element elementor-element-b0114e3 elementor-widget elementor-widget-text-editor\" data-id=\"b0114e3\" data-element_type=\"widget\" data-widget_type=\"text-editor.default\">\n\t\t\t\t<div class=\"elementor-widget-container\">\n\t\t\t\t\t\t\t\t\t<p>Yeni evli veya a\u015fklar\u0131n\u0131 tazelemek isteyen \u00e7iftler i\u00e7in bulunmaz f\u0131rsat.<\/p>\n<ul>\n<li>Check-in s\u0131ras\u0131nda kokteyl servisi.<\/li>\n<li>Odan\u0131zda kek ve \u015farap (35cc).<\/li>\n<li>Romantik oda s\u00fcslemesi.<\/li>\n<li>Olive Anatolian Restaurant\u2019ta romantik ak\u015fam yeme\u011fi. (fix men\u00fc, i\u00e7ecekler ekstra).<\/li>\n<\/ul>\n<p>Fiyat: 79\u20ac<\/p>\n\t\t\t\t\t\t\t\t<\/div>\n\t\t\t\t<\/div>\n\t\t\t\t<div class=\"elementor-element elementor-element-777973a elementor-widget elementor-widget-button\" data-id=\"777973a\" data-element_type=\"widget\" id=\"packages-request-button\" data-widget_type=\"button.default\">\n\t\t\t\t<div class=\"elementor-widget-container\">\n\t\t\t\t\t\t\t\t\t<div class=\"elementor-button-wrapper\">\n\t\t\t\t\t<a class=\"elementor-button elementor-button-link elementor-size-sm\" href=\"https:\/\/thesoulhotel.com\/tr\/packages\/balayi-paketi\/\">\n\t\t\t\t\t\t<span class=\"elementor-button-content-wrapper\">\n\t\t\t\t\t\t\t\t\t<span class=\"elementor-button-text\">Talep G\u00f6nder<\/span>\n\t\t\t\t\t<\/span>\n\t\t\t\t\t<\/a>\n\t\t\t\t<\/div>\n\t\t\t\t\t\t\t\t<\/div>\n\t\t\t\t<\/div>\n\t\t\t\t\t<\/div>\n\t\t\t\t<\/div>\n\t\t\t\t<\/div>\n\t\t\t\t<div data-elementor-type=\"loop-item\" data-elementor-id=\"8903\" class=\"elementor elementor-8903 elementor-7978 e-loop-item e-loop-item-8891 post-8891 packages type-packages status-publish has-post-thumbnail hentry\" data-elementor-post-type=\"elementor_library\" data-custom-edit-handle=\"1\">\n\t\t\t<div class=\"elementor-element elementor-element-ce9d08f e-flex e-con-boxed e-con e-parent\" data-id=\"ce9d08f\" data-element_type=\"container\">\n\t\t\t\t\t<div class=\"e-con-inner\">\n\t\t\t\t<div class=\"elementor-element elementor-element-c6016e1 elementor-widget elementor-widget-image\" data-id=\"c6016e1\" data-element_type=\"widget\" data-widget_type=\"image.default\">\n\t\t\t\t<div class=\"elementor-widget-container\">\n\t\t\t\t\t\t\t\t\t\t\t\t\t\t\t<img decoding=\"async\" src=\"https:\/\/thesoulhotel.com\/wp-content\/uploads\/2025\/01\/cooking-class-400x300.webp\" title=\"cooking-class\" alt=\"cooking-class\" loading=\"lazy\" \/>\t\t\t\t\t\t\t\t\t\t\t\t\t\t\t<\/div>\n\t\t\t\t<\/div>\n\t\t\t\t<div class=\"elementor-element elementor-element-07dd5e3 heading__primary elementor-widget elementor-widget-heading\" data-id=\"07dd5e3\" data-element_type=\"widget\" data-widget_type=\"heading.default\">\n\t\t\t\t<div class=\"elementor-widget-container\">\n\t\t\t\t\t<h3 class=\"elementor-heading-title elementor-size-default\">Yemek At\u00f6lyesi<\/h3>\t\t\t\t<\/div>\n\t\t\t\t<\/div>\n\t\t\t\t<div class=\"elementor-element elementor-element-b0114e3 elementor-widget elementor-widget-text-editor\" data-id=\"b0114e3\" data-element_type=\"widget\" data-widget_type=\"text-editor.default\">\n\t\t\t\t<div class=\"elementor-widget-container\">\n\t\t\t\t\t\t\t\t\t<p>Olive Anatolian Restaurant \u015fefi ile 2 saatlik T\u00fcrk mutfa\u011f\u0131 e\u011fitim kursu.<\/p>\n<ul>\n<li>\u015eefimiz ile 2 saatlik T\u00fcrk mutfa\u011f\u0131 e\u011fitim kursu.<\/li>\n<li>Se\u00e7ilmi\u015f baharatlardan olu\u015fan baharat sepeti.<\/li>\n<li>Kat\u0131l\u0131m sertifikas\u0131.<\/li>\n<\/ul>\n<p>Fiyat: 60\u20ac ki\u015fi ba\u015f\u0131<\/p>\n\t\t\t\t\t\t\t\t<\/div>\n\t\t\t\t<\/div>\n\t\t\t\t<div class=\"elementor-element elementor-element-777973a elementor-widget elementor-widget-button\" data-id=\"777973a\" data-element_type=\"widget\" id=\"packages-request-button\" data-widget_type=\"button.default\">\n\t\t\t\t<div class=\"elementor-widget-container\">\n\t\t\t\t\t\t\t\t\t<div class=\"elementor-button-wrapper\">\n\t\t\t\t\t<a class=\"elementor-button elementor-button-link elementor-size-sm\" href=\"https:\/\/thesoulhotel.com\/tr\/packages\/yemek-atolyesi\/\">\n\t\t\t\t\t\t<span class=\"elementor-button-content-wrapper\">\n\t\t\t\t\t\t\t\t\t<span class=\"elementor-button-text\">Talep G\u00f6nder<\/span>\n\t\t\t\t\t<\/span>\n\t\t\t\t\t<\/a>\n\t\t\t\t<\/div>\n\t\t\t\t\t\t\t\t<\/div>\n\t\t\t\t<\/div>\n\t\t\t\t\t<\/div>\n\t\t\t\t<\/div>\n\t\t\t\t<\/div>\n\t\t\t\t<\/div>\n\t\t\n\t\t\t\t\t\t<\/div>\n\t\t\t\t<\/div>\n\t\t\t\t\t<\/div>\n\t\t\t\t<\/div>\n\t\t\t\t<\/div>\n\t\t","protected":false},"excerpt":{"rendered":"","protected":false},"author":1,"featured_media":0,"parent":0,"menu_order":0,"comment_status":"closed","ping_status":"closed","template":"","meta":{"_acf_changed":false,"footnotes":""},"class_list":["post-8889","page","type-page","status-publish","hentry"],"acf":[],"_links":{"self":[{"href":"https:\/\/thesoulhotel.com\/tr\/wp-json\/wp\/v2\/pages\/8889","targetHints":{"allow":["GET"]}}],"collection":[{"href":"https:\/\/thesoulhotel.com\/tr\/wp-json\/wp\/v2\/pages"}],"about":[{"href":"https:\/\/thesoulhotel.com\/tr\/wp-json\/wp\/v2\/types\/page"}],"author":[{"embeddable":true,"href":"https:\/\/thesoulhotel.com\/tr\/wp-json\/wp\/v2\/users\/1"}],"replies":[{"embeddable":true,"href":"https:\/\/thesoulhotel.com\/tr\/wp-json\/wp\/v2\/comments?post=8889"}],"version-history":[{"count":1,"href":"https:\/\/thesoulhotel.com\/tr\/wp-json\/wp\/v2\/pages\/8889\/revisions"}],"predecessor-version":[{"id":8908,"href":"https:\/\/thesoulhotel.com\/tr\/wp-json\/wp\/v2\/pages\/8889\/revisions\/8908"}],"wp:attachment":[{"href":"https:\/\/thesoulhotel.com\/tr\/wp-json\/wp\/v2\/media?parent=8889"}],"curies":[{"name":"wp","href":"https:\/\/api.w.org\/{rel}","templated":true}]}}