{"id":8827,"date":"2025-01-24T13:04:49","date_gmt":"2025-01-24T13:04:49","guid":{"rendered":"https:\/\/thesoulhotel.com\/how-to-arrive\/"},"modified":"2025-02-14T10:08:03","modified_gmt":"2025-02-14T10:08:03","slug":"nasil-ulasilir","status":"publish","type":"page","link":"https:\/\/thesoulhotel.com\/tr\/nasil-ulasilir\/","title":{"rendered":"Nas\u0131l Ula\u015f\u0131l\u0131r"},"content":{"rendered":"\t\t<div data-elementor-type=\"wp-page\" data-elementor-id=\"8827\" class=\"elementor elementor-8827 elementor-8221\" data-elementor-post-type=\"page\">\n\t\t\t\t\t\t<section class=\"elementor-section elementor-top-section elementor-element elementor-element-4063f0b elementor-section-full_width elementor-section-height-default elementor-section-height-default\" data-id=\"4063f0b\" data-element_type=\"section\">\n\t\t\t\t\t\t<div class=\"elementor-container elementor-column-gap-default\">\n\t\t\t\t\t<div class=\"elementor-column elementor-col-50 elementor-top-column elementor-element elementor-element-e1d9e9b\" data-id=\"e1d9e9b\" data-element_type=\"column\">\n\t\t\t<div class=\"elementor-widget-wrap elementor-element-populated\">\n\t\t\t\t\t\t<div class=\"elementor-element elementor-element-0f6e40b elementor-widget thim-widget-heading\" data-id=\"0f6e40b\" data-element_type=\"widget\" data-widget_type=\"thim-heading.default\">\n\t\t\t\t<div class=\"elementor-widget-container\">\n\t\t\t\t\t<div class=\"style_new sc-heading article_heading \"><div class=\"content-heading\"><div class=\"small-heading\"><\/div><h3 style=\"font-size:35px;font-weight:400;font-style:inherit;\" class=\"heading__primary\">\u0130STANBUL HAVAL\u0130MANI'NDAN ULA\u015eIM<\/h3><div class=\"description-heading\"><p><p><strong>\u00d6ZEL TRANSFER \u0130LE<\/strong><\/p>\n<p>\u0130stanbul Havaliman\u0131'ndan otelimize ula\u015f\u0131m i\u00e7in \u00f6zel transfer hizmetini kullanabilirsiniz. Yakla\u015f\u0131k 60 dakika s\u00fcren yolculukla otelimize ula\u015fabilirsiniz. Zaman kazanmak i\u00e7in \u00f6nceden rezervasyon yapman\u0131z\u0131 \u00f6neririz. Transfer \u00fccretleri ve d\u00fczenlemeleri hakk\u0131nda detayl\u0131 bilgi almak i\u00e7in <a href=\"mailto:info@thesoulhotel.com\">info@thesoulhotel.com<\/a> adresine e-posta g\u00f6nderebilirsiniz.<\/p>\n\n<p><strong>TAKS\u0130 \u0130LE<\/strong><\/p>\n<p>\u0130stanbul Havaliman\u0131'ndan \u00c7ukurcuma b\u00f6lgesine taksi ile ula\u015fabilirsiniz ve yolculuk yakla\u015f\u0131k 55 dakika s\u00fcrmektedir. Navigasyon i\u00e7in \u015fu adresi kullanabilirsiniz: <strong><a href=\"https:\/\/maps.app.goo.gl\/13PwuGpWaRRnWcyc9\" target=\"_blank\" rel=\"noreferrer noopener\">Kulo\u011flu Mh. Faik Pa\u015fa Cd. No:28, 34433 Beyo\u011flu \u0130stanbul, T\u00fcrkiye<\/a><\/strong>.<\/p>\n\n<p><strong>METRO \u0130LE<\/strong><\/p>\n<p>\u0130stanbul Havaliman\u0131'ndan M11 metro hatt\u0131n\u0131 kullanarak Gayrettepe \u0130stasyonu'na gidebilirsiniz (yakla\u015f\u0131k 30 dakika). Ard\u0131ndan M2 metro hatt\u0131na ge\u00e7erek Taksim \u0130stasyonu'na gitmeniz gerekecek (yakla\u015f\u0131k 10 dakika). Taksim'den otelimize 10 dakikal\u0131k bir y\u00fcr\u00fcy\u00fc\u015fle ula\u015fabilirsiniz.<\/p>\n\n<p><strong>HAVA\u0130ST OTOB\u00dcS\u00dc \u0130LE<\/strong><\/p>\n<p>\u0130stanbul Havaliman\u0131'ndan HAVA\u0130ST IST-19 otob\u00fcslerini kullanarak Taksim Meydan\u0131'na gidebilirsiniz. Taksim'den otelimize 15 dakikal\u0131k bir y\u00fcr\u00fcy\u00fc\u015fle ula\u015fabilirsiniz.<\/p>\n<\/p><\/div><\/div><div class=\"background-heading\"><\/div><\/div>\t\t\t\t<\/div>\n\t\t\t\t<\/div>\n\t\t\t\t\t<\/div>\n\t\t<\/div>\n\t\t\t\t<div class=\"elementor-column elementor-col-50 elementor-top-column elementor-element elementor-element-8bd7966\" data-id=\"8bd7966\" data-element_type=\"column\">\n\t\t\t<div class=\"elementor-widget-wrap elementor-element-populated\">\n\t\t\t\t\t\t<div class=\"elementor-element elementor-element-4aeceec elementor-widget thim-widget-heading\" data-id=\"4aeceec\" data-element_type=\"widget\" data-widget_type=\"thim-heading.default\">\n\t\t\t\t<div class=\"elementor-widget-container\">\n\t\t\t\t\t<div class=\"style_new sc-heading article_heading \"><div class=\"content-heading\"><div class=\"small-heading\"><\/div><h3 style=\"font-size:35px;font-weight:400;font-style:inherit;\" class=\"heading__primary\">SAB\u0130HA G\u00d6K\u00c7EN HAVAL\u0130MANI'NDAN ULA\u015eIM<\/h3><div class=\"description-heading\"><p><p><strong>\u00d6ZEL TRANSFER \u0130LE<\/strong><\/p>\n<p>Sabiha G\u00f6k\u00e7en Havaliman\u0131'ndan otelimize ula\u015f\u0131m i\u00e7in \u00f6zel transfer hizmetini kullanabilirsiniz. Yolculuk yakla\u015f\u0131k 75 dakika s\u00fcrmektedir. Zaman kazanmak i\u00e7in \u00f6nceden rezervasyon yapman\u0131z\u0131 \u00f6neririz. Transfer \u00fccretleri ve d\u00fczenlemeleri hakk\u0131nda detayl\u0131 bilgi almak i\u00e7in <a href=\"mailto:info@thesoulhotel.com\">info@thesoulhotel.com<\/a> adresine e-posta g\u00f6nderebilirsiniz.<\/p>\n\n<p><strong>TAX\u0130 \u0130LE<\/strong><\/p>\n<p>Sabiha G\u00f6k\u00e7en Havaliman\u0131'ndan otelimize taksi ile ula\u015fabilirsiniz. Yolculuk yakla\u015f\u0131k 65 dakika s\u00fcrmektedir. Navigasyon i\u00e7in \u015fu adresi kullanabilirsiniz: <strong><a href=\"https:\/\/maps.app.goo.gl\/13PwuGpWaRRnWcyc9\" target=\"_blank\" rel=\"noreferrer noopener\">Kulo\u011flu Mh. Faik Pa\u015fa Cd. No:28, 34433 Beyo\u011flu \u0130stanbul, T\u00fcrkiye<\/a><\/strong>.<\/p>\n\n<p><strong>TOPLU TA\u015eIMA \u0130LE<\/strong><\/p>\n<p>Sabiha G\u00f6k\u00e7en Havaliman\u0131'ndan Taksim'e giden SG-2 otob\u00fcs hatt\u0131, her saat ba\u015f\u0131 hareket etmektedir ve 24 saat hizmet vermektedir. Ayr\u0131ca, Havabus otob\u00fcsleri de Taksim ile Sabiha G\u00f6k\u00e7en Havaliman\u0131 aras\u0131nda her saat hareket etmekte olup, gece 1:00 ile 4:00 saatleri aras\u0131nda hizmet vermemektedir. Yolculuk yakla\u015f\u0131k 90 dakika s\u00fcrmektedir.<\/p><\/p><\/div><\/div><div class=\"background-heading\"><\/div><\/div>\t\t\t\t<\/div>\n\t\t\t\t<\/div>\n\t\t\t\t\t<\/div>\n\t\t<\/div>\n\t\t\t\t\t<\/div>\n\t\t<\/section>\n\t\t\t\t<\/div>\n\t\t","protected":false},"excerpt":{"rendered":"<p>\u0130STANBUL HAVAL\u0130MANI&#8217;NDAN ULA\u015eIM \u00d6ZEL TRANSFER \u0130LE \u0130stanbul Havaliman\u0131&#8217;ndan otelimize ula\u015f\u0131m i\u00e7in \u00f6zel transfer hizmetini kullanabilirsiniz. Yakla\u015f\u0131k 60 dakika s\u00fcren yolculukla otelimize ula\u015fabilirsiniz. Zaman kazanmak i\u00e7in \u00f6nceden rezervasyon yapman\u0131z\u0131 \u00f6neririz. Transfer \u00fccretleri ve d\u00fczenlemeleri hakk\u0131nda detayl\u0131 bilgi almak i\u00e7in info@thesoulhotel.com adresine e-posta g\u00f6nderebilirsiniz. TAKS\u0130 \u0130LE \u0130stanbul Havaliman\u0131&#8217;ndan \u00c7ukurcuma b\u00f6lgesine taksi ile ula\u015fabilirsiniz ve yolculuk yakla\u015f\u0131k 55 [&hellip;]<\/p>\n","protected":false},"author":1,"featured_media":0,"parent":0,"menu_order":0,"comment_status":"closed","ping_status":"closed","template":"","meta":{"_acf_changed":false,"footnotes":""},"class_list":["post-8827","page","type-page","status-publish","hentry"],"acf":[],"_links":{"self":[{"href":"https:\/\/thesoulhotel.com\/tr\/wp-json\/wp\/v2\/pages\/8827","targetHints":{"allow":["GET"]}}],"collection":[{"href":"https:\/\/thesoulhotel.com\/tr\/wp-json\/wp\/v2\/pages"}],"about":[{"href":"https:\/\/thesoulhotel.com\/tr\/wp-json\/wp\/v2\/types\/page"}],"author":[{"embeddable":true,"href":"https:\/\/thesoulhotel.com\/tr\/wp-json\/wp\/v2\/users\/1"}],"replies":[{"embeddable":true,"href":"https:\/\/thesoulhotel.com\/tr\/wp-json\/wp\/v2\/comments?post=8827"}],"version-history":[{"count":7,"href":"https:\/\/thesoulhotel.com\/tr\/wp-json\/wp\/v2\/pages\/8827\/revisions"}],"predecessor-version":[{"id":9180,"href":"https:\/\/thesoulhotel.com\/tr\/wp-json\/wp\/v2\/pages\/8827\/revisions\/9180"}],"wp:attachment":[{"href":"https:\/\/thesoulhotel.com\/tr\/wp-json\/wp\/v2\/media?parent=8827"}],"curies":[{"name":"wp","href":"https:\/\/api.w.org\/{rel}","templated":true}]}}