{"id":9744,"date":"2025-10-30T08:22:44","date_gmt":"2025-10-30T08:22:44","guid":{"rendered":"https:\/\/thesoulhotel.com\/new-year-gala-menu-2026\/"},"modified":"2025-10-30T08:26:41","modified_gmt":"2025-10-30T08:26:41","slug":"new-year-gala-menu-2026","status":"publish","type":"page","link":"https:\/\/thesoulhotel.com\/ru\/new-year-gala-menu-2026\/","title":{"rendered":"New Year Gala Menu 2026"},"content":{"rendered":"\t\t<div data-elementor-type=\"wp-post\" data-elementor-id=\"9744\" class=\"elementor elementor-9744 elementor-9721\" data-elementor-post-type=\"page\">\n\t\t\t\t\t\t<section class=\"elementor-section elementor-top-section elementor-element elementor-element-55284ed elementor-section-full_width elementor-section-height-default elementor-section-height-default\" data-id=\"55284ed\" data-element_type=\"section\">\n\t\t\t\t\t\t<div class=\"elementor-container elementor-column-gap-default\">\n\t\t\t\t\t<div class=\"elementor-column elementor-col-50 elementor-top-column elementor-element elementor-element-bf25178\" data-id=\"bf25178\" data-element_type=\"column\">\n\t\t\t<div class=\"elementor-widget-wrap elementor-element-populated\">\n\t\t\t\t\t\t<div class=\"elementor-element elementor-element-4f1a5e4 elementor-widget elementor-widget-image\" data-id=\"4f1a5e4\" data-element_type=\"widget\" data-widget_type=\"image.default\">\n\t\t\t\t<div class=\"elementor-widget-container\">\n\t\t\t\t\t\t\t\t\t\t\t\t\t\t\t\t<a href=\"https:\/\/thesoulhotel.com\/wp-content\/uploads\/2025\/10\/new-year-menu-ru.png\" data-elementor-open-lightbox=\"yes\" data-elementor-lightbox-title=\"new-year-menu-ru\" data-e-action-hash=\"#elementor-action%3Aaction%3Dlightbox%26settings%3DeyJpZCI6OTczNiwidXJsIjoiaHR0cHM6XC9cL3RoZXNvdWxob3RlbC5jb21cL3dwLWNvbnRlbnRcL3VwbG9hZHNcLzIwMjVcLzEwXC9uZXcteWVhci1tZW51LXJ1LnBuZyJ9\">\n\t\t\t\t\t\t\t<img fetchpriority=\"high\" decoding=\"async\" width=\"1414\" height=\"2000\" src=\"https:\/\/thesoulhotel.com\/wp-content\/uploads\/2025\/10\/new-year-menu-ru.png\" class=\"attachment-full size-full wp-image-9736\" alt=\"\" srcset=\"https:\/\/thesoulhotel.com\/wp-content\/uploads\/2025\/10\/new-year-menu-ru.png 1414w, https:\/\/thesoulhotel.com\/wp-content\/uploads\/2025\/10\/new-year-menu-ru-212x300.png 212w, https:\/\/thesoulhotel.com\/wp-content\/uploads\/2025\/10\/new-year-menu-ru-724x1024.png 724w, https:\/\/thesoulhotel.com\/wp-content\/uploads\/2025\/10\/new-year-menu-ru-768x1086.png 768w, https:\/\/thesoulhotel.com\/wp-content\/uploads\/2025\/10\/new-year-menu-ru-1086x1536.png 1086w\" sizes=\"(max-width: 1414px) 100vw, 1414px\" \/>\t\t\t\t\t\t\t\t<\/a>\n\t\t\t\t\t\t\t\t\t\t\t\t\t\t\t<\/div>\n\t\t\t\t<\/div>\n\t\t\t\t\t<\/div>\n\t\t<\/div>\n\t\t\t\t<div class=\"elementor-column elementor-col-50 elementor-top-column elementor-element elementor-element-fbc5904\" data-id=\"fbc5904\" data-element_type=\"column\">\n\t\t\t<div class=\"elementor-widget-wrap elementor-element-populated\">\n\t\t\t\t\t\t<div class=\"elementor-element elementor-element-3fc33e5 elementor-widget elementor-widget-thim-ekits-contact-form-7\" data-id=\"3fc33e5\" data-element_type=\"widget\" data-widget_type=\"thim-ekits-contact-form-7.default\">\n\t\t\t\t<div class=\"elementor-widget-container\">\n\t\t\t\t\t\t\t\t<div class=\"thim-ekit-wpcf7\">\n\t\t\t\t\n<div class=\"wpcf7 no-js\" id=\"wpcf7-f9715-o1\" lang=\"tr-TR\" dir=\"ltr\" data-wpcf7-id=\"9715\">\n<div class=\"screen-reader-response\"><p role=\"status\" aria-live=\"polite\" aria-atomic=\"true\"><\/p> <ul><\/ul><\/div>\n<form action=\"\/ru\/wp-json\/wp\/v2\/pages\/9744#wpcf7-f9715-o1\" method=\"post\" class=\"wpcf7-form init\" aria-label=\"\u0130leti\u015fim Formu\" novalidate=\"novalidate\" data-status=\"init\">\n<div style=\"display: none;\">\n<input type=\"hidden\" name=\"_wpcf7\" value=\"9715\" \/>\n<input type=\"hidden\" name=\"_wpcf7_version\" value=\"6.0.4\" \/>\n<input type=\"hidden\" name=\"_wpcf7_locale\" value=\"tr_TR\" \/>\n<input type=\"hidden\" name=\"_wpcf7_unit_tag\" value=\"wpcf7-f9715-o1\" \/>\n<input type=\"hidden\" name=\"_wpcf7_container_post\" value=\"0\" \/>\n<input type=\"hidden\" name=\"_wpcf7_posted_data_hash\" value=\"\" \/>\n<input type=\"hidden\" name=\"_wpcf7_recaptcha_response\" value=\"\" \/>\n<\/div>\n<style>\n .gala-dinner-form { visibility: hidden; }\n<\/style>\n<div class=\"gala-dinner-form\">\n\t<h3 class=\"gala-form-title\">Book your table \/ Yerinizi ay\u0131rt\u0131n \/ \u0417\u0430\u0431\u0440\u043e\u043d\u0438\u0440\u0443\u0439\u0442\u0435 \u0441\u0442\u043e\u043b\n\t<\/h3>\n\t<div class=\"row mt-20\">\n\t\t<div class=\"col\">\n\t\t\t<p><span class=\"wpcf7-form-control-wrap\" data-name=\"your-name\"><input size=\"40\" maxlength=\"400\" class=\"wpcf7-form-control wpcf7-text wpcf7-validates-as-required form-control\" aria-required=\"true\" aria-invalid=\"false\" placeholder=\"Full Name \/ Ad Soyad \/ \u041f\u043e\u043b\u043d\u043e\u0435 \u0438\u043c\u044f\" value=\"\" type=\"text\" name=\"your-name\" \/><\/span>\n\t\t\t<\/p>\n\t\t<\/div>\n\t<\/div>\n\t<div class=\"row mt-20\">\n\t\t<div class=\"col\">\n\t\t\t<p><span class=\"wpcf7-form-control-wrap\" data-name=\"your-phone\"><input size=\"40\" maxlength=\"400\" class=\"wpcf7-form-control wpcf7-text wpcf7-validates-as-required form-control\" aria-required=\"true\" aria-invalid=\"false\" placeholder=\"Phone \/ Telefon \/ \u0422\u0435\u043b\u0435\u0444\u043e\u043d\" value=\"\" type=\"text\" name=\"your-phone\" \/><\/span>\n\t\t\t<\/p>\n\t\t<\/div>\n\t<\/div>\n\t<div class=\"row mt-20\">\n\t\t<div class=\"col\">\n\t\t\t<p><span class=\"wpcf7-form-control-wrap\" data-name=\"your-email\"><input size=\"40\" maxlength=\"400\" class=\"wpcf7-form-control wpcf7-email wpcf7-validates-as-required wpcf7-text wpcf7-validates-as-email form-control\" aria-required=\"true\" aria-invalid=\"false\" placeholder=\"Email \/ E-posta \/ \u042d\u043b. \u043f\u043e\u0447\u0442\u0430\" value=\"\" type=\"email\" name=\"your-email\" \/><\/span>\n\t\t\t<\/p>\n\t\t<\/div>\n\t<\/div>\n\n <!-- Yeni ki\u015fi say\u0131s\u0131 alan\u0131 -->\n\t<div class=\"row mt-20\">\n\t\t<div class=\"col\">\n\t\t\t<p><span class=\"wpcf7-form-control-wrap\" data-name=\"guest-count\"><input class=\"wpcf7-form-control wpcf7-number wpcf7-validates-as-required wpcf7-validates-as-number form-control\" min=\"1\" aria-required=\"true\" aria-invalid=\"false\" placeholder=\"Number of Guests \/ Ki\u015fi Say\u0131s\u0131 \/ \u041a\u043e\u043b\u0438\u0447\u0435\u0441\u0442\u0432\u043e \u043f\u0435\u0440\u0441\u043e\u043d\" value=\"\" type=\"number\" name=\"guest-count\" \/><\/span>\n\t\t\t<\/p>\n\t\t<\/div>\n\t<\/div>\n\t<div class=\"row\">\n\t\t<div class=\"col-md-12\">\n\t\t\t<div class=\"btnlar\" style=\"width: 100%; text-align: right;\">\n\t\t\t\t<p><input class=\"wpcf7-form-control wpcf7-submit has-spinner modformbtn\" type=\"submit\" value=\"Send Request \/ G\u00f6nder \/ \u041e\u0442\u043f\u0440\u0430\u0432\u0438\u0442\u044c\" \/>\n\t\t\t\t<\/p>\n\t\t\t<\/div>\n\t\t<\/div>\n\t<\/div>\n<\/div>\n<p><script>\n(function() {\n const ROOT = '.gala-dinner-form';\n const SEP = '\/';\n const lang = (document.documentElement.lang || 'en').toLowerCase().split('-')[0];\n const idx = ({ en:0, tr:1, ru:2 })[lang] ?? 0;\n\n function pick(t) {\n if (!t || t.indexOf(SEP) === -1) return t;\n const p = t.split(SEP).map(s => s.trim());\n return p[idx] || p[0];\n }\n\n function localize() {\n const rootEl = document.querySelector(ROOT);\n if (!rootEl) return;\n rootEl.querySelectorAll('input[placeholder], textarea[placeholder]').forEach(el => {\n el.setAttribute('placeholder', pick(el.getAttribute('placeholder') || ''));\n });\n rootEl.querySelectorAll('select option').forEach(opt => {\n opt.textContent = pick(opt.textContent);\n });\n rootEl.querySelectorAll('input[type=submit]').forEach(btn => {\n btn.value = pick(btn.value);\n });\n const title = rootEl.querySelector('.gala-form-title');\n if (title) title.textContent = pick(title.textContent);\n rootEl.style.visibility = 'visible';\n }\n\n document.addEventListener('DOMContentLoaded', localize);\n ['wpcf7loaded','wpcf7submit','wpcf7mailsent','wpcf7invalid','wpcf7spam']\n .forEach(ev => document.addEventListener(ev, function() {\n requestAnimationFrame(localize);\n }, false));\n})();\n<\/script>\n<\/p><div class=\"wpcf7-response-output\" aria-hidden=\"true\"><\/div>\n<\/form>\n<\/div>\n\t\t\t<\/div>\n\t\t\t\t\t\t<\/div>\n\t\t\t\t<\/div>\n\t\t\t\t\t<\/div>\n\t\t<\/div>\n\t\t\t\t\t<\/div>\n\t\t<\/section>\n\t\t\t\t<\/div>\n\t\t","protected":false},"excerpt":{"rendered":"<p>Book your table \/ Yerinizi ay\u0131rt\u0131n \/ \u0417\u0430\u0431\u0440\u043e\u043d\u0438\u0440\u0443\u0439\u0442\u0435 \u0441\u0442\u043e\u043b<\/p>\n","protected":false},"author":1,"featured_media":0,"parent":0,"menu_order":0,"comment_status":"closed","ping_status":"closed","template":"","meta":{"_acf_changed":false,"footnotes":""},"class_list":["post-9744","page","type-page","status-publish","hentry"],"acf":[],"_links":{"self":[{"href":"https:\/\/thesoulhotel.com\/ru\/wp-json\/wp\/v2\/pages\/9744","targetHints":{"allow":["GET"]}}],"collection":[{"href":"https:\/\/thesoulhotel.com\/ru\/wp-json\/wp\/v2\/pages"}],"about":[{"href":"https:\/\/thesoulhotel.com\/ru\/wp-json\/wp\/v2\/types\/page"}],"author":[{"embeddable":true,"href":"https:\/\/thesoulhotel.com\/ru\/wp-json\/wp\/v2\/users\/1"}],"replies":[{"embeddable":true,"href":"https:\/\/thesoulhotel.com\/ru\/wp-json\/wp\/v2\/comments?post=9744"}],"version-history":[{"count":3,"href":"https:\/\/thesoulhotel.com\/ru\/wp-json\/wp\/v2\/pages\/9744\/revisions"}],"predecessor-version":[{"id":9752,"href":"https:\/\/thesoulhotel.com\/ru\/wp-json\/wp\/v2\/pages\/9744\/revisions\/9752"}],"wp:attachment":[{"href":"https:\/\/thesoulhotel.com\/ru\/wp-json\/wp\/v2\/media?parent=9744"}],"curies":[{"name":"wp","href":"https:\/\/api.w.org\/{rel}","templated":true}]}}