{"id":9125,"date":"2025-01-24T12:36:48","date_gmt":"2025-01-24T12:36:48","guid":{"rendered":"https:\/\/thesoulhotel.com\/statement-and-policy-of-security\/"},"modified":"2025-01-24T12:36:48","modified_gmt":"2025-01-24T12:36:48","slug":"statement-and-policy-of-security","status":"publish","type":"page","link":"https:\/\/thesoulhotel.com\/ru\/statement-and-policy-of-security\/","title":{"rendered":"Statement and policy of security"},"content":{"rendered":"\t\t<div data-elementor-type=\"wp-page\" data-elementor-id=\"9125\" class=\"elementor elementor-9125 elementor-8179\" data-elementor-post-type=\"page\">\n\t\t\t\t<div class=\"elementor-element elementor-element-e61361d e-flex e-con-boxed e-con e-parent\" data-id=\"e61361d\" data-element_type=\"container\">\n\t\t\t\t\t<div class=\"e-con-inner\">\n\t\t\t\t<div class=\"elementor-element elementor-element-09c6de0 elementor-widget elementor-widget-text-editor\" data-id=\"09c6de0\" data-element_type=\"widget\" data-widget_type=\"text-editor.default\">\n\t\t\t\t<div class=\"elementor-widget-container\">\n\t\t\t\t\t\t\t\t\t<h1 class=\"heading__secondary\">Statement and policy of security<\/h1><p>The website <strong><a href=\"https:\/\/thesoulhotel.com\" target=\"_new\" rel=\"noopener\">www.thesoulhotel.com<\/a><\/strong> applies various security measures to ensure that all its members have a safe and enjoyable accommodation experience.<\/p><p><strong>Credit Card Security<\/strong><br \/>Your credit card details are used only during the reservation process on <strong><a href=\"https:\/\/thesoulhotel.com\" target=\"_new\" rel=\"noopener\">www.thesoulhotel.com<\/a><\/strong> and are absolutely not stored in any database.<\/p><p><strong>Data Protection<\/strong><br \/>To ensure that confidential information is transmitted securely, <strong><a href=\"https:\/\/thesoulhotel.com\" target=\"_new\" rel=\"noopener\">www.thesoulhotel.com<\/a><\/strong> uses SSL Certificate with 128-bit encryption, safeguarding the confidentiality of all transformed information.<\/p><p>This security statement is valid for all internet sites of <strong>YA\u015eMAK TUR\u0130ZM VE T\u0130CARET A.\u015e.<\/strong><\/p><p>For any questions or concerns, please do not hesitate to get in touch with us.<\/p>\t\t\t\t\t\t\t\t<\/div>\n\t\t\t\t<\/div>\n\t\t\t\t\t<\/div>\n\t\t\t\t<\/div>\n\t\t\t\t<\/div>\n\t\t","protected":false},"excerpt":{"rendered":"<p>Statement and policy of security The website www.thesoulhotel.com applies various security measures to ensure that all its members have a safe and enjoyable accommodation experience. Credit Card SecurityYour credit card details are used only during the reservation process on www.thesoulhotel.com and are absolutely not stored in any database. Data ProtectionTo ensure that confidential information is [&hellip;]<\/p>\n","protected":false},"author":1,"featured_media":0,"parent":0,"menu_order":0,"comment_status":"closed","ping_status":"closed","template":"","meta":{"_acf_changed":false,"footnotes":""},"class_list":["post-9125","page","type-page","status-publish","hentry"],"acf":[],"_links":{"self":[{"href":"https:\/\/thesoulhotel.com\/ru\/wp-json\/wp\/v2\/pages\/9125","targetHints":{"allow":["GET"]}}],"collection":[{"href":"https:\/\/thesoulhotel.com\/ru\/wp-json\/wp\/v2\/pages"}],"about":[{"href":"https:\/\/thesoulhotel.com\/ru\/wp-json\/wp\/v2\/types\/page"}],"author":[{"embeddable":true,"href":"https:\/\/thesoulhotel.com\/ru\/wp-json\/wp\/v2\/users\/1"}],"replies":[{"embeddable":true,"href":"https:\/\/thesoulhotel.com\/ru\/wp-json\/wp\/v2\/comments?post=9125"}],"version-history":[{"count":0,"href":"https:\/\/thesoulhotel.com\/ru\/wp-json\/wp\/v2\/pages\/9125\/revisions"}],"wp:attachment":[{"href":"https:\/\/thesoulhotel.com\/ru\/wp-json\/wp\/v2\/media?parent=9125"}],"curies":[{"name":"wp","href":"https:\/\/api.w.org\/{rel}","templated":true}]}}