{"id":9123,"date":"2025-01-24T12:35:13","date_gmt":"2025-01-24T12:35:13","guid":{"rendered":"https:\/\/thesoulhotel.com\/distant-sales-agreement\/"},"modified":"2025-01-24T12:35:13","modified_gmt":"2025-01-24T12:35:13","slug":"distant-sales-agreement","status":"publish","type":"page","link":"https:\/\/thesoulhotel.com\/ru\/distant-sales-agreement\/","title":{"rendered":"Distant Sales Agreement"},"content":{"rendered":"\t\t<div data-elementor-type=\"wp-page\" data-elementor-id=\"9123\" class=\"elementor elementor-9123 elementor-8178\" data-elementor-post-type=\"page\">\n\t\t\t\t<div class=\"elementor-element elementor-element-fd56328 e-flex e-con-boxed e-con e-parent\" data-id=\"fd56328\" data-element_type=\"container\">\n\t\t\t\t\t<div class=\"e-con-inner\">\n\t\t\t\t<div class=\"elementor-element elementor-element-449e4e5 elementor-widget elementor-widget-text-editor\" data-id=\"449e4e5\" data-element_type=\"widget\" data-widget_type=\"text-editor.default\">\n\t\t\t\t<div class=\"elementor-widget-container\">\n\t\t\t\t\t\t\t\t\t<p><strong>Title of the Company:<\/strong><\/p><ul><li><strong>YA\u015eMAK TUR\u0130ZM VE T\u0130CARET A.\u015e<\/strong><\/li><li><strong>Tax Department:<\/strong> MARMARA KURUMLAR (Marmara Establishments)<\/li><li><strong>Tax Number:<\/strong> 940 001 3295<\/li><li><strong>MERS\u0130S Number:<\/strong><\/li><li><strong>Address:<\/strong> Ebu Suud Cad. No:16-20 Sirkeci\/Fatih\/Istanbul<\/li><li><strong>Phone:<\/strong> +90 212 528 13 43<\/li><li><strong>Fax:<\/strong> +90 212 512 87 23<\/li><li><strong>E-mail:<\/strong> <a rel=\"noopener\">info@thesoulhotel.com<\/a><\/li><li><strong>Web:<\/strong> <a href=\"https:\/\/thesoulhotel.com\" target=\"_new\" rel=\"noopener\">www.thesoulhotel.com<\/a><\/li><\/ul><hr \/><p><strong>1. Details on the Consumer<\/strong><\/p><ul><li><strong>First Name:<\/strong><\/li><li><strong>Family Name:<\/strong><\/li><li><strong>Identification Number of the Republic of Turkey:<\/strong><\/li><li><strong>Passport No.:<\/strong><\/li><li><strong>Address:<\/strong><\/li><li><strong>Phone:<\/strong><\/li><li><strong>E-mail:<\/strong><\/li><\/ul><hr \/><p>This agreement is signed between <strong>YA\u015eMAK TUR\u0130ZM VE T\u0130CARET A.\u015e<\/strong> (hereinafter referred to as <strong>YA\u015eMAK GROUP HOTELS<\/strong>), located at the address <strong>Ebu Suud Caddesi No:16-20 Sirkeci\/Fatih\/Istanbul<\/strong>, and the individual who has logged in to the website <strong><a href=\"https:\/\/thesoulhotel.com\" target=\"_new\" rel=\"noopener\">www.thesoulhotel.com<\/a><\/strong> and completed a reservation procedure (hereinafter referred to as <strong>CONSUMER<\/strong>). This agreement is based on the details of the address, identity, and communication information of the consumer provided during the login procedure.<\/p><hr \/><h3><strong>Terms and Conditions<\/strong><\/h3><ol><li><p><strong>Payment and Reservation:<\/strong><br \/>The consumer who buys accommodation via the website is required to immediately pay the total fee for the service. The reservation is not confirmed until the total payment is completed.<\/p><\/li><li><p><strong>Changes in Fee:<\/strong><br \/>In the event of an increase in the agreement fee, the consumer will not be asked to pay the difference. Similarly, any deductions named &#171;action&#187; by YA\u015eMAK GROUP HOTELS will not be refunded to the consumer.<\/p><\/li><li><p><strong>Transfer of Reservation:<\/strong><br \/>If the consumer cannot use the reserved accommodation, they may transfer the reservation to a third party who will fulfill all conditions and terms of the agreement, provided that YA\u015eMAK GROUP HOTELS is informed at least 7 days prior to the accommodation start date. Both the transferor and transferee are jointly and severally liable for the balance and additional charges arising from the transfer. YA\u015eMAK GROUP HOTELS will not accept responsibility if the consumer fails to obtain a visa, even if applied for, and will collect the full accommodation fee from both parties. If the transferee does not have the same status as the transferor, the transfer may not be executed.<\/p><\/li><li><p><strong>Changes and Cancellations by YA\u015eMAK GROUP HOTELS:<\/strong><br \/>YA\u015eMAK GROUP HOTELS may change or cancel the reservation before or during the service due to reasons beyond the consumer&#8217;s control. The consumer may accept these changes or choose an alternative service. If changes are unacceptable, the consumer can cancel the reservation and receive a refund. In cases of force majeure (e.g., strikes, terrorism, or war), YA\u015eMAK GROUP HOTELS may cancel or postpone the reservation.<\/p><\/li><li><p><strong>Cancellation and Refunds by Consumer:<\/strong><br \/>If the consumer cancels the reservation 2 days before the accommodation date, the fee will be refunded with no charge. Cancellations made later may result in a charge equivalent to 1 night. For non-refundable reservations, the fee will not be refunded. If a consumer requests a change in the service, they are required to pay the price difference immediately if the new service has a higher cost.<\/p><\/li><li><p><strong>Obligations of YA\u015eMAK GROUP HOTELS:<\/strong><br \/>YA\u015eMAK GROUP HOTELS is responsible for providing the Pre-briefing Form\/Voucher\/Mail containing details on the service&#8217;s nature, sales price, and payment terms.<\/p><\/li><li><p><strong>Credit Card Payment:<\/strong><br \/>If the service is purchased by credit card, the consumer is responsible for managing payments with the bank. If the consumer cancels a reservation made by installment, the refund will be processed by the bank, not by YA\u015eMAK GROUP HOTELS.<\/p><\/li><li><p><strong>Information Transmission and Responsibilities:<\/strong><br \/>YA\u015eMAK GROUP HOTELS can transmit information to the consumer in written or permanent formats (e-mail, SMS, CD\/DVD). The consumer is responsible for informing YA\u015eMAK GROUP HOTELS about any issues regarding the agreement\u2019s execution within 30 days from the service date.<\/p><\/li><li><p><strong>Dispute Resolution and Jurisdiction:<\/strong><br \/>Any disputes arising from this agreement shall be under the jurisdiction of the courts and arbitration committees of Istanbul. If any clause of the agreement becomes void, the remaining clauses will remain in effect.<\/p><\/li><\/ol><p>This agreement is issued in compliance with the <strong>Code no. 6502 on Protection of Consumers<\/strong> and relevant legal provisions.<\/p><hr \/><p>The consumer shall be deemed to accept the provisions of this agreement once it is signed or approved electronically.<\/p>\t\t\t\t\t\t\t\t<\/div>\n\t\t\t\t<\/div>\n\t\t\t\t\t<\/div>\n\t\t\t\t<\/div>\n\t\t\t\t<\/div>\n\t\t","protected":false},"excerpt":{"rendered":"<p>Title of the Company: YA\u015eMAK TUR\u0130ZM VE T\u0130CARET A.\u015e Tax Department: MARMARA KURUMLAR (Marmara Establishments) Tax Number: 940 001 3295 MERS\u0130S Number: Address: Ebu Suud Cad. No:16-20 Sirkeci\/Fatih\/Istanbul Phone: +90 212 528 13 43 Fax: +90 212 512 87 23 E-mail: info@thesoulhotel.com Web: www.thesoulhotel.com 1. Details on the Consumer First Name: Family Name: Identification Number [&hellip;]<\/p>\n","protected":false},"author":1,"featured_media":0,"parent":0,"menu_order":0,"comment_status":"closed","ping_status":"closed","template":"","meta":{"_acf_changed":false,"footnotes":""},"class_list":["post-9123","page","type-page","status-publish","hentry"],"acf":[],"_links":{"self":[{"href":"https:\/\/thesoulhotel.com\/ru\/wp-json\/wp\/v2\/pages\/9123","targetHints":{"allow":["GET"]}}],"collection":[{"href":"https:\/\/thesoulhotel.com\/ru\/wp-json\/wp\/v2\/pages"}],"about":[{"href":"https:\/\/thesoulhotel.com\/ru\/wp-json\/wp\/v2\/types\/page"}],"author":[{"embeddable":true,"href":"https:\/\/thesoulhotel.com\/ru\/wp-json\/wp\/v2\/users\/1"}],"replies":[{"embeddable":true,"href":"https:\/\/thesoulhotel.com\/ru\/wp-json\/wp\/v2\/comments?post=9123"}],"version-history":[{"count":0,"href":"https:\/\/thesoulhotel.com\/ru\/wp-json\/wp\/v2\/pages\/9123\/revisions"}],"wp:attachment":[{"href":"https:\/\/thesoulhotel.com\/ru\/wp-json\/wp\/v2\/media?parent=9123"}],"curies":[{"name":"wp","href":"https:\/\/api.w.org\/{rel}","templated":true}]}}