{"id":8837,"date":"2019-05-25T06:39:03","date_gmt":"2019-05-25T06:39:03","guid":{"rendered":"https:\/\/thesoulhotel.com\/contact-us\/"},"modified":"2025-03-01T19:53:04","modified_gmt":"2025-03-01T19:53:04","slug":"%d0%ba%d0%be%d0%bd%d1%82%d0%b0%d0%ba%d1%82%d1%8b","status":"publish","type":"page","link":"https:\/\/thesoulhotel.com\/ru\/%d0%ba%d0%be%d0%bd%d1%82%d0%b0%d0%ba%d1%82%d1%8b\/","title":{"rendered":"\u041a\u043e\u043d\u0442\u0430\u043a\u0442\u044b"},"content":{"rendered":"\t\t<div data-elementor-type=\"wp-post\" data-elementor-id=\"8837\" class=\"elementor elementor-8837 elementor-2966\" data-elementor-post-type=\"page\">\n\t\t\t\t\t\t<section class=\"elementor-section elementor-top-section elementor-element elementor-element-315817b elementor-section-boxed elementor-section-height-default elementor-section-height-default\" data-id=\"315817b\" data-element_type=\"section\">\n\t\t\t\t\t\t<div class=\"elementor-container elementor-column-gap-default\">\n\t\t\t\t\t<div class=\"elementor-column elementor-col-33 elementor-top-column elementor-element elementor-element-0c0de2f\" data-id=\"0c0de2f\" data-element_type=\"column\">\n\t\t\t<div class=\"elementor-widget-wrap elementor-element-populated\">\n\t\t\t\t\t\t<div class=\"elementor-element elementor-element-4a21f8e elementor-widget elementor-widget-thim-icon-box\" data-id=\"4a21f8e\" data-element_type=\"widget\" data-widget_type=\"thim-icon-box.default\">\n\t\t\t\t<div class=\"elementor-widget-container\">\n\t\t\t\t\t<div class=\"inner-box auto-hidden\"><div  class=\"wrapper-box-icon text-center   wrapper-line-heading\" ><div class=\"smicon-box iconbox-top\"><div class=\"content-inner\" ><div class=\"sc-heading article_heading\"><h2 class = \"heading__primary\" >\u041a\u043e\u043d\u0442\u0430\u043a\u0442\u044b<\/h2><span class=\"line-heading\"><span><\/span><\/span><\/div><\/div><\/div><!--end smicon-box--><\/div><\/div><style>\n\t.smicon-read:hover{\n\t\tcolor: !important;\n\t\tbackground: !important;\n\t}\n\t.smicon-box .boxes-icon:hover{\n\t\tcolor: !important;\n\t\tborder-color: !important;\n\t\tbackground-color:  !important;\n\t}\n\t.smicon-box .boxes-icon:hover .icon i{\n\t\tcolor: !important;\n\t}\n<\/style>\t\t\t\t<\/div>\n\t\t\t\t<\/div>\n\t\t\t\t<div class=\"elementor-element elementor-element-5dfe703 elementor-widget elementor-widget-thim-icon-box\" data-id=\"5dfe703\" data-element_type=\"widget\" data-widget_type=\"thim-icon-box.default\">\n\t\t\t\t<div class=\"elementor-widget-container\">\n\t\t\t\t\t<div class=\"inner-box auto-hidden\"><div  class=\"wrapper-box-icon text-center  \" ><div class=\"smicon-box iconbox-top\"><div class=\"boxes-icon\" style=\"width: 50px;\"><span class=\"inner-icon\"><span class=\"icon\"><i class=\"fa fa-map-marker\" style=\"color:#C19B76; font-size:36px; line-height:36px; vertical-align: middle;\"><\/i><\/span><\/span><\/div><div class=\"content-inner\" ><div class=\"desc-icon-box\"><div style=\"font-weight: normal;\"><a href=\"https:\/\/g.page\/thesoulistanbul?share\">Kulo\u011flu Mh. Faik Pa\u015fa Cd. No:28, 34433 Beyo\u011flu Istanbul \/ Turkey<\/a><\/div><\/div><\/div><\/div><!--end smicon-box--><\/div><\/div><style>\n\t.smicon-read:hover{\n\t\tcolor: !important;\n\t\tbackground: !important;\n\t}\n\t.smicon-box .boxes-icon:hover{\n\t\tcolor: !important;\n\t\tborder-color: !important;\n\t\tbackground-color:  !important;\n\t}\n\t.smicon-box .boxes-icon:hover .icon i{\n\t\tcolor: !important;\n\t}\n<\/style>\t\t\t\t<\/div>\n\t\t\t\t<\/div>\n\t\t\t\t<div class=\"elementor-element elementor-element-afd01f7 elementor-widget elementor-widget-thim-icon-box\" data-id=\"afd01f7\" data-element_type=\"widget\" data-widget_type=\"thim-icon-box.default\">\n\t\t\t\t<div class=\"elementor-widget-container\">\n\t\t\t\t\t<div class=\"inner-box auto-hidden\"><div  class=\"wrapper-box-icon text-center  \" ><div class=\"smicon-box iconbox-top\"><div class=\"boxes-icon\" style=\"width: 50px;\"><span class=\"inner-icon\"><span class=\"icon\"><i class=\"fa fa-mobile-phone\" style=\"color:#C19B76; font-size:36px; line-height:36px; vertical-align: middle;\"><\/i><\/span><\/span><\/div><div class=\"content-inner\" ><div class=\"desc-icon-box\"><div style=\"font-weight: normal;\">Call. <a href=\"tel:+902122512534\">+90 (212) 251 25 34<\/a><br>\nWhatsapp. <a href=\"https:\/\/wa.me\/905331585955\" target=\"_blank\">+90 (533) 158 59 55<\/a><br>\nEmail.<a href=\"mailto:info@thesoulhotel.com\"> info@thesoulhotel.com<\/a>\n<\/div><\/div><\/div><\/div><!--end smicon-box--><\/div><\/div><style>\n\t.smicon-read:hover{\n\t\tcolor: !important;\n\t\tbackground: !important;\n\t}\n\t.smicon-box .boxes-icon:hover{\n\t\tcolor: !important;\n\t\tborder-color: !important;\n\t\tbackground-color:  !important;\n\t}\n\t.smicon-box .boxes-icon:hover .icon i{\n\t\tcolor: !important;\n\t}\n<\/style>\t\t\t\t<\/div>\n\t\t\t\t<\/div>\n\t\t\t\t<div class=\"elementor-element elementor-element-0ecdf71 elementor-icon-list--layout-inline elementor-align-center elementor-list-item-link-full_width elementor-widget elementor-widget-icon-list\" data-id=\"0ecdf71\" data-element_type=\"widget\" data-widget_type=\"icon-list.default\">\n\t\t\t\t<div class=\"elementor-widget-container\">\n\t\t\t\t\t\t\t<ul class=\"elementor-icon-list-items elementor-inline-items\">\n\t\t\t\t\t\t\t<li class=\"elementor-icon-list-item elementor-inline-item\">\n\t\t\t\t\t\t\t\t\t\t\t<a href=\"https:\/\/thesoulhotel.com\/ru\/%d0%b1%d1%80%d0%be%d1%88%d1%8e%d1%80%d0%b0\/\" target=\"_blank\">\n\n\t\t\t\t\t\t\t\t\t\t\t\t<span class=\"elementor-icon-list-icon\">\n\t\t\t\t\t\t\t<svg aria-hidden=\"true\" class=\"e-font-icon-svg e-fas-book-open\" viewBox=\"0 0 576 512\" xmlns=\"http:\/\/www.w3.org\/2000\/svg\"><path d=\"M542.22 32.05c-54.8 3.11-163.72 14.43-230.96 55.59-4.64 2.84-7.27 7.89-7.27 13.17v363.87c0 11.55 12.63 18.85 23.28 13.49 69.18-34.82 169.23-44.32 218.7-46.92 16.89-.89 30.02-14.43 30.02-30.66V62.75c.01-17.71-15.35-31.74-33.77-30.7zM264.73 87.64C197.5 46.48 88.58 35.17 33.78 32.05 15.36 31.01 0 45.04 0 62.75V400.6c0 16.24 13.13 29.78 30.02 30.66 49.49 2.6 149.59 12.11 218.77 46.95 10.62 5.35 23.21-1.94 23.21-13.46V100.63c0-5.29-2.62-10.14-7.27-12.99z\"><\/path><\/svg>\t\t\t\t\t\t<\/span>\n\t\t\t\t\t\t\t\t\t\t<span class=\"elementor-icon-list-text\">\u0411\u0440\u043e\u0448\u044e\u0440\u0430<\/span>\n\t\t\t\t\t\t\t\t\t\t\t<\/a>\n\t\t\t\t\t\t\t\t\t<\/li>\n\t\t\t\t\t\t<\/ul>\n\t\t\t\t\t\t<\/div>\n\t\t\t\t<\/div>\n\t\t\t\t<div class=\"elementor-element elementor-element-20a6792 elementor-align-center elementor-widget elementor-widget-button\" data-id=\"20a6792\" data-element_type=\"widget\" data-widget_type=\"button.default\">\n\t\t\t\t<div class=\"elementor-widget-container\">\n\t\t\t\t\t\t\t\t\t<div class=\"elementor-button-wrapper\">\n\t\t\t\t\t<a class=\"elementor-button elementor-button-link elementor-size-sm\" href=\"https:\/\/thesoulhotel.com\/ru\/%d0%ba%d0%b0%d0%ba-%d0%b4%d0%be%d0%b1%d1%80%d0%b0%d1%82%d1%8c%d1%81%d1%8f\/\">\n\t\t\t\t\t\t<span class=\"elementor-button-content-wrapper\">\n\t\t\t\t\t\t\t\t\t<span class=\"elementor-button-text\"> \u041a\u0410\u041a \u0414\u041e\u0411\u0420\u0410\u0422\u042c\u0421\u042f<\/span>\n\t\t\t\t\t<\/span>\n\t\t\t\t\t<\/a>\n\t\t\t\t<\/div>\n\t\t\t\t\t\t\t\t<\/div>\n\t\t\t\t<\/div>\n\t\t\t\t<div class=\"elementor-element elementor-element-1be8b41 elementor-widget elementor-widget-heading\" data-id=\"1be8b41\" data-element_type=\"widget\" data-widget_type=\"heading.default\">\n\t\t\t\t<div class=\"elementor-widget-container\">\n\t\t\t\t\t<h2 class=\"elementor-heading-title elementor-size-default\">\u0421\u043e\u0446\u0438\u0430\u043b\u044c\u043d\u044b\u0435 \u0441\u0435\u0442\u0438\n<\/h2>\t\t\t\t<\/div>\n\t\t\t\t<\/div>\n\t\t\t\t<div class=\"elementor-element elementor-element-8d2863e elementor-widget elementor-widget-html\" data-id=\"8d2863e\" data-element_type=\"widget\" data-widget_type=\"html.default\">\n\t\t\t\t<div class=\"elementor-widget-container\">\n\t\t\t\t\t<div style=\"display: flex; justify-content: center; align-items: center; gap: 15px; height: 100%;\">\r\n  <a href=\"https:\/\/www.facebook.com\/thesoulistanbul\/\" target=\"_blank\" aria-label=\"Facebook\" style=\"text-decoration: none; color: #c19b76;\">\r\n    <i class=\"fab fa-facebook fa-2x\"><\/i>\r\n  <\/a>\r\n  <a href=\"https:\/\/www.instagram.com\/thesoulhotel\/\" target=\"_blank\" aria-label=\"Instagram\" style=\"text-decoration: none; color: #c19b76;\">\r\n    <i class=\"fab fa-instagram fa-2x\"><\/i>\r\n  <\/a>\r\n  <a href=\"https:\/\/www.youtube.com\/@thesoulhotel2595\" target=\"_blank\" aria-label=\"YouTube\" style=\"text-decoration: none; color: #c19b76;\">\r\n    <i class=\"fab fa-youtube fa-2x\"><\/i>\r\n  <\/a>\r\n<\/div>\r\n\t\t\t\t<\/div>\n\t\t\t\t<\/div>\n\t\t\t\t\t<\/div>\n\t\t<\/div>\n\t\t\t\t<div class=\"elementor-column elementor-col-33 elementor-top-column elementor-element elementor-element-c8f9631\" data-id=\"c8f9631\" data-element_type=\"column\">\n\t\t\t<div class=\"elementor-widget-wrap elementor-element-populated\">\n\t\t\t\t\t\t<div class=\"elementor-element elementor-element-3f05508 elementor-widget elementor-widget-thim-icon-box\" data-id=\"3f05508\" data-element_type=\"widget\" data-widget_type=\"thim-icon-box.default\">\n\t\t\t\t<div class=\"elementor-widget-container\">\n\t\t\t\t\t<div class=\"inner-box auto-hidden\"><div  class=\"wrapper-box-icon text-center   wrapper-line-heading\" ><div class=\"smicon-box iconbox-top\"><div class=\"content-inner\" ><div class=\"sc-heading article_heading\"><h2 class = \"heading__primary\" >\u041a\u0443\u0434\u0430 \u043f\u043e\u0439\u0442\u0438\n<\/h2><span class=\"line-heading\"><span><\/span><\/span><\/div><div class=\"desc-icon-box\"><div style=\"font-weight: 300;\">\u0423\u043b\u0438\u0446\u0430 \u0418\u0441\u0442\u0438\u043a\u043b\u044f\u043b\u044c: 0,5 \u043a\u043c<br>\n\u041f\u043b\u043e\u0449\u0430\u0434\u044c \u0422\u0430\u043a\u0441\u0438\u043c: 0,7 \u043a\u043c<br>\n\u0421\u0442\u0430\u043d\u0446\u0438\u044f \u043c\u0435\u0442\u0440\u043e \u0422\u0430\u043a\u0441\u0438\u043c: 0,7 \u043a\u043c<br>\n\u0413\u0430\u043b\u0430\u0442\u0441\u043a\u0430\u044f \u0431\u0430\u0448\u043d\u044f: 0,9 \u043a\u043c<br>\nGalataport: 1,0 \u043a\u043c<br>\n\u0427\u0430\u0441\u043e\u0432\u0430\u044f \u0431\u0430\u0448\u043d\u044f \u0414\u043e\u043b\u043c\u0430\u0431\u0430\u0445\u0447\u0435: 1,5 \u043a\u043c<br>\n\u0414\u0432\u043e\u0440\u0435\u0446 \u0414\u043e\u043b\u043c\u0430\u0431\u0430\u0445\u0447\u0435: 1,9 \u043a\u043c<br>\n\u0415\u0433\u0438\u043f\u0435\u0442\u0441\u043a\u0438\u0439 \u0431\u0430\u0437\u0430\u0440: 1,9 \u043a\u043c<br>\n\u041c\u0435\u0447\u0435\u0442\u044c \u0421\u0443\u043b\u0435\u0439\u043c\u0430\u043d\u0438\u0435: 2,2 \u043a\u043c<br>\n\u0414\u0435\u0432\u0438\u0447\u044c\u044f \u0411\u0430\u0448\u043d\u044f: 2,3 \u043a\u043c<br>\n\u0426\u0438\u0441\u0442\u0435\u0440\u043d\u0430 \u0411\u0430\u0437\u0438\u043b\u0438\u043a\u0430: 2,6 \u043a\u043c<br>\n\u0424\u0440\u0430\u043d\u0446\u0443\u0437\u0441\u043a\u0430\u044f \u0443\u043b\u0438\u0446\u0430: 0,1 \u043a\u043c<br>\n\u0425\u0430\u043c\u0430\u043c \u0413\u0430\u043b\u0430\u0442\u0430\u0441\u0430\u0440\u0430\u0439: 0,1 \u043a\u043c<br>\n\u041c\u0443\u0437\u0435\u0439 \u043d\u0435\u0432\u0438\u043d\u043d\u043e\u0441\u0442\u0438: 0,1 \u043a\u043c<br>\n\u0426\u0432\u0435\u0442\u043e\u0447\u043d\u044b\u0439 \u043f\u0430\u0441\u0441\u0430\u0436: 0,3 \u043a\u043c<br>\n\u041b\u0438\u0446\u0435\u0439 \u0413\u0430\u043b\u0430\u0442\u0430\u0441\u0430\u0440\u0430\u0439: 0,3 \u043a\u043c<br>\n\u0422\u043e\u0440\u0433\u043e\u0432\u044b\u0439 \u0446\u0435\u043d\u0442\u0440 \u0414\u0435\u043c\u0438\u0440\u043e\u0440\u0435\u043d (Demir\u00f6ren): 0,3 \u043a\u043c<br>\n\u0421\u043e\u0431\u043e\u0440 \u0421\u0432\u044f\u0442\u043e\u0433\u043e \u0410\u043d\u0442\u043e\u043d\u0438\u044f \u041f\u0430\u0434\u0443\u0430\u043d\u0441\u043a\u043e\u0433\u043e: 0,3 \u043a\u043c<br>\n\u041a\u0430\u0444\u0435 Hard Rock Cafe Istanbul: 0,3 \u043a\u043c<br>\n\u0423\u043b\u0438\u0446\u0430 \u041d\u0435\u0432\u0438\u0437\u0430\u0434\u0435: 0,4 \u043a\u043c<br>\n\u041c\u0443\u0437\u0435\u0439 \u041f\u0435\u0440\u0430: 0,4 \u043a\u043c\n<\/div><\/div><\/div><\/div><!--end smicon-box--><\/div><\/div><style>\n\t.smicon-read:hover{\n\t\tcolor: !important;\n\t\tbackground: !important;\n\t}\n\t.smicon-box .boxes-icon:hover{\n\t\tcolor: !important;\n\t\tborder-color: !important;\n\t\tbackground-color:  !important;\n\t}\n\t.smicon-box .boxes-icon:hover .icon i{\n\t\tcolor: !important;\n\t}\n<\/style>\t\t\t\t<\/div>\n\t\t\t\t<\/div>\n\t\t\t\t\t<\/div>\n\t\t<\/div>\n\t\t\t\t<div class=\"elementor-column elementor-col-33 elementor-top-column elementor-element elementor-element-6d6f5e5\" data-id=\"6d6f5e5\" data-element_type=\"column\">\n\t\t\t<div class=\"elementor-widget-wrap elementor-element-populated\">\n\t\t\t\t\t\t<div class=\"elementor-element elementor-element-9ff6e03 elementor-widget elementor-widget-thim-icon-box\" data-id=\"9ff6e03\" data-element_type=\"widget\" data-widget_type=\"thim-icon-box.default\">\n\t\t\t\t<div class=\"elementor-widget-container\">\n\t\t\t\t\t<div class=\"inner-box auto-hidden\"><div  class=\"wrapper-box-icon text-center   wrapper-line-heading\" ><div class=\"smicon-box iconbox-top\"><div class=\"content-inner\" ><div class=\"sc-heading article_heading\"><h2 class = \"heading__primary\" >\u041e\u0442\u043f\u0440\u0430\u0432\u0438\u0442\u044c \u0441\u043e\u043e\u0431\u0449\u0435\u043d\u0438\u0435\n<\/h2><span class=\"line-heading\"><span><\/span><\/span><\/div><div class=\"desc-icon-box\"><div style=\"font-weight: normal;\">\u0417\u0430\u043f\u043e\u043b\u043d\u0438\u0442\u0435 \u0444\u043e\u0440\u043c\u0443 \u043e\u0431\u0440\u0430\u0442\u043d\u043e\u0439 \u0441\u0432\u044f\u0437\u0438, \u0447\u0442\u043e\u0431\u044b \u043c\u044b \u0441\u0432\u044f\u0437\u0430\u043b\u0438\u0441\u044c \u0441 \u0432\u0430\u043c\u0438.\n<\/div><\/div><\/div><\/div><!--end smicon-box--><\/div><\/div><style>\n\t.smicon-read:hover{\n\t\tcolor: !important;\n\t\tbackground: !important;\n\t}\n\t.smicon-box .boxes-icon:hover{\n\t\tcolor: !important;\n\t\tborder-color: !important;\n\t\tbackground-color:  !important;\n\t}\n\t.smicon-box .boxes-icon:hover .icon i{\n\t\tcolor: !important;\n\t}\n<\/style>\t\t\t\t<\/div>\n\t\t\t\t<\/div>\n\t\t\t\t<div class=\"elementor-element elementor-element-0786c7e elementor-widget elementor-widget-shortcode\" data-id=\"0786c7e\" data-element_type=\"widget\" data-widget_type=\"shortcode.default\">\n\t\t\t\t<div class=\"elementor-widget-container\">\n\t\t\t\t\t\t\t<div class=\"elementor-shortcode\">\n<div class=\"wpcf7 no-js\" id=\"wpcf7-f8157-o1\" lang=\"tr-TR\" dir=\"ltr\" data-wpcf7-id=\"8157\">\n<div class=\"screen-reader-response\"><p role=\"status\" aria-live=\"polite\" aria-atomic=\"true\"><\/p> <ul><\/ul><\/div>\n<form action=\"\/ru\/wp-json\/wp\/v2\/pages\/8837#wpcf7-f8157-o1\" method=\"post\" class=\"wpcf7-form init\" aria-label=\"\u0130leti\u015fim Formu\" novalidate=\"novalidate\" data-status=\"init\">\n<div style=\"display: none;\">\n<input type=\"hidden\" name=\"_wpcf7\" value=\"8157\" \/>\n<input type=\"hidden\" name=\"_wpcf7_version\" value=\"6.0.4\" \/>\n<input type=\"hidden\" name=\"_wpcf7_locale\" value=\"tr_TR\" \/>\n<input type=\"hidden\" name=\"_wpcf7_unit_tag\" value=\"wpcf7-f8157-o1\" \/>\n<input type=\"hidden\" name=\"_wpcf7_container_post\" value=\"0\" \/>\n<input type=\"hidden\" name=\"_wpcf7_posted_data_hash\" value=\"\" \/>\n<input type=\"hidden\" name=\"_wpcf7_recaptcha_response\" value=\"\" \/>\n<\/div>\n<div style=\"padding:20px; max-width:375px; background-color: #fff;\">\n\t<h3>Contact Us\n\t<\/h3>\n\t<div class=\"row\">\n\t\t<div class=\"col-sm-6\">\n\t\t\t<p><span class=\"wpcf7-form-control-wrap\" data-name=\"your-name\"><input size=\"40\" maxlength=\"400\" class=\"wpcf7-form-control wpcf7-text wpcf7-validates-as-required\" aria-required=\"true\" aria-invalid=\"false\" placeholder=\"Full Name *\" value=\"\" type=\"text\" name=\"your-name\" \/><\/span>\n\t\t\t<\/p>\n\t\t<\/div>\n\t\t<div class=\"col-sm-6\">\n\t\t\t<p><span class=\"wpcf7-form-control-wrap\" data-name=\"your-email\"><input size=\"40\" maxlength=\"400\" class=\"wpcf7-form-control wpcf7-email wpcf7-validates-as-required wpcf7-text wpcf7-validates-as-email\" aria-required=\"true\" aria-invalid=\"false\" placeholder=\"E-Mail Address*\" value=\"\" type=\"email\" name=\"your-email\" \/><\/span>\n\t\t\t<\/p>\n\t\t<\/div>\n\t<\/div>\n\t<div class=\"row\">\n\t\t<div class=\"col-sm-12\">\n\t\t\t<p><span class=\"wpcf7-form-control-wrap\" data-name=\"your-subject\"><input size=\"40\" maxlength=\"400\" class=\"wpcf7-form-control wpcf7-text wpcf7-validates-as-required\" aria-required=\"true\" aria-invalid=\"false\" placeholder=\"Subject*\" value=\"\" type=\"text\" name=\"your-subject\" \/><\/span>\n\t\t\t<\/p>\n\t\t<\/div>\n\t<\/div>\n\t<div class=\"row\">\n\t\t<div class=\"col-sm-12\">\n\t\t\t<p><span class=\"wpcf7-form-control-wrap\" data-name=\"your-message\"><textarea cols=\"40\" rows=\"5\" maxlength=\"2000\" class=\"wpcf7-form-control wpcf7-textarea wpcf7-validates-as-required\" aria-required=\"true\" aria-invalid=\"false\" placeholder=\"Your Message *\" name=\"your-message\"><\/textarea><\/span>\n\t\t\t<\/p>\n\t\t<\/div>\n\t<\/div>\n\t<p><input class=\"wpcf7-form-control wpcf7-submit has-spinner\" type=\"submit\" value=\"Send Message\" \/>\n\t<\/p>\n<\/div><div class=\"wpcf7-response-output\" aria-hidden=\"true\"><\/div>\n<\/form>\n<\/div>\n<\/div>\n\t\t\t\t\t\t<\/div>\n\t\t\t\t<\/div>\n\t\t\t\t\t<\/div>\n\t\t<\/div>\n\t\t\t\t\t<\/div>\n\t\t<\/section>\n\t\t\t\t<section class=\"elementor-section elementor-top-section elementor-element elementor-element-202f63c elementor-section-stretched elementor-section-full_width elementor-section-height-default elementor-section-height-default\" data-id=\"202f63c\" data-element_type=\"section\" data-settings=\"{&quot;stretch_section&quot;:&quot;section-stretched&quot;}\">\n\t\t\t\t\t\t<div class=\"elementor-container elementor-column-gap-default\">\n\t\t\t\t\t<div class=\"elementor-column elementor-col-100 elementor-top-column elementor-element elementor-element-b07328a\" data-id=\"b07328a\" data-element_type=\"column\">\n\t\t\t<div class=\"elementor-widget-wrap elementor-element-populated\">\n\t\t\t\t\t\t<div class=\"elementor-element elementor-element-b84dafb elementor-widget elementor-widget-html\" data-id=\"b84dafb\" data-element_type=\"widget\" data-widget_type=\"html.default\">\n\t\t\t\t<div class=\"elementor-widget-container\">\n\t\t\t\t\t<iframe src=\"https:\/\/www.google.com\/maps\/embed?pb=!1m18!1m12!1m3!1d82571.50299917952!2d28.91419569756845!3d41.02384672835271!2m3!1f0!2f0!3f0!3m2!1i1024!2i768!4f13.1!3m3!1m2!1s0x14cab7f4f4bb718f%3A0x4581c71c77582bac!2sThe%20Soul%20Hotel!5e0!3m2!1str!2str!4v1727942080117!5m2!1str!2str\" width=\"100%\" height=\"650\" style=\"border:0;\" allowfullscreen=\"\" loading=\"lazy\" referrerpolicy=\"no-referrer-when-downgrade\"><\/iframe>\t\t\t\t<\/div>\n\t\t\t\t<\/div>\n\t\t\t\t\t<\/div>\n\t\t<\/div>\n\t\t\t\t\t<\/div>\n\t\t<\/section>\n\t\t\t\t<\/div>\n\t\t","protected":false},"excerpt":{"rendered":"<p>\u041a\u043e\u043d\u0442\u0430\u043a\u0442\u044b Kulo\u011flu Mh. Faik Pa\u015fa Cd. No:28, 34433 Beyo\u011flu Istanbul \/ Turkey Call. +90 (212) 251 25 34 Whatsapp. +90 (533) 158 59 55 Email. info@thesoulhotel.com \u0411\u0440\u043e\u0448\u044e\u0440\u0430 \u041a\u0410\u041a \u0414\u041e\u0411\u0420\u0410\u0422\u042c\u0421\u042f \u0421\u043e\u0446\u0438\u0430\u043b\u044c\u043d\u044b\u0435 \u0441\u0435\u0442\u0438 \u041a\u0443\u0434\u0430 \u043f\u043e\u0439\u0442\u0438 \u0423\u043b\u0438\u0446\u0430 \u0418\u0441\u0442\u0438\u043a\u043b\u044f\u043b\u044c: 0,5 \u043a\u043c \u041f\u043b\u043e\u0449\u0430\u0434\u044c \u0422\u0430\u043a\u0441\u0438\u043c: 0,7 \u043a\u043c \u0421\u0442\u0430\u043d\u0446\u0438\u044f \u043c\u0435\u0442\u0440\u043e \u0422\u0430\u043a\u0441\u0438\u043c: 0,7 \u043a\u043c \u0413\u0430\u043b\u0430\u0442\u0441\u043a\u0430\u044f \u0431\u0430\u0448\u043d\u044f: 0,9 \u043a\u043c Galataport: 1,0 \u043a\u043c \u0427\u0430\u0441\u043e\u0432\u0430\u044f \u0431\u0430\u0448\u043d\u044f [&hellip;]<\/p>\n","protected":false},"author":1,"featured_media":0,"parent":0,"menu_order":0,"comment_status":"closed","ping_status":"closed","template":"","meta":{"_acf_changed":false,"footnotes":""},"class_list":["post-8837","page","type-page","status-publish","hentry"],"acf":[],"_links":{"self":[{"href":"https:\/\/thesoulhotel.com\/ru\/wp-json\/wp\/v2\/pages\/8837","targetHints":{"allow":["GET"]}}],"collection":[{"href":"https:\/\/thesoulhotel.com\/ru\/wp-json\/wp\/v2\/pages"}],"about":[{"href":"https:\/\/thesoulhotel.com\/ru\/wp-json\/wp\/v2\/types\/page"}],"author":[{"embeddable":true,"href":"https:\/\/thesoulhotel.com\/ru\/wp-json\/wp\/v2\/users\/1"}],"replies":[{"embeddable":true,"href":"https:\/\/thesoulhotel.com\/ru\/wp-json\/wp\/v2\/comments?post=8837"}],"version-history":[{"count":13,"href":"https:\/\/thesoulhotel.com\/ru\/wp-json\/wp\/v2\/pages\/8837\/revisions"}],"predecessor-version":[{"id":9499,"href":"https:\/\/thesoulhotel.com\/ru\/wp-json\/wp\/v2\/pages\/8837\/revisions\/9499"}],"wp:attachment":[{"href":"https:\/\/thesoulhotel.com\/ru\/wp-json\/wp\/v2\/media?parent=8837"}],"curies":[{"name":"wp","href":"https:\/\/api.w.org\/{rel}","templated":true}]}}